{"id":771315,"date":"2025-08-28T15:01:12","date_gmt":"2025-08-28T12:01:12","guid":{"rendered":"https:\/\/roveyayinevi.com.tr\/index.php\/urun\/islamiyetin-ve-dini-hukumlerin-guzellikleri\/"},"modified":"2026-04-15T03:37:42","modified_gmt":"2026-04-15T00:37:42","slug":"islamiyetin-ve-dini-hukumlerin-guzellikleri","status":"publish","type":"product","link":"https:\/\/roveyayinevi.com.tr\/index.php\/urun\/islamiyetin-ve-dini-hukumlerin-guzellikleri\/","title":{"rendered":"\u0130slamiyetin ve Dini H\u00fck\u00fcmlerin G\u00fczellikleri"},"content":{"rendered":"<p>Al\u00e2eddin el-Buh\u00e2r\u00ee\u2019nin dilimize \u0130sl\u00e2miyet\u2019in ve Din\u00ee H\u00fck\u00fcmlerin G\u00fczellikleri ismiyle kazand\u0131r\u0131lan bu eseri, \u0130slam dininin temel ilkelerini derinlemesine ke\u015ffeden ve hikmetle a\u00e7\u0131klayan bir ba\u015fyap\u0131tt\u0131r. M\u00fcellif, din\u00ee h\u00fck\u00fcmlerin felsefi temellerini ve mant\u0131\u011f\u0131n\u0131, her okuyucunun kolayca benimseyece\u011fi bir \u00fcslup ile sunar. Eserde, \u0130sl\u00e2m\u2019\u0131n \u00f6\u011fretilerinin insan f\u0131trat\u0131yla ne kadar uyumlu oldu\u011funa vurgu yap\u0131l\u0131r ve bu dinin emir ve yasaklar\u0131n\u0131n, insan\u0131n zorlanmadan yerine getirebilece\u011fi y\u00fck\u00fcml\u00fcl\u00fckler oldu\u011fu vurgulan\u0131r. Al\u00e2eddin el-Buh\u00e2r\u00ee, bir yandan ayet ve hadisler ile din\u00ee esaslar\u0131 peki\u015ftirirken di\u011fer yandan hik\u00e2ye ve menk\u0131belerle okuyucuya ilham verir; nazik ve etkileyici te\u015fbihler kullanarak da konular\u0131 somutla\u015ft\u0131r\u0131r. \u0130sl\u00e2miyet\u2019in ve Din\u00ee H\u00fck\u00fcmlerin G\u00fczellikleri, din\u00ee hukuk ve ahlak\u0131n hayatta nas\u0131l uygulanabilece\u011fi hakk\u0131nda derinlemesine bir anlay\u0131\u015f kazand\u0131r\u0131rken insan\u0131 hem d\u00fcnyada hem de ahirette huzur bulmaya davet eder. <\/p>\n","protected":false},"excerpt":{"rendered":"<p>Al\u00e2eddin el-Buh\u00e2r\u00ee\u2019nin dilimize \u0130sl\u00e2miyet\u2019in ve Din\u00ee H\u00fck\u00fcmlerin G\u00fczellikleri ismiyle kazand\u0131r\u0131lan bu eseri, \u0130slam dininin temel ilkelerini derinlemesine ke\u015ffeden ve hikmetle a\u00e7\u0131klayan bir ba\u015fyap\u0131tt\u0131r. M\u00fcellif, din\u00ee h\u00fck\u00fcmlerin<span class=\"excerpt-hellip\"> [\u2026]<\/span><\/p>\n","protected":false},"featured_media":0,"template":"","meta":{"_monsterinsights_skip_tracking":false,"_monsterinsights_sitenote_active":false,"_monsterinsights_sitenote_note":"","_monsterinsights_sitenote_category":0},"product_brand":[],"product_cat":[12718,12719],"product_tag":[],"class_list":{"0":"post-771315","1":"product","2":"type-product","3":"status-publish","5":"product_cat-din","6":"product_cat-islam","7":"pa_cilt-ciltsiz","8":"pa_tur-kitap","9":"pa_yayinevi-albaraka-yayinlari","10":"pa_yazar-alaeddin-el-buhari","12":"first","13":"instock","14":"sale","15":"shipping-taxable","16":"purchasable","17":"product-type-simple"},"_links":{"self":[{"href":"https:\/\/roveyayinevi.com.tr\/index.php\/wp-json\/wp\/v2\/product\/771315","targetHints":{"allow":["GET"]}}],"collection":[{"href":"https:\/\/roveyayinevi.com.tr\/index.php\/wp-json\/wp\/v2\/product"}],"about":[{"href":"https:\/\/roveyayinevi.com.tr\/index.php\/wp-json\/wp\/v2\/types\/product"}],"wp:attachment":[{"href":"https:\/\/roveyayinevi.com.tr\/index.php\/wp-json\/wp\/v2\/media?parent=771315"}],"wp:term":[{"taxonomy":"product_brand","embeddable":true,"href":"https:\/\/roveyayinevi.com.tr\/index.php\/wp-json\/wp\/v2\/product_brand?post=771315"},{"taxonomy":"product_cat","embeddable":true,"href":"https:\/\/roveyayinevi.com.tr\/index.php\/wp-json\/wp\/v2\/product_cat?post=771315"},{"taxonomy":"product_tag","embeddable":true,"href":"https:\/\/roveyayinevi.com.tr\/index.php\/wp-json\/wp\/v2\/product_tag?post=771315"}],"curies":[{"name":"wp","href":"https:\/\/api.w.org\/{rel}","templated":true}]}}