{"id":771311,"date":"2025-08-28T15:01:05","date_gmt":"2025-08-28T12:01:05","guid":{"rendered":"https:\/\/roveyayinevi.com.tr\/index.php\/urun\/son-bir-maca-var-misin\/"},"modified":"2026-04-15T03:37:42","modified_gmt":"2026-04-15T00:37:42","slug":"son-bir-maca-var-misin","status":"publish","type":"product","link":"https:\/\/roveyayinevi.com.tr\/index.php\/urun\/son-bir-maca-var-misin\/","title":{"rendered":"Son Bir Ma\u00e7a Var m\u0131s\u0131n ?"},"content":{"rendered":"<p>Sevgili \u00c7a\u011flar\u2019\u0131n kaleminden yine hepimizin an\u0131lar\u0131nda var olan ama \u00e7o\u011funu bildi\u011fimiz fakat unuttu\u011fumuz spor ve siyasetin harmanland\u0131\u011f\u0131 harika bir kitap. Ayr\u0131ca spor ve siyasetin yan\u0131nda beni en \u00e7ok etkileyen \u2018\u2018Felicita Mehmet\u2019in\u2019\u2019 hikayesi oldu.  Mutlaka okuyun! Bir gecede b\u00fcy\u00fck bir keyifle okuyup tamamlayaca\u011f\u0131n\u0131z harika bir kitap\u2026 Efe Aydan \u00c7a\u011flar bu kitab\u0131n tasla\u011f\u0131n\u0131 g\u00f6nderdi\u011finde profesyonel olarak basketbola ba\u015flamadan \u00f6nce lise sahas\u0131nda yapt\u0131\u011f\u0131m\u0131z ma\u00e7lar geldi akl\u0131ma. Mahallede akranlar\u0131mdan uzun oldu\u011fum i\u00e7in benim oldu\u011fum tak\u0131m\u0131n kar\u015f\u0131s\u0131ndaki tak\u0131m hem potay\u0131 hem de ilk topu al\u0131rd\u0131. Yoksa beni oynatmazlard\u0131 uzunum diye. Adam al\u0131n\u0131rken de ilk se\u00e7ilen ben olurdum beni alan tak\u0131m arkada\u015flar\u0131m da potay\u0131 ve topu vermeyi kabul ederlerdi. \u00c7\u00fcnk\u00fc yenilmezdik ve ma\u00e7 sonunda iddiaya konu olan me\u015frubat\u0131 da i\u00e7en hep biz olurduk. \u201cSon Bir Ma\u00e7a Var M\u0131s\u0131n?\u201d k\u00e2h dal\u0131p gitti\u011fim k\u00e2h tebess\u00fcm etti\u011fim k\u00e2h h\u00fcz\u00fcnlendi\u011fim ama bir \u00e7\u0131rp\u0131da okudu\u011fum bir kitap oldu. Her basketbol oynam\u0131\u015f sporcunun ayn\u0131s\u0131 olmasa da ya\u015fad\u0131\u011f\u0131 an\u0131lar\u0131 hat\u0131rlatan dopdolu bir kitap. Sevgili \u00c7a\u011flar, ileri de \u00e7\u0131kacak kitaplar\u0131n\u0131 da sab\u0131rs\u0131zl\u0131kla bekliyor olaca\u011f\u0131m\u2026 Tamer Oygu\u00e7   Ellerine ruhuna sa\u011fl\u0131k Sevgili \u00c7a\u011flar. \u201cYay\u0131mlanmam\u0131\u015f bilgi seninle ebediyete g\u00f6\u00e7er\u2019\u2019 derdi ODT\u00dc\u2019de hocam\u0131z, Prof. Dr. U\u011fur Ersoy. \u00c7a\u011flar eme\u011fini, kalbini vererek, bilgilerini payla\u015farak, iz b\u0131rakt\u0131 gelecek nesillere. Mevlana\u2019n\u0131n kentinde, T\u00fcrkiye Basketbol Ligi\u2019nin zirvelerinde oynamak, Avrupa Kupalar\u0131\u2019nda, \u201cKonya\u201d ad\u0131n\u0131 son 8\u2019lere ta\u015f\u0131mak, o ba\u015far\u0131lar\u0131n par\u00e7as\u0131 olarak donan\u0131mlar\u0131n\u0131 kaleme ald\u0131\u011f\u0131 kitab\u0131ndan bir\u00e7ok \u015fey aktar\u0131yor bizlere\u2026 Zevkle okurken, inan\u0131yorum \u201cAnadolu\u2019nun her il\u00e7esinde bir basketbol tak\u0131m\u0131 olmas\u0131n\u0131 haketmiyor mu?\u201d diye d\u00fc\u015f\u00fcnmeden de edemeyeceksiniz\u2026 Murat Didin <\/p>\n","protected":false},"excerpt":{"rendered":"<p>Sevgili \u00c7a\u011flar\u2019\u0131n kaleminden yine hepimizin an\u0131lar\u0131nda var olan ama \u00e7o\u011funu bildi\u011fimiz fakat unuttu\u011fumuz spor ve siyasetin harmanland\u0131\u011f\u0131 harika bir kitap. Ayr\u0131ca spor ve siyasetin yan\u0131nda beni<span class=\"excerpt-hellip\"> [\u2026]<\/span><\/p>\n","protected":false},"featured_media":0,"template":"","meta":{"_monsterinsights_skip_tracking":false,"_monsterinsights_sitenote_active":false,"_monsterinsights_sitenote_note":"","_monsterinsights_sitenote_category":0},"product_brand":[],"product_cat":[13590,12337],"product_tag":[],"class_list":{"0":"post-771311","1":"product","2":"type-product","3":"status-publish","5":"product_cat-arastirma-inceleme-politika-siyaset","6":"product_cat-politika-siyaset","7":"pa_cilt-ciltsiz","8":"pa_tur-kitap","9":"pa_yayinevi-karinca-yayinlari","10":"pa_yazar-a-caglar-bastoklu","12":"first","13":"instock","14":"sale","15":"shipping-taxable","16":"purchasable","17":"product-type-simple"},"_links":{"self":[{"href":"https:\/\/roveyayinevi.com.tr\/index.php\/wp-json\/wp\/v2\/product\/771311","targetHints":{"allow":["GET"]}}],"collection":[{"href":"https:\/\/roveyayinevi.com.tr\/index.php\/wp-json\/wp\/v2\/product"}],"about":[{"href":"https:\/\/roveyayinevi.com.tr\/index.php\/wp-json\/wp\/v2\/types\/product"}],"wp:attachment":[{"href":"https:\/\/roveyayinevi.com.tr\/index.php\/wp-json\/wp\/v2\/media?parent=771311"}],"wp:term":[{"taxonomy":"product_brand","embeddable":true,"href":"https:\/\/roveyayinevi.com.tr\/index.php\/wp-json\/wp\/v2\/product_brand?post=771311"},{"taxonomy":"product_cat","embeddable":true,"href":"https:\/\/roveyayinevi.com.tr\/index.php\/wp-json\/wp\/v2\/product_cat?post=771311"},{"taxonomy":"product_tag","embeddable":true,"href":"https:\/\/roveyayinevi.com.tr\/index.php\/wp-json\/wp\/v2\/product_tag?post=771311"}],"curies":[{"name":"wp","href":"https:\/\/api.w.org\/{rel}","templated":true}]}}