{"id":771307,"date":"2025-08-28T15:00:57","date_gmt":"2025-08-28T12:00:57","guid":{"rendered":"https:\/\/roveyayinevi.com.tr\/index.php\/urun\/ben-annemin-hecesiyim\/"},"modified":"2026-04-15T03:37:42","modified_gmt":"2026-04-15T00:37:42","slug":"ben-annemin-hecesiyim","status":"publish","type":"product","link":"https:\/\/roveyayinevi.com.tr\/index.php\/urun\/ben-annemin-hecesiyim\/","title":{"rendered":"Ben Annemin Hecesiyim"},"content":{"rendered":"<p>S\u00f6zc\u00fcklerle say\u0131lar\u0131n, \u015fiirle matemati\u011fin, do\u011fayla insan kalbinin, anneyle \u00f6\u011fretmenin derin ba\u011f\u0131n\u0131 b\u00fcy\u00fcl\u00fc bir anlat\u0131mla akl\u0131m\u0131za ve y\u00fcre\u011fimize i\u015fliyor \u015e\u00fckr\u00fc Erba\u015f. Ben Annemin Hecesiyim ne kadar \u00e7ocuk kitab\u0131ysa o kadar gen\u00e7 kitab\u0131, ne kadar gen\u00e7 kitab\u0131ysa o kadar yeti\u015fkin kitab\u0131. Anne babalarla \u00e7ocuklar\u0131n, \u00f6\u011fretmenlerle \u00f6\u011frencilerin birlikte okuyacaklar\u0131 bu kitab\u0131 heyecanla okurlar\u0131m\u0131za sunuyoruz. <\/p>\n","protected":false},"excerpt":{"rendered":"<p>S\u00f6zc\u00fcklerle say\u0131lar\u0131n, \u015fiirle matemati\u011fin, do\u011fayla insan kalbinin, anneyle \u00f6\u011fretmenin derin ba\u011f\u0131n\u0131 b\u00fcy\u00fcl\u00fc bir anlat\u0131mla akl\u0131m\u0131za ve y\u00fcre\u011fimize i\u015fliyor \u015e\u00fckr\u00fc Erba\u015f. Ben Annemin Hecesiyim ne kadar \u00e7ocuk<span class=\"excerpt-hellip\"> [\u2026]<\/span><\/p>\n","protected":false},"featured_media":0,"template":"","meta":{"_monsterinsights_skip_tracking":false,"_monsterinsights_sitenote_active":false,"_monsterinsights_sitenote_note":"","_monsterinsights_sitenote_category":0},"product_brand":[],"product_cat":[12274,12284],"product_tag":[],"class_list":{"0":"post-771307","1":"product","2":"type-product","3":"status-publish","5":"product_cat-cocuk-ve-genclik-kitaplari","6":"product_cat-hikayeler","7":"pa_cilt-ciltsiz","8":"pa_tur-kitap","9":"pa_yayinevi-kirmizi-kedi-yayinevi","10":"pa_yazar-sukru-erbas","12":"first","13":"instock","14":"sale","15":"shipping-taxable","16":"purchasable","17":"product-type-simple"},"_links":{"self":[{"href":"https:\/\/roveyayinevi.com.tr\/index.php\/wp-json\/wp\/v2\/product\/771307","targetHints":{"allow":["GET"]}}],"collection":[{"href":"https:\/\/roveyayinevi.com.tr\/index.php\/wp-json\/wp\/v2\/product"}],"about":[{"href":"https:\/\/roveyayinevi.com.tr\/index.php\/wp-json\/wp\/v2\/types\/product"}],"wp:attachment":[{"href":"https:\/\/roveyayinevi.com.tr\/index.php\/wp-json\/wp\/v2\/media?parent=771307"}],"wp:term":[{"taxonomy":"product_brand","embeddable":true,"href":"https:\/\/roveyayinevi.com.tr\/index.php\/wp-json\/wp\/v2\/product_brand?post=771307"},{"taxonomy":"product_cat","embeddable":true,"href":"https:\/\/roveyayinevi.com.tr\/index.php\/wp-json\/wp\/v2\/product_cat?post=771307"},{"taxonomy":"product_tag","embeddable":true,"href":"https:\/\/roveyayinevi.com.tr\/index.php\/wp-json\/wp\/v2\/product_tag?post=771307"}],"curies":[{"name":"wp","href":"https:\/\/api.w.org\/{rel}","templated":true}]}}