{"id":771302,"date":"2025-08-28T15:00:50","date_gmt":"2025-08-28T12:00:50","guid":{"rendered":"https:\/\/roveyayinevi.com.tr\/index.php\/urun\/yatirimcilar-icin-portfoy-yonetimi-teorisi-ve-uygulamalari\/"},"modified":"2026-04-15T03:37:42","modified_gmt":"2026-04-15T00:37:42","slug":"yatirimcilar-icin-portfoy-yonetimi-teorisi-ve-uygulamalari","status":"publish","type":"product","link":"https:\/\/roveyayinevi.com.tr\/index.php\/urun\/yatirimcilar-icin-portfoy-yonetimi-teorisi-ve-uygulamalari\/","title":{"rendered":"Yat\u0131r\u0131mc\u0131lar \u0130\u00e7in Portf\u00f6y Y\u00f6netimi Teorisi ve Uygulamalar\u0131"},"content":{"rendered":"<p>B\u00d6L\u00dcM 1 Portf\u00f6y Y\u00f6netimi ve Teorileri   B\u00d6L\u00dcM 2 Beta Katsay\u0131s\u0131na Dayal\u0131 Optimal Portf\u00f6y Olu\u015fumu ve Performans Analizi   B\u00d6L\u00dcM 3 Etkin Piyasalar Hipotezinden Sapmalar: Anomaliler   B\u00d6L\u00dcM 4 Hisse Senedi Yat\u0131r\u0131m Fonlar\u0131n\u0131n Yat\u0131r\u0131m Tarzlar\u0131n\u0131n Piyasa \u00c7arpanlar\u0131na Dayal\u0131 Olarak Ara\u015ft\u0131r\u0131lmas\u0131   B\u00d6L\u00dcM 5 Pay Senedi Yat\u0131r\u0131mlar\u0131nda Teknik Analiz G\u00f6stergelerinin Performans\u0131n\u0131n Test Edilmesi: B\u0130ST30 \u015eirketleri \u00dczerine Bir Uygulama   B\u00d6L\u00dcM 6 Portf\u00f6y Performans \u00d6l\u00e7\u00fcm Metotlar\u0131 ve Borsa \u0130stanbul Endeksleri \u00dczerine Uygulama   B\u00d6L\u00dcM 7 Aktif Y\u00f6netilen Portf\u00f6ylerde \u0130zleme Hatas\u0131 ve \u0130zleme Fark\u0131 ile Performans \u00d6l\u00e7\u00fcm\u00fc   B\u00d6L\u00dcM 8 Algoritmik Optimum Yat\u0131r\u0131m S\u00fcresi: Kripto Para Uygulamas\u0131 <\/p>\n","protected":false},"excerpt":{"rendered":"<p>B\u00d6L\u00dcM 1 Portf\u00f6y Y\u00f6netimi ve Teorileri B\u00d6L\u00dcM 2 Beta Katsay\u0131s\u0131na Dayal\u0131 Optimal Portf\u00f6y Olu\u015fumu ve Performans Analizi B\u00d6L\u00dcM 3 Etkin Piyasalar Hipotezinden Sapmalar: Anomaliler B\u00d6L\u00dcM 4<span class=\"excerpt-hellip\"> [\u2026]<\/span><\/p>\n","protected":false},"featured_media":0,"template":"","meta":{"_monsterinsights_skip_tracking":false,"_monsterinsights_sitenote_active":false,"_monsterinsights_sitenote_note":"","_monsterinsights_sitenote_category":0},"product_brand":[],"product_cat":[13043,17647],"product_tag":[],"class_list":{"0":"post-771302","1":"product","2":"type-product","3":"status-publish","5":"product_cat-ekonomi","6":"product_cat-is-dunyasi","7":"pa_cilt-ciltsiz","8":"pa_tur-kitap","9":"pa_yayinevi-gazi-kitabevi","10":"pa_yazar-kolektif","12":"first","13":"instock","14":"sale","15":"shipping-taxable","16":"purchasable","17":"product-type-simple"},"_links":{"self":[{"href":"https:\/\/roveyayinevi.com.tr\/index.php\/wp-json\/wp\/v2\/product\/771302","targetHints":{"allow":["GET"]}}],"collection":[{"href":"https:\/\/roveyayinevi.com.tr\/index.php\/wp-json\/wp\/v2\/product"}],"about":[{"href":"https:\/\/roveyayinevi.com.tr\/index.php\/wp-json\/wp\/v2\/types\/product"}],"wp:attachment":[{"href":"https:\/\/roveyayinevi.com.tr\/index.php\/wp-json\/wp\/v2\/media?parent=771302"}],"wp:term":[{"taxonomy":"product_brand","embeddable":true,"href":"https:\/\/roveyayinevi.com.tr\/index.php\/wp-json\/wp\/v2\/product_brand?post=771302"},{"taxonomy":"product_cat","embeddable":true,"href":"https:\/\/roveyayinevi.com.tr\/index.php\/wp-json\/wp\/v2\/product_cat?post=771302"},{"taxonomy":"product_tag","embeddable":true,"href":"https:\/\/roveyayinevi.com.tr\/index.php\/wp-json\/wp\/v2\/product_tag?post=771302"}],"curies":[{"name":"wp","href":"https:\/\/api.w.org\/{rel}","templated":true}]}}