{"id":771299,"date":"2025-08-28T15:00:46","date_gmt":"2025-08-28T12:00:46","guid":{"rendered":"https:\/\/roveyayinevi.com.tr\/index.php\/urun\/gunduz-ruyalari-geyikli-gece-daydreams-the-night-of-the-deer-bir-arada-together-turkce-ingilizce\/"},"modified":"2026-04-15T03:37:42","modified_gmt":"2026-04-15T00:37:42","slug":"gunduz-ruyalari-geyikli-gece-daydreams-the-night-of-the-deer-bir-arada-together-turkce-ingilizce","status":"publish","type":"product","link":"https:\/\/roveyayinevi.com.tr\/index.php\/urun\/gunduz-ruyalari-geyikli-gece-daydreams-the-night-of-the-deer-bir-arada-together-turkce-ingilizce\/","title":{"rendered":"G\u00fcnd\u00fcz R\u00fcyalar\u0131 &#8211; Geyikli Gece Daydreams \u2013 The Night of the Deer Bir Arada \/ Together (T\u00fcrk\u00e7e \u2013 \u0130ngilizce)"},"content":{"rendered":"<p>Yap\u0131 Kredi K\u00fclt\u00fcr Sanat taraf\u0131ndan ikincisi d\u00fczenlenen B\u0130R ARADA sergi dizisi bu kez 90\u2019lardan bu yana \u00fcreten ve ayn\u0131 ku\u015faktan \u0130stanbullu iki sanat\u00e7\u0131ya odaklan\u0131yor: Fulya \u00c7etin ve \u0130lhan Say\u0131n. 9 May\u0131s 2025 &#8211; 4 Ocak 2026 tarihleri aras\u0131nda Didem Yaz\u0131c\u0131 k\u00fcrat\u00f6rl\u00fc\u011f\u00fcnde d\u00fczenlenen Fulya \u00c7etin: G\u00fcnd\u00fcz R\u00fcyalar\u0131 &#8211; \u0130lhan Say\u0131n: Geyikli Gece sergilerindeki eserleri ve k\u00fcrat\u00f6ryel yakla\u015f\u0131m\u0131 inceleme \u015fans\u0131 sunan bu kitap, \u00e7evresel adaletsizlikler, toplumsal cinsiyet e\u015fitsizli\u011fi ve s\u00f6m\u00fcr\u00fc bi\u00e7imleri gibi konulara de\u011finiyor. \u0130lhan Say\u0131n, ad\u0131n\u0131 Turgut Uyar\u2019\u0131n Geyikli Gece \u015fiirinden alan sergisinde do\u011fan\u0131n direni\u015fine, zaman\u0131n ge\u00e7icili\u011fine ve mimariye yo\u011funla\u015f\u0131rken Fulya \u00c7etin kad\u0131n ve do\u011fan\u0131n varolu\u015f\u0327 m\u00fccadelesindeki ortakl\u0131\u011f\u0131n\u0131 vurguluyor.The second edition of the exhibition series TOGETHER, organized by Yap\u0131 Kredi Culture and Arts, focuses this time on two Istanbul-based artists of the same generation who have been active since the 1990s: Fulya \u00c7etin and \u0130lhan Say\u0131n. Curated by Didem Yaz\u0131c\u0131, the exhibitions Fulya \u00c7etin: Daydreams and \u0130lhan Say\u0131n: The Night of the Deer, on view from May 9, 2025, through January 4, 2026, are accompanied by this publication, which offers an in-depth look at the artworks and curatorial approach. The book touches on pressing issues such as environmental injustice, gender inequality, and systems of exploitation. In his exhibition, named after Turgut Uyar\u2019s iconic poem The Night of the Deer, \u0130lhan Say\u0131n explores nature\u2019s resistance, the transience of time, and architecture. Fulya \u00c7etin, meanwhile, emphasizes the shared struggle for existence between women and nature.<\/p>\n","protected":false},"excerpt":{"rendered":"<p>Yap\u0131 Kredi K\u00fclt\u00fcr Sanat taraf\u0131ndan ikincisi d\u00fczenlenen B\u0130R ARADA sergi dizisi bu kez 90\u2019lardan bu yana \u00fcreten ve ayn\u0131 ku\u015faktan \u0130stanbullu iki sanat\u00e7\u0131ya odaklan\u0131yor: Fulya \u00c7etin<span class=\"excerpt-hellip\"> [\u2026]<\/span><\/p>\n","protected":false},"featured_media":0,"template":"","meta":{"_monsterinsights_skip_tracking":false,"_monsterinsights_sitenote_active":false,"_monsterinsights_sitenote_note":"","_monsterinsights_sitenote_category":0},"product_brand":[],"product_cat":[44608,12408],"product_tag":[],"class_list":{"0":"post-771299","1":"product","2":"type-product","3":"status-publish","5":"product_cat-diger-sanat","6":"product_cat-sanat","7":"pa_cilt-ciltsiz","8":"pa_tur-kitap","9":"pa_yayinevi-yapi-kredi-yayinlari-sanat","10":"pa_yazar-kolektif","12":"first","13":"instock","14":"sale","15":"shipping-taxable","16":"purchasable","17":"product-type-simple"},"_links":{"self":[{"href":"https:\/\/roveyayinevi.com.tr\/index.php\/wp-json\/wp\/v2\/product\/771299","targetHints":{"allow":["GET"]}}],"collection":[{"href":"https:\/\/roveyayinevi.com.tr\/index.php\/wp-json\/wp\/v2\/product"}],"about":[{"href":"https:\/\/roveyayinevi.com.tr\/index.php\/wp-json\/wp\/v2\/types\/product"}],"wp:attachment":[{"href":"https:\/\/roveyayinevi.com.tr\/index.php\/wp-json\/wp\/v2\/media?parent=771299"}],"wp:term":[{"taxonomy":"product_brand","embeddable":true,"href":"https:\/\/roveyayinevi.com.tr\/index.php\/wp-json\/wp\/v2\/product_brand?post=771299"},{"taxonomy":"product_cat","embeddable":true,"href":"https:\/\/roveyayinevi.com.tr\/index.php\/wp-json\/wp\/v2\/product_cat?post=771299"},{"taxonomy":"product_tag","embeddable":true,"href":"https:\/\/roveyayinevi.com.tr\/index.php\/wp-json\/wp\/v2\/product_tag?post=771299"}],"curies":[{"name":"wp","href":"https:\/\/api.w.org\/{rel}","templated":true}]}}