{"id":771293,"date":"2025-08-28T15:00:34","date_gmt":"2025-08-28T12:00:34","guid":{"rendered":"https:\/\/roveyayinevi.com.tr\/index.php\/urun\/narsist-sapkinlar\/"},"modified":"2026-04-15T03:37:42","modified_gmt":"2026-04-15T00:37:42","slug":"narsist-sapkinlar","status":"publish","type":"product","link":"https:\/\/roveyayinevi.com.tr\/index.php\/urun\/narsist-sapkinlar\/","title":{"rendered":"Narsist Sapk\u0131nlar"},"content":{"rendered":"<p>Dikkat, toksik ili\u015fkiler! Ba\u015flang\u0131\u00e7ta \u00e7o\u011fu zaman hi\u00e7bir \u015feyin fark\u0131na varmay\u0131z. Hik\u00e2ye \u00e7ok g\u00fczel ba\u015flam\u0131\u015ft\u0131r. Ama k\u0131sa s\u00fcre i\u00e7inde t\u00fcm i\u015faretler ortaya \u00e7\u0131kar: Su\u00e7luluk duyar\u0131z, kendimizi k\u00fc\u00e7\u00fcmseriz, art\u0131k kendimiz olamay\u0131z, ondan uzakla\u015fmak isteriz ama buna cesaret edemeyiz&#8230; Kar\u015f\u0131m\u0131zda narsist bir sapk\u0131n vard\u0131r. Peki kimdir bu narsist sapk\u0131n? Nas\u0131l davran\u0131r? Ondan nas\u0131l kurtulunur? Yazar, narsist sapk\u0131n ki\u015fili\u011fi g\u00fcnl\u00fck hayattaki i\u015fleyi\u015fi \u00fczerinden betimlemeye odaklan\u0131yor: Ger\u00e7ekli\u011fi ink\u00e2r etmesi, s\u00f6zleri \u00e7arp\u0131tmas\u0131, kar\u015f\u0131s\u0131ndakine su\u00e7luluk hissettirmesi, ayr\u0131l\u0131\u011f\u0131 imk\u00e2ns\u0131z h\u00e2le getirmesi&#8230; Bu sapk\u0131nl\u0131\u011f\u0131n k\u00f6kenlerini \u00e7ocukluk d\u00f6nemine kadar takip ederken, ma\u011fdurlar\u0131n manip\u00fclasyon ve tahakk\u00fcm sarmal\u0131ndan kurtulabilmeleri i\u00e7in g\u00fc\u00e7l\u00fc \u00e7\u0131k\u0131\u015f yollar\u0131 sunuyor. *** \u201cAsl\u0131nda bir sapk\u0131n\u0131 terk etmek ve art\u0131k onunla kar\u015f\u0131la\u015fmamak i\u00e7in kendimize bakman\u0131n, kendimizi ger\u00e7ekten tan\u0131man\u0131n, kendimiz i\u00e7in kendi imaj\u0131m\u0131zla tan\u0131\u015fman\u0131n iyi bir yolunu bulmam\u0131z gerekir, b\u00f6ylece olaylar\u0131n \u00f6tesine ge\u00e7ip onlar\u0131 geride b\u0131rakabiliriz. Belki de bu, hatalar\u0131m\u0131z ve elbette niteliklerimiz, eksikliklerimiz ve ayn\u0131 zamanda yeteneklerimiz oldu\u011funu kabul etme meselesidir. O zaman imaj\u0131m\u0131z\u0131 ba\u015fkalar\u0131n\u0131n g\u00f6z\u00fcnde aramaktan vazge\u00e7ebiliriz.\u201d <\/p>\n","protected":false},"excerpt":{"rendered":"<p>Dikkat, toksik ili\u015fkiler! Ba\u015flang\u0131\u00e7ta \u00e7o\u011fu zaman hi\u00e7bir \u015feyin fark\u0131na varmay\u0131z. Hik\u00e2ye \u00e7ok g\u00fczel ba\u015flam\u0131\u015ft\u0131r. Ama k\u0131sa s\u00fcre i\u00e7inde t\u00fcm i\u015faretler ortaya \u00e7\u0131kar: Su\u00e7luluk duyar\u0131z, kendimizi k\u00fc\u00e7\u00fcmseriz,<span class=\"excerpt-hellip\"> [\u2026]<\/span><\/p>\n","protected":false},"featured_media":0,"template":"","meta":{"_monsterinsights_skip_tracking":false,"_monsterinsights_sitenote_active":false,"_monsterinsights_sitenote_note":"","_monsterinsights_sitenote_category":0},"product_brand":[],"product_cat":[20502,12357],"product_tag":[],"class_list":{"0":"post-771293","1":"product","2":"type-product","3":"status-publish","5":"product_cat-basvuru-kitaplari-psikoloji","6":"product_cat-psikoloji","7":"pa_cilt-ciltsiz","8":"pa_tur-kitap","9":"pa_yayinevi-say-yayinlari","10":"pa_yazar-jean-charles-bouchoux","12":"first","13":"instock","14":"sale","15":"shipping-taxable","16":"purchasable","17":"product-type-simple"},"_links":{"self":[{"href":"https:\/\/roveyayinevi.com.tr\/index.php\/wp-json\/wp\/v2\/product\/771293","targetHints":{"allow":["GET"]}}],"collection":[{"href":"https:\/\/roveyayinevi.com.tr\/index.php\/wp-json\/wp\/v2\/product"}],"about":[{"href":"https:\/\/roveyayinevi.com.tr\/index.php\/wp-json\/wp\/v2\/types\/product"}],"wp:attachment":[{"href":"https:\/\/roveyayinevi.com.tr\/index.php\/wp-json\/wp\/v2\/media?parent=771293"}],"wp:term":[{"taxonomy":"product_brand","embeddable":true,"href":"https:\/\/roveyayinevi.com.tr\/index.php\/wp-json\/wp\/v2\/product_brand?post=771293"},{"taxonomy":"product_cat","embeddable":true,"href":"https:\/\/roveyayinevi.com.tr\/index.php\/wp-json\/wp\/v2\/product_cat?post=771293"},{"taxonomy":"product_tag","embeddable":true,"href":"https:\/\/roveyayinevi.com.tr\/index.php\/wp-json\/wp\/v2\/product_tag?post=771293"}],"curies":[{"name":"wp","href":"https:\/\/api.w.org\/{rel}","templated":true}]}}