{"id":771280,"date":"2025-08-28T15:00:07","date_gmt":"2025-08-28T12:00:07","guid":{"rendered":"https:\/\/roveyayinevi.com.tr\/index.php\/urun\/akbabalar-ve-kostebekler\/"},"modified":"2026-04-15T03:37:41","modified_gmt":"2026-04-15T00:37:41","slug":"akbabalar-ve-kostebekler","status":"publish","type":"product","link":"https:\/\/roveyayinevi.com.tr\/index.php\/urun\/akbabalar-ve-kostebekler\/","title":{"rendered":"Akbabalar ve K\u00f6stebekler"},"content":{"rendered":"<p>\u201cD\u00fc\u015f\u00fcncelerin \u2018belli bir k\u00fclt\u00fcrde k\u00f6k salma\u2019 hali sadece b\u00fcy\u00fck bulu\u015flar i\u00e7in de\u011fil, \u2018kuram\u0131n g\u00fcndelik hayat\u0131\u2019 diye adland\u0131rabilece\u011fimiz (\u00f6rne\u011fin bir i\u015fgal evinin zaman\u0131 geni\u015fleten heterotopik mek\u00e2n\u0131, kentsel rant ve finansal kapitalizm ili\u015fkisine dair e\u011fitim veren bir kirac\u0131lar sendikas\u0131, orta-\u00fcst s\u0131n\u0131f bir tatil kasabas\u0131n\u0131n mikro-fa\u015fist ekolojisinde ye\u015feren hakl\u0131 sorular vb.) durumlar i\u00e7in de ge\u00e7erli. Kuram ve g\u00fcndelik ya\u015fam\u0131n bulu\u015ftu\u011fu yer iktidarlar taraf\u0131ndan s\u00fcrekli unutturulmaya \u00e7al\u0131\u015f\u0131lan kolektif haf\u0131zan\u0131n mek\u00e2n\u0131d\u0131r. \u0130nsan dikkatli bak\u0131nca d\u00fc\u015f\u00fcncenin sokaklarda volta att\u0131\u011f\u0131n\u0131 g\u00f6rebilir.\u201d   Barcelona, \u0130stanbul, sonra tekrar Barcelona, Bodrum, New York \u2013 Akbabalar ve K\u00f6stebekler\u2019i kapitalizmin kentler \u00fczerinde yaratt\u0131\u011f\u0131 tahribat\u0131n izlerini s\u00fcren bir sokak y\u00fcr\u00fcy\u00fc\u015f\u00fc olarak okuyabilirsiniz. Ulus Atayurt bu y\u00fcr\u00fcy\u00fc\u015f\u00fc farkl\u0131 kentlerde, kentlerin farkl\u0131 mahallelerinde yaparken kapitalizmin finansalla\u015fmas\u0131nda emlak piyasas\u0131n\u0131n rol\u00fcn\u00fc, kent ve bar\u0131nma hakk\u0131n\u0131, krize kar\u015f\u0131 bar\u0131nma m\u00fccadelelerini, paran\u0131n do\u011fas\u0131n\u0131, platform kapitalizminin nas\u0131l kamusalla\u015ft\u0131r\u0131labilece\u011fini tart\u0131\u015f\u0131yor ve Bloch\u2019un s\u00f6zlerini hat\u0131rlat\u0131yor: \u201cKayb\u0131n en trajik bi\u00e7imi g\u00fcvende olman\u0131n de\u011fil, her \u015feyin farkl\u0131 olabilece\u011fini hayal etme yetisinin kayb\u0131d\u0131r.\u201d <\/p>\n","protected":false},"excerpt":{"rendered":"<p>\u201cD\u00fc\u015f\u00fcncelerin \u2018belli bir k\u00fclt\u00fcrde k\u00f6k salma\u2019 hali sadece b\u00fcy\u00fck bulu\u015flar i\u00e7in de\u011fil, \u2018kuram\u0131n g\u00fcndelik hayat\u0131\u2019 diye adland\u0131rabilece\u011fimiz (\u00f6rne\u011fin bir i\u015fgal evinin zaman\u0131 geni\u015fleten heterotopik mek\u00e2n\u0131, kentsel<span class=\"excerpt-hellip\"> [\u2026]<\/span><\/p>\n","protected":false},"featured_media":0,"template":"","meta":{"_monsterinsights_skip_tracking":false,"_monsterinsights_sitenote_active":false,"_monsterinsights_sitenote_note":"","_monsterinsights_sitenote_category":0},"product_brand":[],"product_cat":[13043],"product_tag":[],"class_list":{"0":"post-771280","1":"product","2":"type-product","3":"status-publish","5":"product_cat-ekonomi","6":"pa_cilt-ciltsiz","7":"pa_tur-kitap","8":"pa_yayinevi-metis-yayinlari","9":"pa_yazar-ulus-atayurt","11":"first","12":"instock","13":"sale","14":"shipping-taxable","15":"purchasable","16":"product-type-simple"},"_links":{"self":[{"href":"https:\/\/roveyayinevi.com.tr\/index.php\/wp-json\/wp\/v2\/product\/771280","targetHints":{"allow":["GET"]}}],"collection":[{"href":"https:\/\/roveyayinevi.com.tr\/index.php\/wp-json\/wp\/v2\/product"}],"about":[{"href":"https:\/\/roveyayinevi.com.tr\/index.php\/wp-json\/wp\/v2\/types\/product"}],"wp:attachment":[{"href":"https:\/\/roveyayinevi.com.tr\/index.php\/wp-json\/wp\/v2\/media?parent=771280"}],"wp:term":[{"taxonomy":"product_brand","embeddable":true,"href":"https:\/\/roveyayinevi.com.tr\/index.php\/wp-json\/wp\/v2\/product_brand?post=771280"},{"taxonomy":"product_cat","embeddable":true,"href":"https:\/\/roveyayinevi.com.tr\/index.php\/wp-json\/wp\/v2\/product_cat?post=771280"},{"taxonomy":"product_tag","embeddable":true,"href":"https:\/\/roveyayinevi.com.tr\/index.php\/wp-json\/wp\/v2\/product_tag?post=771280"}],"curies":[{"name":"wp","href":"https:\/\/api.w.org\/{rel}","templated":true}]}}