{"id":771279,"date":"2025-08-28T15:00:05","date_gmt":"2025-08-28T12:00:05","guid":{"rendered":"https:\/\/roveyayinevi.com.tr\/index.php\/urun\/kim-ne-der\/"},"modified":"2026-04-15T03:37:41","modified_gmt":"2026-04-15T00:37:41","slug":"kim-ne-der","status":"publish","type":"product","link":"https:\/\/roveyayinevi.com.tr\/index.php\/urun\/kim-ne-der\/","title":{"rendered":"Kim Ne Der?"},"content":{"rendered":"<p>Vak vak, lak lak, v\u0131rak v\u0131rak\u2026 Belki de biraz g\u0131dak g\u0131dak\u2026 B\u00f6\u011f\u00fcrt\u00fc, homurtu, an\u0131rt\u0131, ku\u011furtu&#8230; Bu sesler nereden geliyor? Hangi hayvan ne diyor? Orman\u0131n derinliklerinde, \u00e7iftlikte, evimizde ve uzak \u00fclkelerde&#8230; Kimisi t\u0131slayarak kimisi havlayarak hayvanlar bize bir \u015feyler anlat\u0131yor. Her hayvan\u0131n kendine \u00f6zg\u00fc bir dili var. Bu kitapta reng\u00e2renk resimlerle hayvanlar\u0131n d\u00fcnyas\u0131na yolculu\u011fa \u00e7\u0131kacak, hangi hayvan\u0131n nas\u0131l ses \u00e7\u0131kard\u0131\u011f\u0131n\u0131 ke\u015ffedeceksiniz. Her sayfas\u0131 s\u00fcrpriz hayvanlar ve e\u011flenceli sorularla dolu bu kitapla minik okurlar hem e\u011flenecek hem de \u00f6\u011frenecek. Ege Karaday\u0131\u2019n\u0131n resimledi\u011fi Kim Ne Der? \u00e7ocuklar\u0131n hayvanlar\u0131 tan\u0131mas\u0131 ve sesleri ke\u015ffetmesi i\u00e7in bir rehber niteli\u011fi ta\u015f\u0131yor. Kitap 3 ya\u015f ve \u00fcst\u00fc \u00e7ocuklara hitap ediyor. <\/p>\n","protected":false},"excerpt":{"rendered":"<p>Vak vak, lak lak, v\u0131rak v\u0131rak\u2026 Belki de biraz g\u0131dak g\u0131dak\u2026 B\u00f6\u011f\u00fcrt\u00fc, homurtu, an\u0131rt\u0131, ku\u011furtu&#8230; Bu sesler nereden geliyor? Hangi hayvan ne diyor? Orman\u0131n derinliklerinde, \u00e7iftlikte,<span class=\"excerpt-hellip\"> [\u2026]<\/span><\/p>\n","protected":false},"featured_media":0,"template":"","meta":{"_monsterinsights_skip_tracking":false,"_monsterinsights_sitenote_active":false,"_monsterinsights_sitenote_note":"","_monsterinsights_sitenote_category":0},"product_brand":[],"product_cat":[12274,12518],"product_tag":[],"class_list":{"0":"post-771279","1":"product","2":"type-product","3":"status-publish","5":"product_cat-cocuk-ve-genclik-kitaplari","6":"product_cat-okul-oncesi-kitaplar","7":"pa_cilt-ciltsiz","8":"pa_tur-kitap","9":"pa_yayinevi-literatur-yayinevi","10":"pa_yazar-ebru-akkas","12":"first","13":"instock","14":"sale","15":"shipping-taxable","16":"purchasable","17":"product-type-simple"},"_links":{"self":[{"href":"https:\/\/roveyayinevi.com.tr\/index.php\/wp-json\/wp\/v2\/product\/771279","targetHints":{"allow":["GET"]}}],"collection":[{"href":"https:\/\/roveyayinevi.com.tr\/index.php\/wp-json\/wp\/v2\/product"}],"about":[{"href":"https:\/\/roveyayinevi.com.tr\/index.php\/wp-json\/wp\/v2\/types\/product"}],"wp:attachment":[{"href":"https:\/\/roveyayinevi.com.tr\/index.php\/wp-json\/wp\/v2\/media?parent=771279"}],"wp:term":[{"taxonomy":"product_brand","embeddable":true,"href":"https:\/\/roveyayinevi.com.tr\/index.php\/wp-json\/wp\/v2\/product_brand?post=771279"},{"taxonomy":"product_cat","embeddable":true,"href":"https:\/\/roveyayinevi.com.tr\/index.php\/wp-json\/wp\/v2\/product_cat?post=771279"},{"taxonomy":"product_tag","embeddable":true,"href":"https:\/\/roveyayinevi.com.tr\/index.php\/wp-json\/wp\/v2\/product_tag?post=771279"}],"curies":[{"name":"wp","href":"https:\/\/api.w.org\/{rel}","templated":true}]}}