{"id":771278,"date":"2025-08-28T15:00:03","date_gmt":"2025-08-28T12:00:03","guid":{"rendered":"https:\/\/roveyayinevi.com.tr\/index.php\/urun\/saat-sabahin-dordu\/"},"modified":"2026-04-15T03:37:41","modified_gmt":"2026-04-15T00:37:41","slug":"saat-sabahin-dordu","status":"publish","type":"product","link":"https:\/\/roveyayinevi.com.tr\/index.php\/urun\/saat-sabahin-dordu\/","title":{"rendered":"Saat Sabah\u0131n D\u00f6rd\u00fc"},"content":{"rendered":"<p>Sabah saat d\u00f6rtte uyand\u0131ysan bu yataktan kalkmak i\u00e7in en do\u011fru zamand\u0131r! Annenle baban ayn\u0131 d\u00fc\u015f\u00fcncede olmasa da \u00f6yledir. Bir\u00e7ok \u015feyi yapmak i\u00e7in sabah\u0131n d\u00f6rd\u00fc en do\u011fru zamand\u0131r. Yine de az\u0131c\u0131k \u00fc\u015f\u00fcyorsan ve kendini birazc\u0131k da yaln\u0131z hissediyorsan belki de annenle baban\u0131n yan\u0131na sokulup yatman\u0131n tam zaman\u0131d\u0131r. Yorgun anne babalar ve cin gibi uyan\u0131k \u00e7ocuklar i\u00e7in e\u011flenceli bir iyi geceler hik\u00e2yesi\u2026 Katrin Topsch\u2019un yazd\u0131\u011f\u0131 Kathrin Fehrl\u2019in resimledi\u011fi kitab\u0131 S\u00fcheyla Kaya T\u00fcrk\u00e7ele\u015ftirdi. Saat Sabah\u0131n D\u00f6rd\u00fc, 4 ya\u015f ve \u00fcst\u00fc \u00e7ocuklara hitap ediyor.<\/p>\n","protected":false},"excerpt":{"rendered":"<p>Sabah saat d\u00f6rtte uyand\u0131ysan bu yataktan kalkmak i\u00e7in en do\u011fru zamand\u0131r! Annenle baban ayn\u0131 d\u00fc\u015f\u00fcncede olmasa da \u00f6yledir. Bir\u00e7ok \u015feyi yapmak i\u00e7in sabah\u0131n d\u00f6rd\u00fc en do\u011fru<span class=\"excerpt-hellip\"> [\u2026]<\/span><\/p>\n","protected":false},"featured_media":0,"template":"","meta":{"_monsterinsights_skip_tracking":false,"_monsterinsights_sitenote_active":false,"_monsterinsights_sitenote_note":"","_monsterinsights_sitenote_category":0},"product_brand":[],"product_cat":[12274,12518],"product_tag":[],"class_list":{"0":"post-771278","1":"product","2":"type-product","3":"status-publish","5":"product_cat-cocuk-ve-genclik-kitaplari","6":"product_cat-okul-oncesi-kitaplar","7":"pa_cilt-ciltsiz","8":"pa_tur-kitap","9":"pa_yayinevi-literatur-yayinevi","10":"pa_yazar-katrin-topsch","12":"first","13":"instock","14":"sale","15":"shipping-taxable","16":"purchasable","17":"product-type-simple"},"_links":{"self":[{"href":"https:\/\/roveyayinevi.com.tr\/index.php\/wp-json\/wp\/v2\/product\/771278","targetHints":{"allow":["GET"]}}],"collection":[{"href":"https:\/\/roveyayinevi.com.tr\/index.php\/wp-json\/wp\/v2\/product"}],"about":[{"href":"https:\/\/roveyayinevi.com.tr\/index.php\/wp-json\/wp\/v2\/types\/product"}],"wp:attachment":[{"href":"https:\/\/roveyayinevi.com.tr\/index.php\/wp-json\/wp\/v2\/media?parent=771278"}],"wp:term":[{"taxonomy":"product_brand","embeddable":true,"href":"https:\/\/roveyayinevi.com.tr\/index.php\/wp-json\/wp\/v2\/product_brand?post=771278"},{"taxonomy":"product_cat","embeddable":true,"href":"https:\/\/roveyayinevi.com.tr\/index.php\/wp-json\/wp\/v2\/product_cat?post=771278"},{"taxonomy":"product_tag","embeddable":true,"href":"https:\/\/roveyayinevi.com.tr\/index.php\/wp-json\/wp\/v2\/product_tag?post=771278"}],"curies":[{"name":"wp","href":"https:\/\/api.w.org\/{rel}","templated":true}]}}