{"id":771274,"date":"2025-08-28T14:59:57","date_gmt":"2025-08-28T11:59:57","guid":{"rendered":"https:\/\/roveyayinevi.com.tr\/index.php\/urun\/filistin-kartallari\/"},"modified":"2026-04-15T03:37:41","modified_gmt":"2026-04-15T00:37:41","slug":"filistin-kartallari","status":"publish","type":"product","link":"https:\/\/roveyayinevi.com.tr\/index.php\/urun\/filistin-kartallari\/","title":{"rendered":"Filistin Kartallar\u0131"},"content":{"rendered":"<p>Tarih 13 Temmuz 1979&#8217;u g\u00f6sterirken d\u00f6rt Filistinli gerilla Mervan Sebanu, Muhammed Dip Ebuzerat, Mustafa Be\u015fey\u015fi ve H\u00fcseyin Abdullah, Ankara&#8217;da M\u0131s\u0131r B\u00fcy\u00fckel\u00e7ili\u011fi&#8217;ni bast\u0131lar. M\u0131s\u0131r B\u00fcy\u00fckel\u00e7ili\u011fi bask\u0131n\u0131 Filistin Kurtulu\u015f \u00d6rg\u00fct\u00fc&#8217;n\u00fcn T\u00fcrkiye temsilcili\u011finin a\u00e7\u0131lmas\u0131yla sonu\u00e7lanm\u0131\u015ft\u0131. Gerillalar ise Filistin davas\u0131nda o g\u00fcne dek birlikte hareket eden Arap \u00fclkeleri aras\u0131nda ilk b\u00fcy\u00fck gedi\u011fin a\u00e7\u0131ld\u0131\u011f\u0131 M\u0131s\u0131r Devlet Ba\u015fkan\u0131 Enver Sedat&#8217;\u0131n \u0130srail Ba\u015fbakan\u0131 Menahem Begin ile ABD arac\u0131l\u0131\u011f\u0131yla imza alt\u0131na ald\u0131\u011f\u0131 Camp David Anla\u015fmas\u0131&#8217;n\u0131 protesto ediyorlard\u0131. Bu belgesel \u00e7al\u0131\u015fmada tarihsel arka plan\u0131yla birlikte halen g\u00fcncel olan Filistin davas\u0131n\u0131n \u00f6nemli bir kesitine, \u015fimdiye dek \u00f6nemine ra\u011fmen g\u00f6r\u00fcn\u00fcr olamam\u0131\u015f bir tarihsel olaya yak\u0131ndan tan\u0131k olacaks\u0131n\u0131z.                    Filistin ulusunun e\u015fit hak m\u00fccadelesi ve \u00f6z\u00fc ba\u011f\u0131ms\u0131z devlet olarak \u00f6rg\u00fctlenmesi olan kendi kaderini tayin etmesinin soyk\u0131r\u0131m dahil hi\u00e7bir sald\u0131rganl\u0131kla \u00f6nlenemeyece\u011fi \u00e7ok say\u0131da \u00f6rne\u011fiyle tarihin kesin h\u00fckm\u00fcd\u00fcr. Mustafa Yal\u00e7\u0131ner <\/p>\n","protected":false},"excerpt":{"rendered":"<p>Tarih 13 Temmuz 1979&#8217;u g\u00f6sterirken d\u00f6rt Filistinli gerilla Mervan Sebanu, Muhammed Dip Ebuzerat, Mustafa Be\u015fey\u015fi ve H\u00fcseyin Abdullah, Ankara&#8217;da M\u0131s\u0131r B\u00fcy\u00fckel\u00e7ili\u011fi&#8217;ni bast\u0131lar. M\u0131s\u0131r B\u00fcy\u00fckel\u00e7ili\u011fi bask\u0131n\u0131 Filistin<span class=\"excerpt-hellip\"> [\u2026]<\/span><\/p>\n","protected":false},"featured_media":0,"template":"","meta":{"_monsterinsights_skip_tracking":false,"_monsterinsights_sitenote_active":false,"_monsterinsights_sitenote_note":"","_monsterinsights_sitenote_category":0},"product_brand":[],"product_cat":[13590,12337],"product_tag":[],"class_list":{"0":"post-771274","1":"product","2":"type-product","3":"status-publish","5":"product_cat-arastirma-inceleme-politika-siyaset","6":"product_cat-politika-siyaset","7":"pa_cilt-ciltsiz","8":"pa_tur-kitap","9":"pa_yayinevi-kor-kitap","10":"pa_yazar-serpil-guvenc-sultan-ozer","12":"first","13":"instock","14":"sale","15":"shipping-taxable","16":"purchasable","17":"product-type-simple"},"_links":{"self":[{"href":"https:\/\/roveyayinevi.com.tr\/index.php\/wp-json\/wp\/v2\/product\/771274","targetHints":{"allow":["GET"]}}],"collection":[{"href":"https:\/\/roveyayinevi.com.tr\/index.php\/wp-json\/wp\/v2\/product"}],"about":[{"href":"https:\/\/roveyayinevi.com.tr\/index.php\/wp-json\/wp\/v2\/types\/product"}],"wp:attachment":[{"href":"https:\/\/roveyayinevi.com.tr\/index.php\/wp-json\/wp\/v2\/media?parent=771274"}],"wp:term":[{"taxonomy":"product_brand","embeddable":true,"href":"https:\/\/roveyayinevi.com.tr\/index.php\/wp-json\/wp\/v2\/product_brand?post=771274"},{"taxonomy":"product_cat","embeddable":true,"href":"https:\/\/roveyayinevi.com.tr\/index.php\/wp-json\/wp\/v2\/product_cat?post=771274"},{"taxonomy":"product_tag","embeddable":true,"href":"https:\/\/roveyayinevi.com.tr\/index.php\/wp-json\/wp\/v2\/product_tag?post=771274"}],"curies":[{"name":"wp","href":"https:\/\/api.w.org\/{rel}","templated":true}]}}