{"id":771271,"date":"2025-08-28T14:59:50","date_gmt":"2025-08-28T11:59:50","guid":{"rendered":"https:\/\/roveyayinevi.com.tr\/index.php\/urun\/avrupa-gunlukleri\/"},"modified":"2026-04-15T03:37:41","modified_gmt":"2026-04-15T00:37:41","slug":"avrupa-gunlukleri","status":"publish","type":"product","link":"https:\/\/roveyayinevi.com.tr\/index.php\/urun\/avrupa-gunlukleri\/","title":{"rendered":"Avrupa G\u00fcnl\u00fckleri"},"content":{"rendered":"<p>T\u00fcrkler, tarih boyunca Avrupa\u2019da derin izler b\u0131rakt\u0131lar. Bug\u00fcn Balkanlardan End\u00fcl\u00fcs\u2019e, Almanya\u2019dan Yunanistan\u2019a kadar uzanan bu izler, bir zamanlar bu co\u011frafyada kurulan medeniyetin sessiz tan\u0131klar\u0131d\u0131r.   Dr. \u0130srafil Kuralay, bir belgeselcinin g\u00f6z\u00fcyle kaleme ald\u0131\u011f\u0131 bu seyahatte Avrupa\u2019n\u0131n sokaklar\u0131nda, meydanlar\u0131nda ve tarih\u00ee yap\u0131lar\u0131nda ge\u00e7mi\u015fin izlerini s\u00fcr\u00fcyor. Osmanl\u0131 miras\u0131n\u0131n bug\u00fcne yans\u0131yan etkilerini, silinmeye y\u00fcz tutmu\u015f hat\u0131ralar\u0131n\u0131 ve h\u00e2l\u00e2 ayakta kalan eserlerini g\u00f6zler \u00f6n\u00fcne seriyor.   Avrupa G\u00fcnl\u00fckleri, y\u00fczy\u0131llard\u0131r s\u00fcren bir m\u00fccadelenin, ayr\u0131l\u0131\u015flar\u0131n ve yeniden bulu\u015fmalar\u0131n hik\u00e2yesini anlat\u0131yor. Bazen bir caminin minaresinde, bazen bir \u00e7e\u015fmenin kitabesinde, bazen de bir sokak ad\u0131nda sakl\u0131 olan bu izler, okuru derin bir yolculu\u011fa \u00e7\u0131kar\u0131yor.<\/p>\n","protected":false},"excerpt":{"rendered":"<p>T\u00fcrkler, tarih boyunca Avrupa\u2019da derin izler b\u0131rakt\u0131lar. Bug\u00fcn Balkanlardan End\u00fcl\u00fcs\u2019e, Almanya\u2019dan Yunanistan\u2019a kadar uzanan bu izler, bir zamanlar bu co\u011frafyada kurulan medeniyetin sessiz tan\u0131klar\u0131d\u0131r. Dr. \u0130srafil<span class=\"excerpt-hellip\"> [\u2026]<\/span><\/p>\n","protected":false},"featured_media":0,"template":"","meta":{"_monsterinsights_skip_tracking":false,"_monsterinsights_sitenote_active":false,"_monsterinsights_sitenote_note":"","_monsterinsights_sitenote_category":0},"product_brand":[],"product_cat":[13701,12291],"product_tag":[],"class_list":{"0":"post-771271","1":"product","2":"type-product","3":"status-publish","5":"product_cat-ani-mektup-gunluk","6":"product_cat-edebiyat","7":"pa_cilt-ciltsiz","8":"pa_tur-kitap","9":"pa_yayinevi-profil-kitap","10":"pa_yazar-israfil-kuralay","12":"first","13":"instock","14":"sale","15":"shipping-taxable","16":"purchasable","17":"product-type-simple"},"_links":{"self":[{"href":"https:\/\/roveyayinevi.com.tr\/index.php\/wp-json\/wp\/v2\/product\/771271","targetHints":{"allow":["GET"]}}],"collection":[{"href":"https:\/\/roveyayinevi.com.tr\/index.php\/wp-json\/wp\/v2\/product"}],"about":[{"href":"https:\/\/roveyayinevi.com.tr\/index.php\/wp-json\/wp\/v2\/types\/product"}],"wp:attachment":[{"href":"https:\/\/roveyayinevi.com.tr\/index.php\/wp-json\/wp\/v2\/media?parent=771271"}],"wp:term":[{"taxonomy":"product_brand","embeddable":true,"href":"https:\/\/roveyayinevi.com.tr\/index.php\/wp-json\/wp\/v2\/product_brand?post=771271"},{"taxonomy":"product_cat","embeddable":true,"href":"https:\/\/roveyayinevi.com.tr\/index.php\/wp-json\/wp\/v2\/product_cat?post=771271"},{"taxonomy":"product_tag","embeddable":true,"href":"https:\/\/roveyayinevi.com.tr\/index.php\/wp-json\/wp\/v2\/product_tag?post=771271"}],"curies":[{"name":"wp","href":"https:\/\/api.w.org\/{rel}","templated":true}]}}