{"id":771270,"date":"2025-08-28T14:59:48","date_gmt":"2025-08-28T11:59:48","guid":{"rendered":"https:\/\/roveyayinevi.com.tr\/index.php\/urun\/yeni-hayatin-yeni-kadinlari\/"},"modified":"2026-04-15T03:37:41","modified_gmt":"2026-04-15T00:37:41","slug":"yeni-hayatin-yeni-kadinlari","status":"publish","type":"product","link":"https:\/\/roveyayinevi.com.tr\/index.php\/urun\/yeni-hayatin-yeni-kadinlari\/","title":{"rendered":"Yeni Hayat\u0131n Yeni Kad\u0131nlar\u0131"},"content":{"rendered":"<p>Dijital modernle\u015fme \u00e7a\u011f\u0131nda, tart\u0131\u015ft\u0131\u011f\u0131m\u0131z pek \u00e7ok meselenin ilk n\u00fcvelerini Tanzimat modernle\u015fmesinde bulmak m\u00fcmk\u00fcn. Giyim-ku\u015fam, kad\u0131nlar\u0131n toplumsal rolleri, e\u015fler aras\u0131 uyum veya uyumsuzluk, evlenme bi\u00e7imleri, kad\u0131nlar\u0131n \u00e7al\u0131\u015fmas\u0131, \u00e7ocuklar\u0131n e\u011fitimi gibi g\u00fcndelik hayat\u0131n her safhas\u0131n\u0131 ilgilendiren konular Tanzimat modernle\u015fmesinin, yani matbuat modernle\u015fmesinin de ana temalar\u0131n\u0131 olu\u015fturuyordu.G\u00fcn\u00fcm\u00fczde diziler yoluyla g\u00fcndemde tutulan, gerilim alan\u0131 olarak verimli bulunan sek\u00fcler-muhafazak\u00e2r ayr\u0131m\u0131 ve bu ayr\u0131m \u00fczerinden ortaya konan \u00f6teki-beriki \u00e7at\u0131\u015fmas\u0131, Tanzimat d\u00f6neminde alaturka-alafranga kavramlar\u0131 e\u015fli\u011finde dile getirildi. Matbuat modernle\u015fmesinin ortaya \u00e7\u0131kard\u0131\u011f\u0131 alafranga-alaturka \u00e7at\u0131\u015fmas\u0131n\u0131n safhalar\u0131n\u0131 \u00f6rneklendirmek i\u00e7in elimizde iki kaynak var: d\u00f6nemin romanlar\u0131 ve hat\u0131ratlar\u0131.&#8221;Yeni Hayat\u0131n Yeni Kad\u0131nlar\u0131&#8221; \u201cedeb\u00ee kamu\u201dnun y\u00fczy\u0131l\u0131 a\u015fk\u0131n tecr\u00fcbesinin \u0131\u015f\u0131\u011f\u0131yla d\u00fcn\u00fcn edebiyat\u0131ndan, bug\u00fcn\u00fcn anlam haritas\u0131n\u0131 \u00e7\u0131karmaya davet ediyor okurunu.<\/p>\n","protected":false},"excerpt":{"rendered":"<p>Dijital modernle\u015fme \u00e7a\u011f\u0131nda, tart\u0131\u015ft\u0131\u011f\u0131m\u0131z pek \u00e7ok meselenin ilk n\u00fcvelerini Tanzimat modernle\u015fmesinde bulmak m\u00fcmk\u00fcn. Giyim-ku\u015fam, kad\u0131nlar\u0131n toplumsal rolleri, e\u015fler aras\u0131 uyum veya uyumsuzluk, evlenme bi\u00e7imleri, kad\u0131nlar\u0131n \u00e7al\u0131\u015fmas\u0131,<span class=\"excerpt-hellip\"> [\u2026]<\/span><\/p>\n","protected":false},"featured_media":0,"template":"","meta":{"_monsterinsights_skip_tracking":false,"_monsterinsights_sitenote_active":false,"_monsterinsights_sitenote_note":"","_monsterinsights_sitenote_category":0},"product_brand":[],"product_cat":[12777,12291],"product_tag":[],"class_list":{"0":"post-771270","1":"product","2":"type-product","3":"status-publish","5":"product_cat-deneme","6":"product_cat-edebiyat","7":"pa_cilt-ciltsiz","8":"pa_tur-kitap","9":"pa_yayinevi-profil-kitap","10":"pa_yazar-fatma-barbarosoglu","12":"first","13":"instock","14":"sale","15":"shipping-taxable","16":"purchasable","17":"product-type-simple"},"_links":{"self":[{"href":"https:\/\/roveyayinevi.com.tr\/index.php\/wp-json\/wp\/v2\/product\/771270","targetHints":{"allow":["GET"]}}],"collection":[{"href":"https:\/\/roveyayinevi.com.tr\/index.php\/wp-json\/wp\/v2\/product"}],"about":[{"href":"https:\/\/roveyayinevi.com.tr\/index.php\/wp-json\/wp\/v2\/types\/product"}],"wp:attachment":[{"href":"https:\/\/roveyayinevi.com.tr\/index.php\/wp-json\/wp\/v2\/media?parent=771270"}],"wp:term":[{"taxonomy":"product_brand","embeddable":true,"href":"https:\/\/roveyayinevi.com.tr\/index.php\/wp-json\/wp\/v2\/product_brand?post=771270"},{"taxonomy":"product_cat","embeddable":true,"href":"https:\/\/roveyayinevi.com.tr\/index.php\/wp-json\/wp\/v2\/product_cat?post=771270"},{"taxonomy":"product_tag","embeddable":true,"href":"https:\/\/roveyayinevi.com.tr\/index.php\/wp-json\/wp\/v2\/product_tag?post=771270"}],"curies":[{"name":"wp","href":"https:\/\/api.w.org\/{rel}","templated":true}]}}