{"id":771268,"date":"2025-08-28T14:59:45","date_gmt":"2025-08-28T11:59:45","guid":{"rendered":"https:\/\/roveyayinevi.com.tr\/index.php\/urun\/populist-moment\/"},"modified":"2026-04-15T03:37:41","modified_gmt":"2026-04-15T00:37:41","slug":"populist-moment","status":"publish","type":"product","link":"https:\/\/roveyayinevi.com.tr\/index.php\/urun\/populist-moment\/","title":{"rendered":"Pop\u00fclist Moment"},"content":{"rendered":"<p>\u201c2008 krizi, 1990\u2019lar\u0131n post-politik uzla\u015f\u0131s\u0131n\u0131 sarsmay\u0131 ba\u015fard\u0131 ve bu k\u0131smen sol pop\u00fclizmin cesur m\u00fccadelesinin bir sonucuydu. Ernaux\u2019nun aktard\u0131\u011f\u0131 gibi, \u2018siyasetin \u00f6ld\u00fc\u011f\u00fcne dair s\u00f6ylenti\u2019 art\u0131k bast\u0131r\u0131lm\u0131\u015f gibi g\u00f6r\u00fcn\u00fcyor. Ancak hiper-siyaset, 20. y\u00fczy\u0131l\u0131n kitlesel siyasetinin yerine, k\u0131r\u0131lgan ve h\u0131r\u00e7\u0131n bir alternatif sunuyor. Sol pop\u00fclizm ise en az\u0131ndan eski siyaseti diriltmeyi denedi.\u201d Pop\u00fclizm veya pop\u00fclist ifadesi uzunca bir s\u00fcre akademik ortamda ve bas\u0131nda a\u011f\u0131rl\u0131kla sa\u011f ideolojinin bir \u00e7\u0131kt\u0131s\u0131 ve uzant\u0131s\u0131 olarak anla\u015f\u0131ld\u0131. Sa\u011f hareket, lider ve partileri tan\u0131mlarken i\u015fe ko\u015fuldu. Fakat a\u015fa\u011f\u0131 yukar\u0131 son on be\u015f y\u0131ld\u0131r g\u00f6r\u00fcld\u00fc ki pop\u00fclizm bundan \u00e7ok daha fazlas\u0131na i\u015faret ediyor. Arthur Borriello ve Anton J\u00e4ger, Pop\u00fclist Moment: 2008 Krizi Sonras\u0131 Bir Sol Muhasebe\u2019de pop\u00fclizmin sa\u011f ideolojik e\u011filimlerden ibaret olmayan tarihini ve tarihsel referanslar\u0131n\u0131 ortaya koymakla birlikte bilhassa 2008 krizinin ard\u0131ndan ortaya \u00e7\u0131kan yeni politik formlar\u0131, anlay\u0131\u015flar\u0131 ve y\u00f6nelimleri sol pop\u00fclist bir mercekten okuyor. Yunanistan\u2019da Syriza ve \u0130spanya\u2019da Podemos gibi hareketlerden evrilen partilerin, Fransa\u2019da Jean-Luc M\u00e9lenchon\u2019un Boyun E\u011fmeyen Fransa\u2019s\u0131n\u0131n, Bernie Sanders ve Jeremy Corbyn gibi k\u00f6kl\u00fc partiler i\u00e7inde d\u00f6n\u00fc\u015f\u00fcm imk\u00e2n\u0131 arayan liderlerin \u201csiyasetin sonu uzla\u015f\u0131s\u0131\u201dna o tuhaf meydan okumalar\u0131n\u0131 ele al\u0131yor.<\/p>\n","protected":false},"excerpt":{"rendered":"<p>\u201c2008 krizi, 1990\u2019lar\u0131n post-politik uzla\u015f\u0131s\u0131n\u0131 sarsmay\u0131 ba\u015fard\u0131 ve bu k\u0131smen sol pop\u00fclizmin cesur m\u00fccadelesinin bir sonucuydu. Ernaux\u2019nun aktard\u0131\u011f\u0131 gibi, \u2018siyasetin \u00f6ld\u00fc\u011f\u00fcne dair s\u00f6ylenti\u2019 art\u0131k bast\u0131r\u0131lm\u0131\u015f gibi<span class=\"excerpt-hellip\"> [\u2026]<\/span><\/p>\n","protected":false},"featured_media":0,"template":"","meta":{"_monsterinsights_skip_tracking":false,"_monsterinsights_sitenote_active":false,"_monsterinsights_sitenote_note":"","_monsterinsights_sitenote_category":0},"product_brand":[],"product_cat":[12965,12337],"product_tag":[],"class_list":{"0":"post-771268","1":"product","2":"type-product","3":"status-publish","5":"product_cat-genel-politika","6":"product_cat-politika-siyaset","7":"pa_cilt-ciltsiz","8":"pa_tur-kitap","9":"pa_yayinevi-iletisim-yayinlari","10":"pa_yazar-arthur-borriello-anton-jager","12":"first","13":"instock","14":"sale","15":"shipping-taxable","16":"purchasable","17":"product-type-simple"},"_links":{"self":[{"href":"https:\/\/roveyayinevi.com.tr\/index.php\/wp-json\/wp\/v2\/product\/771268","targetHints":{"allow":["GET"]}}],"collection":[{"href":"https:\/\/roveyayinevi.com.tr\/index.php\/wp-json\/wp\/v2\/product"}],"about":[{"href":"https:\/\/roveyayinevi.com.tr\/index.php\/wp-json\/wp\/v2\/types\/product"}],"wp:attachment":[{"href":"https:\/\/roveyayinevi.com.tr\/index.php\/wp-json\/wp\/v2\/media?parent=771268"}],"wp:term":[{"taxonomy":"product_brand","embeddable":true,"href":"https:\/\/roveyayinevi.com.tr\/index.php\/wp-json\/wp\/v2\/product_brand?post=771268"},{"taxonomy":"product_cat","embeddable":true,"href":"https:\/\/roveyayinevi.com.tr\/index.php\/wp-json\/wp\/v2\/product_cat?post=771268"},{"taxonomy":"product_tag","embeddable":true,"href":"https:\/\/roveyayinevi.com.tr\/index.php\/wp-json\/wp\/v2\/product_tag?post=771268"}],"curies":[{"name":"wp","href":"https:\/\/api.w.org\/{rel}","templated":true}]}}