{"id":771266,"date":"2025-08-28T14:59:41","date_gmt":"2025-08-28T11:59:41","guid":{"rendered":"https:\/\/roveyayinevi.com.tr\/index.php\/urun\/karanlik-yolun-efendisi-3\/"},"modified":"2026-04-15T03:37:41","modified_gmt":"2026-04-15T00:37:41","slug":"karanlik-yolun-efendisi-3","status":"publish","type":"product","link":"https:\/\/roveyayinevi.com.tr\/index.php\/urun\/karanlik-yolun-efendisi-3\/","title":{"rendered":"Karanl\u0131k Yolun Efendisi 3"},"content":{"rendered":"<p>E\u011e\u0130T\u0130M YILLARI B\u0130RDEN B\u0130RE B\u0130TT\u0130\u011e\u0130NDE, B\u0130R R\u00dcYADAN UYANMI\u015e G\u0130B\u0130YD\u0130.   LAN WANGJ\u0130 VE WE\u0130 WUX\u0130AN HAYALET EL\u0130N Y\u00d6NLEND\u0130RMES\u0130 \u0130LE Q\u0130NGHE B\u00d6LGES\u0130NE G\u0130DERLER. TUHAF TABUTLAR, \u0130NSAN Y\u0130YEN KALE VE CESETLERLE KAR\u015eILA\u015eIRLAR! J\u0130N L\u0130NG\u2019\u0130 ZAMANINDA KURTARMI\u015e OLSALAR DA, J\u0130ANG A\u0130LES\u0130 \u0130LE OLAN ANLA\u015eMAZLI\u011eI G\u00d6Z ARDI ED\u0130LECEK SEV\u0130YEDE DE\u011e\u0130LD\u0130R&#8230;   \u201c\u0130NSANIN YA\u015eAMI BOYUNCA, S\u00d6YLEMES\u0130 GEREKEN B\u0130RKA\u00c7 S\u00d6Z VARDIR. TE\u015eEKK\u00dcR EDER\u0130M VE \u00d6Z\u00dcR D\u0130LER\u0130M.\u201d ISSIZ, LO\u015e SOKAKTA LAN WANGJ\u0130 SESS\u0130ZCE ONUN \u0130LK ADINI SESLEN\u0130R. DAFAN DA\u011eI\u2019NDA TEKRAR KAR\u015eILA\u015eTI\u011eI VE ASLINDA HAYATI BOYUNCA   B\u0130LD\u0130\u011e\u0130 K\u0130\u015e\u0130Y\u0130, HEMEN TANIR. <\/p>\n","protected":false},"excerpt":{"rendered":"<p>E\u011e\u0130T\u0130M YILLARI B\u0130RDEN B\u0130RE B\u0130TT\u0130\u011e\u0130NDE, B\u0130R R\u00dcYADAN UYANMI\u015e G\u0130B\u0130YD\u0130. LAN WANGJ\u0130 VE WE\u0130 WUX\u0130AN HAYALET EL\u0130N Y\u00d6NLEND\u0130RMES\u0130 \u0130LE Q\u0130NGHE B\u00d6LGES\u0130NE G\u0130DERLER. TUHAF TABUTLAR, \u0130NSAN Y\u0130YEN KALE<span class=\"excerpt-hellip\"> [\u2026]<\/span><\/p>\n","protected":false},"featured_media":0,"template":"","meta":{"_monsterinsights_skip_tracking":false,"_monsterinsights_sitenote_active":false,"_monsterinsights_sitenote_note":"","_monsterinsights_sitenote_category":0},"product_brand":[],"product_cat":[12416,12291],"product_tag":[],"class_list":{"0":"post-771266","1":"product","2":"type-product","3":"status-publish","5":"product_cat-cizgi-roman","6":"product_cat-edebiyat","7":"pa_cilt-ciltsiz","8":"pa_tur-kitap","9":"pa_yayinevi-athica-yayinlari","10":"pa_yazar-mo-xiang-tong-xiu","12":"first","13":"instock","14":"sale","15":"shipping-taxable","16":"purchasable","17":"product-type-simple"},"_links":{"self":[{"href":"https:\/\/roveyayinevi.com.tr\/index.php\/wp-json\/wp\/v2\/product\/771266","targetHints":{"allow":["GET"]}}],"collection":[{"href":"https:\/\/roveyayinevi.com.tr\/index.php\/wp-json\/wp\/v2\/product"}],"about":[{"href":"https:\/\/roveyayinevi.com.tr\/index.php\/wp-json\/wp\/v2\/types\/product"}],"wp:attachment":[{"href":"https:\/\/roveyayinevi.com.tr\/index.php\/wp-json\/wp\/v2\/media?parent=771266"}],"wp:term":[{"taxonomy":"product_brand","embeddable":true,"href":"https:\/\/roveyayinevi.com.tr\/index.php\/wp-json\/wp\/v2\/product_brand?post=771266"},{"taxonomy":"product_cat","embeddable":true,"href":"https:\/\/roveyayinevi.com.tr\/index.php\/wp-json\/wp\/v2\/product_cat?post=771266"},{"taxonomy":"product_tag","embeddable":true,"href":"https:\/\/roveyayinevi.com.tr\/index.php\/wp-json\/wp\/v2\/product_tag?post=771266"}],"curies":[{"name":"wp","href":"https:\/\/api.w.org\/{rel}","templated":true}]}}