{"id":771264,"date":"2025-08-28T14:59:37","date_gmt":"2025-08-28T11:59:37","guid":{"rendered":"https:\/\/roveyayinevi.com.tr\/index.php\/urun\/biz-erkekler\/"},"modified":"2026-04-15T03:37:41","modified_gmt":"2026-04-15T00:37:41","slug":"biz-erkekler","status":"publish","type":"product","link":"https:\/\/roveyayinevi.com.tr\/index.php\/urun\/biz-erkekler\/","title":{"rendered":"Biz Erkekler"},"content":{"rendered":"<p>\u201cErkek olman\u0131n \u2018tek bir ger\u00e7ek erkeklik formu\u2019na referansla kad\u0131nl\u0131k durumunun kar\u015f\u0131t\u0131 bir varolu\u015f bi\u00e7imini imledi\u011fi monolitik bak\u0131\u015f a\u00e7\u0131s\u0131ndan, tarihsel bir kategori olarak farkl\u0131 kimlikleri kesen \u00e7o\u011ful erkekliklerin kabul\u00fcne do\u011fru bir hat; (\u2026) kad\u0131nlar ile erkeklerin aras\u0131ndakiler kadar farkl\u0131 erkeklikler aras\u0131ndaki ili\u015fkileri de sorunsalla\u015ft\u0131ran bir iktidar anlat\u0131s\u0131n\u0131n alt\u0131n\u0131 \u00e7iziyor. Kendi kapal\u0131 tarihine s\u0131k\u0131\u015fm\u0131\u015f erkek(lik) tahayy\u00fcl\u00fcnden s\u0131yr\u0131l\u0131p (cinsiyet\u00e7i) (\u2026) erkekli\u011fi ideolojik-politik alanda \u00e7eki\u015fme-direni\u015f-itaat pratiklerine referansla kavrayan bir anlay\u0131\u015f\u0131 g\u00fcndeme ta\u015f\u0131yor.\u201d Aylin \u00d6zman &#8220;Biz Erkekler\u201d, modern T\u00fcrkiye\u2019nin in\u015fa s\u00fcrecinde siyaset, d\u00fc\u015f\u00fcnce hayat\u0131 ve edebiyatta erkeklik anlat\u0131lar\u0131n\u0131n analizini yap\u0131yor. Kemalist modernle\u015fmenin \u201cyeni adam\u201dlar\u0131 (Yakup Kadri, Peyami Safa, Ahmet A\u011fao\u011flu, \u0130smay\u0131l Hakk\u0131 Baltac\u0131o\u011flu, Mavi Anadolucular), \u0130sl\u00e2mc\u0131lar (Necip Faz\u0131l, Nurettin Top\u00e7u, \u0130smet \u00d6zel), \u0131rk\u00e7\u0131-militarist milliyet\u00e7iler (\u00d6mer Seyfettin, Nihal Ats\u0131z, Esat Mahmut Karakurt), \u201cerkeklikten muaf\u201d olma iddias\u0131ndaki solcular (\u015eefik H\u00fcsn\u00fc, Zekeriya Sertel, Hikmet K\u0131v\u0131lcml\u0131) nas\u0131l erkeklik imgeleri kurdular? Zihin a\u00e7\u0131c\u0131 oldu\u011fu kadar okuma ve ke\u015fif zevki veren bir derleme. Aylin \u00d6zman, Selin Aky\u00fcz ve G\u00fcl\u015fen Seven\u2019in haz\u0131rlad\u0131\u011f\u0131 derlemede ayr\u0131ca Alev \u00c7\u0131nar ile Beyza \u00c7ubuk\u00e7u, Sercan \u00c7\u0131nar, Asl\u0131 \u00c7\u0131rakman, Ay\u015fe Durakba\u015fa, \u00d6zlem Duva Kaya, Funda Gen\u00e7o\u011flu, Murat G\u00f6\u00e7, \u00c7imen G\u00fcnay Erkol, Feyda Sayan Cengiz,\u0130nci \u00d6zkan Kerestecio\u011flu, Nurseli Ye\u015fim S\u00fcnb\u00fclo\u011flu, H. Bahad\u0131r T\u00fcrk, Asl\u0131 Yaz\u0131c\u0131 Yak\u0131n ile Meri\u00e7 K\u00fckrer ve Sinan Y\u0131ld\u0131rmaz\u2019\u0131n yaz\u0131lar\u0131 yer ald\u0131. <\/p>\n","protected":false},"excerpt":{"rendered":"<p>\u201cErkek olman\u0131n \u2018tek bir ger\u00e7ek erkeklik formu\u2019na referansla kad\u0131nl\u0131k durumunun kar\u015f\u0131t\u0131 bir varolu\u015f bi\u00e7imini imledi\u011fi monolitik bak\u0131\u015f a\u00e7\u0131s\u0131ndan, tarihsel bir kategori olarak farkl\u0131 kimlikleri kesen \u00e7o\u011ful<span class=\"excerpt-hellip\"> [\u2026]<\/span><\/p>\n","protected":false},"featured_media":0,"template":"","meta":{"_monsterinsights_skip_tracking":false,"_monsterinsights_sitenote_active":false,"_monsterinsights_sitenote_note":"","_monsterinsights_sitenote_category":0},"product_brand":[],"product_cat":[12325,12324],"product_tag":[],"class_list":{"0":"post-771264","1":"product","2":"type-product","3":"status-publish","5":"product_cat-diger-sosyoloji","6":"product_cat-sosyoloji","7":"pa_cilt-ciltsiz","8":"pa_tur-kitap","9":"pa_yayinevi-iletisim-yayinlari","10":"pa_yazar-kolektif","12":"first","13":"instock","14":"sale","15":"shipping-taxable","16":"purchasable","17":"product-type-simple"},"_links":{"self":[{"href":"https:\/\/roveyayinevi.com.tr\/index.php\/wp-json\/wp\/v2\/product\/771264","targetHints":{"allow":["GET"]}}],"collection":[{"href":"https:\/\/roveyayinevi.com.tr\/index.php\/wp-json\/wp\/v2\/product"}],"about":[{"href":"https:\/\/roveyayinevi.com.tr\/index.php\/wp-json\/wp\/v2\/types\/product"}],"wp:attachment":[{"href":"https:\/\/roveyayinevi.com.tr\/index.php\/wp-json\/wp\/v2\/media?parent=771264"}],"wp:term":[{"taxonomy":"product_brand","embeddable":true,"href":"https:\/\/roveyayinevi.com.tr\/index.php\/wp-json\/wp\/v2\/product_brand?post=771264"},{"taxonomy":"product_cat","embeddable":true,"href":"https:\/\/roveyayinevi.com.tr\/index.php\/wp-json\/wp\/v2\/product_cat?post=771264"},{"taxonomy":"product_tag","embeddable":true,"href":"https:\/\/roveyayinevi.com.tr\/index.php\/wp-json\/wp\/v2\/product_tag?post=771264"}],"curies":[{"name":"wp","href":"https:\/\/api.w.org\/{rel}","templated":true}]}}