{"id":771260,"date":"2025-08-28T14:59:29","date_gmt":"2025-08-28T11:59:29","guid":{"rendered":"https:\/\/roveyayinevi.com.tr\/index.php\/urun\/bay-jeremy-balikcinin-masali\/"},"modified":"2026-04-15T03:37:41","modified_gmt":"2026-04-15T00:37:41","slug":"bay-jeremy-balikcinin-masali","status":"publish","type":"product","link":"https:\/\/roveyayinevi.com.tr\/index.php\/urun\/bay-jeremy-balikcinin-masali\/","title":{"rendered":"Bay Jeremy Bal\u0131k\u00e7\u0131\u2019n\u0131n Masal\u0131"},"content":{"rendered":"<p>Bay Jeremy Bal\u0131k\u00e7\u0131, o ak\u015fam iki arkada\u015f\u0131n\u0131 ak\u015fam yeme\u011fine davet etmek istiyormu\u015f. Bu y\u00fczden bal\u0131k tutmak i\u00e7in nil\u00fcfer yapra\u011f\u0131ndan sal\u0131na atlay\u0131p g\u00f6lette ilerlemeye ba\u015flam\u0131\u015f. Ancak i\u015fler hi\u00e7 de bekledi\u011fi gibi gitmemi\u015f. \u0130\u015fte bu kitap onun ba\u015f\u0131na neler geldi\u011fi ve has\u0131r yol \u00e7antas\u0131n\u0131, oltas\u0131n\u0131 ve parlak plastik pabu\u00e7lar\u0131n\u0131 nas\u0131l kaybetti\u011fi \u00fczerine bir masal! <\/p>\n","protected":false},"excerpt":{"rendered":"<p>Bay Jeremy Bal\u0131k\u00e7\u0131, o ak\u015fam iki arkada\u015f\u0131n\u0131 ak\u015fam yeme\u011fine davet etmek istiyormu\u015f. Bu y\u00fczden bal\u0131k tutmak i\u00e7in nil\u00fcfer yapra\u011f\u0131ndan sal\u0131na atlay\u0131p g\u00f6lette ilerlemeye ba\u015flam\u0131\u015f. Ancak i\u015fler<span class=\"excerpt-hellip\"> [\u2026]<\/span><\/p>\n","protected":false},"featured_media":0,"template":"","meta":{"_monsterinsights_skip_tracking":false,"_monsterinsights_sitenote_active":false,"_monsterinsights_sitenote_note":"","_monsterinsights_sitenote_category":0},"product_brand":[],"product_cat":[12274,12523],"product_tag":[],"class_list":{"0":"post-771260","1":"product","2":"type-product","3":"status-publish","5":"product_cat-cocuk-ve-genclik-kitaplari","6":"product_cat-masallar","7":"pa_cilt-ciltsiz","8":"pa_tur-kitap","9":"pa_yayinevi-ithaki-yayinlari","10":"pa_yazar-beatrix-potter","12":"first","13":"instock","14":"sale","15":"shipping-taxable","16":"purchasable","17":"product-type-simple"},"_links":{"self":[{"href":"https:\/\/roveyayinevi.com.tr\/index.php\/wp-json\/wp\/v2\/product\/771260","targetHints":{"allow":["GET"]}}],"collection":[{"href":"https:\/\/roveyayinevi.com.tr\/index.php\/wp-json\/wp\/v2\/product"}],"about":[{"href":"https:\/\/roveyayinevi.com.tr\/index.php\/wp-json\/wp\/v2\/types\/product"}],"wp:attachment":[{"href":"https:\/\/roveyayinevi.com.tr\/index.php\/wp-json\/wp\/v2\/media?parent=771260"}],"wp:term":[{"taxonomy":"product_brand","embeddable":true,"href":"https:\/\/roveyayinevi.com.tr\/index.php\/wp-json\/wp\/v2\/product_brand?post=771260"},{"taxonomy":"product_cat","embeddable":true,"href":"https:\/\/roveyayinevi.com.tr\/index.php\/wp-json\/wp\/v2\/product_cat?post=771260"},{"taxonomy":"product_tag","embeddable":true,"href":"https:\/\/roveyayinevi.com.tr\/index.php\/wp-json\/wp\/v2\/product_tag?post=771260"}],"curies":[{"name":"wp","href":"https:\/\/api.w.org\/{rel}","templated":true}]}}