{"id":771254,"date":"2025-08-28T14:59:16","date_gmt":"2025-08-28T11:59:16","guid":{"rendered":"https:\/\/roveyayinevi.com.tr\/index.php\/urun\/kocgiri-tarihi-ciltli\/"},"modified":"2026-04-15T03:37:41","modified_gmt":"2026-04-15T00:37:41","slug":"kocgiri-tarihi-ciltli","status":"publish","type":"product","link":"https:\/\/roveyayinevi.com.tr\/index.php\/urun\/kocgiri-tarihi-ciltli\/","title":{"rendered":"Ko\u00e7giri Tarihi (Ciltli)"},"content":{"rendered":"<p>Bu \u00e7al\u0131\u015fmaya, Ko\u00e7giri tarihi ve Ko\u00e7girililer hakk\u0131nda karart\u0131lm\u0131\u015f d\u00f6nemlerin ayd\u0131nlat\u0131lmas\u0131 amac\u0131yla ba\u015flanm\u0131\u015ft\u0131r. Osmanl\u0131 ar\u015fivlerinin 16-19. y\u00fczy\u0131l belgeleri incelenmi\u015f, Ko\u00e7girililerin ge\u00e7mi\u015fi a\u015fa\u011f\u0131daki sorularla izlenmi\u015ftir. \u00b7       Ko\u00e7girililer kimdir? Hangi a\u015firetlerden geldiler? Tarihi \u00c7emi\u015fgezek Beyli\u011fi\u2019nden bug\u00fcnk\u00fc yerlerine ne zaman, neden s\u00fcr\u00fcld\u00fcler? \u00b7       Osmanl\u0131\u2019n\u0131n K\u0131z\u0131lba\u015f K\u00fcrt a\u015firetlere bak\u0131\u015f\u0131 belgelere nas\u0131l yans\u0131d\u0131; bu belgeler tarih \u00e7al\u0131\u015fmalar\u0131na nas\u0131l yans\u0131d\u0131? \u00b7       Bug\u00fcn Sivas-\u0130mranl\u0131\u2019ya ba\u011fl\u0131 k\u00f6yler neden 1834 n\u00fcfus say\u0131m\u0131nda Harput Eyaleti\u2019ne ba\u011fl\u0131yd\u0131? \u00b7       \u00d6zel stat\u00fcl\u00fc Maadin-i H\u00fcmayun Eminli\u011fi, s\u00f6m\u00fcrge tarz\u0131 y\u00f6netimin ve b\u00f6lgede bug\u00fcne kadar uygulanan ola\u011fan\u00fcst\u00fc hal y\u00f6netimlerinin \u00f6nc\u00fcl\u00fc m\u00fcd\u00fcr? \u00b7       Akademide inan\u00e7 farkl\u0131l\u0131klar\u0131 ve \u201c\u015fekavet\u201de dayand\u0131r\u0131lan \u00b7       18-19. yy \u201ca\u015firetlerin isk\u00e2n\u0131\u201dn\u0131n \u00fczerinde durulmayan sosyo-ekonomik nedenleri, Maadin-i H\u00fcmayun\u2019u yaratan ko\u015fullar ve uygulamalar\u0131 olabilir mi? \u00b7       Ko\u00e7girililer \u201ce\u015fk\u0131yal\u0131k\u201dtan siyasal muhatapl\u0131\u011fa nas\u0131l ge\u00e7ti? 1855\u2019te Ko\u00e7giri Kazas\u0131, 1857\u2019de Ko\u00e7giri Kaymakaml\u0131\u011f\u0131 nas\u0131l kurulabildi?         A\u015firetin \u00f6nemli liderlerinden B\u00fcy\u00fck Ali\u015fan Bey kimdir, Ko\u00e7girililerin 20. y\u00fczy\u0131la uzanan varl\u0131\u011f\u0131nda nas\u0131l bir rol\u00fc oldu?<\/p>\n","protected":false},"excerpt":{"rendered":"<p>Bu \u00e7al\u0131\u015fmaya, Ko\u00e7giri tarihi ve Ko\u00e7girililer hakk\u0131nda karart\u0131lm\u0131\u015f d\u00f6nemlerin ayd\u0131nlat\u0131lmas\u0131 amac\u0131yla ba\u015flanm\u0131\u015ft\u0131r. Osmanl\u0131 ar\u015fivlerinin 16-19. y\u00fczy\u0131l belgeleri incelenmi\u015f, Ko\u00e7girililerin ge\u00e7mi\u015fi a\u015fa\u011f\u0131daki sorularla izlenmi\u015ftir. \u00b7 Ko\u00e7girililer kimdir?<span class=\"excerpt-hellip\"> [\u2026]<\/span><\/p>\n","protected":false},"featured_media":0,"template":"","meta":{"_monsterinsights_skip_tracking":false,"_monsterinsights_sitenote_active":false,"_monsterinsights_sitenote_note":"","_monsterinsights_sitenote_category":0},"product_brand":[],"product_cat":[13517,12304],"product_tag":[],"class_list":{"0":"post-771254","1":"product","2":"type-product","3":"status-publish","5":"product_cat-osmanli-tarihi","6":"product_cat-tarih","7":"pa_cilt-ciltli","8":"pa_tur-kitap","9":"pa_yayinevi-dipnot-yayinlari","10":"pa_yazar-kolektif","12":"first","13":"instock","14":"sale","15":"shipping-taxable","16":"purchasable","17":"product-type-simple"},"_links":{"self":[{"href":"https:\/\/roveyayinevi.com.tr\/index.php\/wp-json\/wp\/v2\/product\/771254","targetHints":{"allow":["GET"]}}],"collection":[{"href":"https:\/\/roveyayinevi.com.tr\/index.php\/wp-json\/wp\/v2\/product"}],"about":[{"href":"https:\/\/roveyayinevi.com.tr\/index.php\/wp-json\/wp\/v2\/types\/product"}],"wp:attachment":[{"href":"https:\/\/roveyayinevi.com.tr\/index.php\/wp-json\/wp\/v2\/media?parent=771254"}],"wp:term":[{"taxonomy":"product_brand","embeddable":true,"href":"https:\/\/roveyayinevi.com.tr\/index.php\/wp-json\/wp\/v2\/product_brand?post=771254"},{"taxonomy":"product_cat","embeddable":true,"href":"https:\/\/roveyayinevi.com.tr\/index.php\/wp-json\/wp\/v2\/product_cat?post=771254"},{"taxonomy":"product_tag","embeddable":true,"href":"https:\/\/roveyayinevi.com.tr\/index.php\/wp-json\/wp\/v2\/product_tag?post=771254"}],"curies":[{"name":"wp","href":"https:\/\/api.w.org\/{rel}","templated":true}]}}