{"id":771253,"date":"2025-08-28T14:59:14","date_gmt":"2025-08-28T11:59:14","guid":{"rendered":"https:\/\/roveyayinevi.com.tr\/index.php\/urun\/ask-oyunu-ciltli\/"},"modified":"2026-04-15T03:37:41","modified_gmt":"2026-04-15T00:37:41","slug":"ask-oyunu-ciltli","status":"publish","type":"product","link":"https:\/\/roveyayinevi.com.tr\/index.php\/urun\/ask-oyunu-ciltli\/","title":{"rendered":"A\u015fk Oyunu (Ciltli)"},"content":{"rendered":"<p>A\u015eK \u0130NT\u0130KAM U\u011eRUNA HARCANIR MI?   A\u015fk\u0131n, ihanetin ve intikam\u0131n karanl\u0131k dokusunu oyunun her b\u00f6l\u00fcmde tekrar tekrar ya\u015fan\u0131rken. Leyla&#8217;n\u0131n mafya ailesinin i\u00e7ine s\u0131zmak i\u00e7in Kenan&#8217;a yakla\u015fmas\u0131yla ba\u015flayan bu ser\u00fcven, karakterlerin z\u0131tl\u0131klar\u0131n\u0131 ve toksik ili\u015fkilerini merkeze al\u0131yor.   Ancak bu, yaln\u0131zca ba\u015flang\u0131\u00e7. \u0130ki karakterin aras\u0131ndaki \u00e7eki\u015fme, okuyucular\u0131 sayfalar aras\u0131nda bir gerilim dolu dansa davet ediyor.   Labirentte kaybolmak risklidir \u00e7\u00fcnk\u00fc her ad\u0131m\u0131n\u0131z, daha da karanl\u0131k \u00e7\u0131kmazlara girmenize neden olabilir. Unutmay\u0131n, &#8220;bu oyunun kurallar\u0131, kendi i\u00e7inde bir \u00e7eli\u015fki bar\u0131nd\u0131r\u0131r. Her hamle, bir sonraki oyunun ba\u015flang\u0131c\u0131 olabilir.   B\u00dcY\u00dcK B\u0130R \u0130NT\u0130KAM \u0130\u00c7\u0130N OYNANMASI GEREKEN B\u0130R OYUNDU, ASLINDA HER \u015eEY&#8230; <\/p>\n","protected":false},"excerpt":{"rendered":"<p>A\u015eK \u0130NT\u0130KAM U\u011eRUNA HARCANIR MI? A\u015fk\u0131n, ihanetin ve intikam\u0131n karanl\u0131k dokusunu oyunun her b\u00f6l\u00fcmde tekrar tekrar ya\u015fan\u0131rken. Leyla&#8217;n\u0131n mafya ailesinin i\u00e7ine s\u0131zmak i\u00e7in Kenan&#8217;a yakla\u015fmas\u0131yla ba\u015flayan<span class=\"excerpt-hellip\"> [\u2026]<\/span><\/p>\n","protected":false},"featured_media":0,"template":"","meta":{"_monsterinsights_skip_tracking":false,"_monsterinsights_sitenote_active":false,"_monsterinsights_sitenote_note":"","_monsterinsights_sitenote_category":0},"product_brand":[],"product_cat":[12291,14777],"product_tag":[],"class_list":{"0":"post-771253","1":"product","2":"type-product","3":"status-publish","5":"product_cat-edebiyat","6":"product_cat-fantastik","7":"pa_cilt-ciltli","8":"pa_tur-kitap","9":"pa_yayinevi-lolla-yayinlari","10":"pa_yazar-aysel-ergun","12":"first","13":"instock","14":"sale","15":"shipping-taxable","16":"purchasable","17":"product-type-simple"},"_links":{"self":[{"href":"https:\/\/roveyayinevi.com.tr\/index.php\/wp-json\/wp\/v2\/product\/771253","targetHints":{"allow":["GET"]}}],"collection":[{"href":"https:\/\/roveyayinevi.com.tr\/index.php\/wp-json\/wp\/v2\/product"}],"about":[{"href":"https:\/\/roveyayinevi.com.tr\/index.php\/wp-json\/wp\/v2\/types\/product"}],"wp:attachment":[{"href":"https:\/\/roveyayinevi.com.tr\/index.php\/wp-json\/wp\/v2\/media?parent=771253"}],"wp:term":[{"taxonomy":"product_brand","embeddable":true,"href":"https:\/\/roveyayinevi.com.tr\/index.php\/wp-json\/wp\/v2\/product_brand?post=771253"},{"taxonomy":"product_cat","embeddable":true,"href":"https:\/\/roveyayinevi.com.tr\/index.php\/wp-json\/wp\/v2\/product_cat?post=771253"},{"taxonomy":"product_tag","embeddable":true,"href":"https:\/\/roveyayinevi.com.tr\/index.php\/wp-json\/wp\/v2\/product_tag?post=771253"}],"curies":[{"name":"wp","href":"https:\/\/api.w.org\/{rel}","templated":true}]}}