{"id":771248,"date":"2025-08-28T14:59:04","date_gmt":"2025-08-28T11:59:04","guid":{"rendered":"https:\/\/roveyayinevi.com.tr\/index.php\/urun\/turkiye-ormanlarinin-alansal-gelisimi-2012-2022\/"},"modified":"2026-04-15T03:37:41","modified_gmt":"2026-04-15T00:37:41","slug":"turkiye-ormanlarinin-alansal-gelisimi-2012-2022","status":"publish","type":"product","link":"https:\/\/roveyayinevi.com.tr\/index.php\/urun\/turkiye-ormanlarinin-alansal-gelisimi-2012-2022\/","title":{"rendered":"T\u00fcrkiye Ormanlar\u0131n\u0131n Alansal Geli\u015fimi (2012-2022)"},"content":{"rendered":"<p>T\u00fcrkiye Ormanlar\u0131n\u0131n Alansal Geli\u015fimi (2012-2022)<\/p>\n","protected":false},"excerpt":{"rendered":"<p>T\u00fcrkiye Ormanlar\u0131n\u0131n Alansal Geli\u015fimi (2012-2022)<\/p>\n","protected":false},"featured_media":0,"template":"","meta":{"_monsterinsights_skip_tracking":false,"_monsterinsights_sitenote_active":false,"_monsterinsights_sitenote_note":"","_monsterinsights_sitenote_category":0},"product_brand":[],"product_cat":[74169],"product_tag":[],"class_list":{"0":"post-771248","1":"product","2":"type-product","3":"status-publish","5":"product_cat-cografya","6":"pa_cilt-ciltsiz","7":"pa_tur-kitap","8":"pa_yayinevi-palme-yayincilik-akademik","9":"pa_yazar-altan-ugur-gul","11":"first","12":"instock","13":"sale","14":"shipping-taxable","15":"purchasable","16":"product-type-simple"},"_links":{"self":[{"href":"https:\/\/roveyayinevi.com.tr\/index.php\/wp-json\/wp\/v2\/product\/771248","targetHints":{"allow":["GET"]}}],"collection":[{"href":"https:\/\/roveyayinevi.com.tr\/index.php\/wp-json\/wp\/v2\/product"}],"about":[{"href":"https:\/\/roveyayinevi.com.tr\/index.php\/wp-json\/wp\/v2\/types\/product"}],"wp:attachment":[{"href":"https:\/\/roveyayinevi.com.tr\/index.php\/wp-json\/wp\/v2\/media?parent=771248"}],"wp:term":[{"taxonomy":"product_brand","embeddable":true,"href":"https:\/\/roveyayinevi.com.tr\/index.php\/wp-json\/wp\/v2\/product_brand?post=771248"},{"taxonomy":"product_cat","embeddable":true,"href":"https:\/\/roveyayinevi.com.tr\/index.php\/wp-json\/wp\/v2\/product_cat?post=771248"},{"taxonomy":"product_tag","embeddable":true,"href":"https:\/\/roveyayinevi.com.tr\/index.php\/wp-json\/wp\/v2\/product_tag?post=771248"}],"curies":[{"name":"wp","href":"https:\/\/api.w.org\/{rel}","templated":true}]}}