{"id":771244,"date":"2025-08-28T14:58:56","date_gmt":"2025-08-28T11:58:56","guid":{"rendered":"https:\/\/roveyayinevi.com.tr\/index.php\/urun\/dil-ve-muzigin-karsilastirilmasi-2\/"},"modified":"2026-04-15T03:37:40","modified_gmt":"2026-04-15T00:37:40","slug":"dil-ve-muzigin-karsilastirilmasi-2","status":"publish","type":"product","link":"https:\/\/roveyayinevi.com.tr\/index.php\/urun\/dil-ve-muzigin-karsilastirilmasi-2\/","title":{"rendered":"Dil ve M\u00fczi\u011fin Kar\u015f\u0131la\u015ft\u0131r\u0131lmas\u0131"},"content":{"rendered":"<p>Dilbilim ve m\u00fczikbilim i\u015fbirli\u011finin dilbilime, m\u00fczi\u011fin tekelinde olmayan ama onun uzmanl\u0131\u011f\u0131nda olan ara\u00e7 ve y\u00f6ntemleri kullanarak kendi sesbilim alan\u0131n\u0131 zenginle\u015ftirmek, m\u00fczikbilime de bu al\u0131\u015fveri\u015f sayesinde temel \u00f6\u011felerini g\u00f6zden ge\u00e7irip daha bilin\u00e7li ve daha d\u00fczenli bir \u015fekilde tekrar s\u0131n\u0131fland\u0131rmak ve b\u00f6ylece sa\u011fl\u0131kl\u0131 ve yayg\u0131n bir m\u00fczik e\u011fitimine olanak sa\u011flamak gibi katk\u0131lar\u0131 olacakt\u0131r. <\/p>\n","protected":false},"excerpt":{"rendered":"<p>Dilbilim ve m\u00fczikbilim i\u015fbirli\u011finin dilbilime, m\u00fczi\u011fin tekelinde olmayan ama onun uzmanl\u0131\u011f\u0131nda olan ara\u00e7 ve y\u00f6ntemleri kullanarak kendi sesbilim alan\u0131n\u0131 zenginle\u015ftirmek, m\u00fczikbilime de bu al\u0131\u015fveri\u015f sayesinde temel<span class=\"excerpt-hellip\"> [\u2026]<\/span><\/p>\n","protected":false},"featured_media":0,"template":"","meta":{"_monsterinsights_skip_tracking":false,"_monsterinsights_sitenote_active":false,"_monsterinsights_sitenote_note":"","_monsterinsights_sitenote_category":0},"product_brand":[],"product_cat":[12573,12566],"product_tag":[],"class_list":{"0":"post-771244","1":"product","2":"type-product","3":"status-publish","5":"product_cat-akademik-kitaplar","6":"product_cat-egitim","7":"pa_cilt-ciltsiz","8":"pa_tur-kitap","9":"pa_yayinevi-soncag-akademik-kitaplar","10":"pa_yazar-mehmet-emin-goktepe","12":"first","13":"instock","14":"sale","15":"shipping-taxable","16":"purchasable","17":"product-type-simple"},"_links":{"self":[{"href":"https:\/\/roveyayinevi.com.tr\/index.php\/wp-json\/wp\/v2\/product\/771244","targetHints":{"allow":["GET"]}}],"collection":[{"href":"https:\/\/roveyayinevi.com.tr\/index.php\/wp-json\/wp\/v2\/product"}],"about":[{"href":"https:\/\/roveyayinevi.com.tr\/index.php\/wp-json\/wp\/v2\/types\/product"}],"wp:attachment":[{"href":"https:\/\/roveyayinevi.com.tr\/index.php\/wp-json\/wp\/v2\/media?parent=771244"}],"wp:term":[{"taxonomy":"product_brand","embeddable":true,"href":"https:\/\/roveyayinevi.com.tr\/index.php\/wp-json\/wp\/v2\/product_brand?post=771244"},{"taxonomy":"product_cat","embeddable":true,"href":"https:\/\/roveyayinevi.com.tr\/index.php\/wp-json\/wp\/v2\/product_cat?post=771244"},{"taxonomy":"product_tag","embeddable":true,"href":"https:\/\/roveyayinevi.com.tr\/index.php\/wp-json\/wp\/v2\/product_tag?post=771244"}],"curies":[{"name":"wp","href":"https:\/\/api.w.org\/{rel}","templated":true}]}}