{"id":771238,"date":"2025-08-28T14:58:44","date_gmt":"2025-08-28T11:58:44","guid":{"rendered":"https:\/\/roveyayinevi.com.tr\/index.php\/urun\/muzigin-temel-ogeleri-ses-sure-hiz-yogunluk\/"},"modified":"2026-04-15T03:37:40","modified_gmt":"2026-04-15T00:37:40","slug":"muzigin-temel-ogeleri-ses-sure-hiz-yogunluk","status":"publish","type":"product","link":"https:\/\/roveyayinevi.com.tr\/index.php\/urun\/muzigin-temel-ogeleri-ses-sure-hiz-yogunluk\/","title":{"rendered":"M\u00fczi\u011fin Temel \u00d6\u011feleri Ses \u2013 S\u00fcre \u2013 H\u0131z \u2013 Yo\u011funluk"},"content":{"rendered":"<p>M\u00fczi\u011fin temel \u00f6\u011felerinin d\u00f6rt temel ba\u015fl\u0131k alt\u0131nda toplanabilece\u011fi g\u00f6r\u00fc\u015f\u00fcyle yola \u00e7\u0131k\u0131lan bu \u00e7al\u0131\u015fmada bu \u00f6\u011felerin m\u00fczik olu\u015fturma s\u00fcrecinde biraraya getirilip nas\u0131l kullan\u0131ld\u0131\u011f\u0131 konusu, M\u00fczik Yap\u0131m\u0131 adl\u0131 bir di\u011fer kitab\u0131mda ele al\u0131nm\u0131\u015ft\u0131r. <\/p>\n","protected":false},"excerpt":{"rendered":"<p>M\u00fczi\u011fin temel \u00f6\u011felerinin d\u00f6rt temel ba\u015fl\u0131k alt\u0131nda toplanabilece\u011fi g\u00f6r\u00fc\u015f\u00fcyle yola \u00e7\u0131k\u0131lan bu \u00e7al\u0131\u015fmada bu \u00f6\u011felerin m\u00fczik olu\u015fturma s\u00fcrecinde biraraya getirilip nas\u0131l kullan\u0131ld\u0131\u011f\u0131 konusu, M\u00fczik Yap\u0131m\u0131 adl\u0131<span class=\"excerpt-hellip\"> [\u2026]<\/span><\/p>\n","protected":false},"featured_media":0,"template":"","meta":{"_monsterinsights_skip_tracking":false,"_monsterinsights_sitenote_active":false,"_monsterinsights_sitenote_note":"","_monsterinsights_sitenote_category":0},"product_brand":[],"product_cat":[14556,20810],"product_tag":[],"class_list":{"0":"post-771238","1":"product","2":"type-product","3":"status-publish","5":"product_cat-muzik","6":"product_cat-ogrenim-kitaplari","7":"pa_cilt-ciltsiz","8":"pa_tur-kitap","9":"pa_yayinevi-soncag-akademik-kitaplar","10":"pa_yazar-mehmet-emin-goktepe","12":"first","13":"instock","14":"sale","15":"shipping-taxable","16":"purchasable","17":"product-type-simple"},"_links":{"self":[{"href":"https:\/\/roveyayinevi.com.tr\/index.php\/wp-json\/wp\/v2\/product\/771238","targetHints":{"allow":["GET"]}}],"collection":[{"href":"https:\/\/roveyayinevi.com.tr\/index.php\/wp-json\/wp\/v2\/product"}],"about":[{"href":"https:\/\/roveyayinevi.com.tr\/index.php\/wp-json\/wp\/v2\/types\/product"}],"wp:attachment":[{"href":"https:\/\/roveyayinevi.com.tr\/index.php\/wp-json\/wp\/v2\/media?parent=771238"}],"wp:term":[{"taxonomy":"product_brand","embeddable":true,"href":"https:\/\/roveyayinevi.com.tr\/index.php\/wp-json\/wp\/v2\/product_brand?post=771238"},{"taxonomy":"product_cat","embeddable":true,"href":"https:\/\/roveyayinevi.com.tr\/index.php\/wp-json\/wp\/v2\/product_cat?post=771238"},{"taxonomy":"product_tag","embeddable":true,"href":"https:\/\/roveyayinevi.com.tr\/index.php\/wp-json\/wp\/v2\/product_tag?post=771238"}],"curies":[{"name":"wp","href":"https:\/\/api.w.org\/{rel}","templated":true}]}}