{"id":771236,"date":"2025-08-28T14:58:40","date_gmt":"2025-08-28T11:58:40","guid":{"rendered":"https:\/\/roveyayinevi.com.tr\/index.php\/urun\/gokyuzundeki-tehlike\/"},"modified":"2026-04-15T03:37:40","modified_gmt":"2026-04-15T00:37:40","slug":"gokyuzundeki-tehlike","status":"publish","type":"product","link":"https:\/\/roveyayinevi.com.tr\/index.php\/urun\/gokyuzundeki-tehlike\/","title":{"rendered":"G\u00f6ky\u00fcz\u00fcndeki Tehlike"},"content":{"rendered":"<p>Deniz, \u00e7ocukken g\u00f6ky\u00fcz\u00fcne teleskopla bakarken kurdu\u011fu hayallerin bir g\u00fcn ger\u00e7e\u011fe d\u00f6n\u00fc\u015fece\u011fini hi\u00e7 bilmiyordu. Art\u0131k 40 ya\u015f\u0131nda, dostlar\u0131yla birlikte d\u00fcnyan\u0131n kaderini de\u011fi\u015ftirecek bir yolculu\u011fa \u00e7\u0131k\u0131yor. Bu hik\u00e2ye, cesaretin, arkada\u015fl\u0131\u011f\u0131n ve birlikte ba\u015farman\u0131n hik\u00e2yesi. <\/p>\n","protected":false},"excerpt":{"rendered":"<p>Deniz, \u00e7ocukken g\u00f6ky\u00fcz\u00fcne teleskopla bakarken kurdu\u011fu hayallerin bir g\u00fcn ger\u00e7e\u011fe d\u00f6n\u00fc\u015fece\u011fini hi\u00e7 bilmiyordu. Art\u0131k 40 ya\u015f\u0131nda, dostlar\u0131yla birlikte d\u00fcnyan\u0131n kaderini de\u011fi\u015ftirecek bir yolculu\u011fa \u00e7\u0131k\u0131yor. Bu hik\u00e2ye,<span class=\"excerpt-hellip\"> [\u2026]<\/span><\/p>\n","protected":false},"featured_media":0,"template":"","meta":{"_monsterinsights_skip_tracking":false,"_monsterinsights_sitenote_active":false,"_monsterinsights_sitenote_note":"","_monsterinsights_sitenote_category":0},"product_brand":[],"product_cat":[12274,12284],"product_tag":[],"class_list":{"0":"post-771236","1":"product","2":"type-product","3":"status-publish","5":"product_cat-cocuk-ve-genclik-kitaplari","6":"product_cat-hikayeler","7":"pa_cilt-ciltsiz","8":"pa_tur-kitap","9":"pa_yayinevi-soncag","10":"pa_yazar-deniz-karaman","12":"first","13":"instock","14":"sale","15":"shipping-taxable","16":"purchasable","17":"product-type-simple"},"_links":{"self":[{"href":"https:\/\/roveyayinevi.com.tr\/index.php\/wp-json\/wp\/v2\/product\/771236","targetHints":{"allow":["GET"]}}],"collection":[{"href":"https:\/\/roveyayinevi.com.tr\/index.php\/wp-json\/wp\/v2\/product"}],"about":[{"href":"https:\/\/roveyayinevi.com.tr\/index.php\/wp-json\/wp\/v2\/types\/product"}],"wp:attachment":[{"href":"https:\/\/roveyayinevi.com.tr\/index.php\/wp-json\/wp\/v2\/media?parent=771236"}],"wp:term":[{"taxonomy":"product_brand","embeddable":true,"href":"https:\/\/roveyayinevi.com.tr\/index.php\/wp-json\/wp\/v2\/product_brand?post=771236"},{"taxonomy":"product_cat","embeddable":true,"href":"https:\/\/roveyayinevi.com.tr\/index.php\/wp-json\/wp\/v2\/product_cat?post=771236"},{"taxonomy":"product_tag","embeddable":true,"href":"https:\/\/roveyayinevi.com.tr\/index.php\/wp-json\/wp\/v2\/product_tag?post=771236"}],"curies":[{"name":"wp","href":"https:\/\/api.w.org\/{rel}","templated":true}]}}