{"id":771233,"date":"2025-08-28T14:58:33","date_gmt":"2025-08-28T11:58:33","guid":{"rendered":"https:\/\/roveyayinevi.com.tr\/index.php\/urun\/ilmin-altin-cagi-cezeri\/"},"modified":"2026-04-15T03:37:40","modified_gmt":"2026-04-15T00:37:40","slug":"ilmin-altin-cagi-cezeri","status":"publish","type":"product","link":"https:\/\/roveyayinevi.com.tr\/index.php\/urun\/ilmin-altin-cagi-cezeri\/","title":{"rendered":"\u0130lmin Alt\u0131n \u00c7a\u011f\u0131 Cezeri"},"content":{"rendered":"<p>Bug\u00fcn,  otonom makinelerle ve robotlarla hayat\u0131m\u0131z\u0131 kolayla\u015ft\u0131r\u0131yorsak bunu binlerce y\u0131ll\u0131k bilim tarihindeki say\u0131s\u0131z kahramana bor\u00e7luyuz. \u015e\u00fcphesiz Cezeri de bu kahramanlar\u0131n en \u00f6nemlilerinden. Robotlarla ilgili yapt\u0131\u011f\u0131 \u00e7al\u0131\u015fmalarla siberneti\u011fin temellerini atm\u0131\u015f, fizik ve mekanik alan\u0131nda \u00f6nemli eserler b\u0131rakm\u0131\u015f bir d\u00e2hi. Makinelerin kendi kendine \u00e7al\u0131\u015fabilece\u011fini ke\u015ffederek bilim tarihinde \u00e7\u0131\u011f\u0131r a\u00e7t\u0131. Cezeri\u2019nin hayat\u0131, bilime olan sevgisi ve s\u0131n\u0131rlar\u0131 a\u015fan azmi, okuyan herkese ilham kayna\u011f\u0131 olacakt\u0131r.<\/p>\n","protected":false},"excerpt":{"rendered":"<p>Bug\u00fcn, otonom makinelerle ve robotlarla hayat\u0131m\u0131z\u0131 kolayla\u015ft\u0131r\u0131yorsak bunu binlerce y\u0131ll\u0131k bilim tarihindeki say\u0131s\u0131z kahramana bor\u00e7luyuz. \u015e\u00fcphesiz Cezeri de bu kahramanlar\u0131n en \u00f6nemlilerinden. Robotlarla ilgili yapt\u0131\u011f\u0131 \u00e7al\u0131\u015fmalarla<span class=\"excerpt-hellip\"> [\u2026]<\/span><\/p>\n","protected":false},"featured_media":0,"template":"","meta":{"_monsterinsights_skip_tracking":false,"_monsterinsights_sitenote_active":false,"_monsterinsights_sitenote_note":"","_monsterinsights_sitenote_category":0},"product_brand":[],"product_cat":[12274,15842],"product_tag":[],"class_list":{"0":"post-771233","1":"product","2":"type-product","3":"status-publish","5":"product_cat-cocuk-ve-genclik-kitaplari","6":"product_cat-egitici-kitaplar","7":"pa_cilt-ciltsiz","8":"pa_tur-kitap","9":"pa_yayinevi-yediveren-cocuk","10":"pa_yazar-gulhan-alisik","12":"first","13":"instock","14":"sale","15":"shipping-taxable","16":"purchasable","17":"product-type-simple"},"_links":{"self":[{"href":"https:\/\/roveyayinevi.com.tr\/index.php\/wp-json\/wp\/v2\/product\/771233","targetHints":{"allow":["GET"]}}],"collection":[{"href":"https:\/\/roveyayinevi.com.tr\/index.php\/wp-json\/wp\/v2\/product"}],"about":[{"href":"https:\/\/roveyayinevi.com.tr\/index.php\/wp-json\/wp\/v2\/types\/product"}],"wp:attachment":[{"href":"https:\/\/roveyayinevi.com.tr\/index.php\/wp-json\/wp\/v2\/media?parent=771233"}],"wp:term":[{"taxonomy":"product_brand","embeddable":true,"href":"https:\/\/roveyayinevi.com.tr\/index.php\/wp-json\/wp\/v2\/product_brand?post=771233"},{"taxonomy":"product_cat","embeddable":true,"href":"https:\/\/roveyayinevi.com.tr\/index.php\/wp-json\/wp\/v2\/product_cat?post=771233"},{"taxonomy":"product_tag","embeddable":true,"href":"https:\/\/roveyayinevi.com.tr\/index.php\/wp-json\/wp\/v2\/product_tag?post=771233"}],"curies":[{"name":"wp","href":"https:\/\/api.w.org\/{rel}","templated":true}]}}