{"id":771229,"date":"2025-08-28T14:58:19","date_gmt":"2025-08-28T11:58:19","guid":{"rendered":"https:\/\/roveyayinevi.com.tr\/index.php\/urun\/muzik-yapimi-2\/"},"modified":"2026-04-15T03:37:40","modified_gmt":"2026-04-15T00:37:40","slug":"muzik-yapimi-2","status":"publish","type":"product","link":"https:\/\/roveyayinevi.com.tr\/index.php\/urun\/muzik-yapimi-2\/","title":{"rendered":"M\u00fczik Yap\u0131m\u0131"},"content":{"rendered":"<p>&#8220;M\u00fczik yap\u0131m\u0131\u201dnda yer alan bilgiler,\u201dM\u00fczi\u011fin Temel \u00d6\u011feleri (M\u00fczikte Ses-S\u00fcre-H\u0131z-Yo\u011funluk)\u201d adl\u0131 kitab\u0131mdaki temel bilgilerin \u00fczerine kurulmu\u015ftur. Bu nedenle \u00f6ncelikle bu kitab\u0131n okunmas\u0131 \u00f6nerilir. <\/p>\n","protected":false},"excerpt":{"rendered":"<p>&#8220;M\u00fczik yap\u0131m\u0131\u201dnda yer alan bilgiler,\u201dM\u00fczi\u011fin Temel \u00d6\u011feleri (M\u00fczikte Ses-S\u00fcre-H\u0131z-Yo\u011funluk)\u201d adl\u0131 kitab\u0131mdaki temel bilgilerin \u00fczerine kurulmu\u015ftur. Bu nedenle \u00f6ncelikle bu kitab\u0131n okunmas\u0131 \u00f6nerilir.<\/p>\n","protected":false},"featured_media":0,"template":"","meta":{"_monsterinsights_skip_tracking":false,"_monsterinsights_sitenote_active":false,"_monsterinsights_sitenote_note":"","_monsterinsights_sitenote_category":0},"product_brand":[],"product_cat":[14556,20810],"product_tag":[],"class_list":{"0":"post-771229","1":"product","2":"type-product","3":"status-publish","5":"product_cat-muzik","6":"product_cat-ogrenim-kitaplari","7":"pa_cilt-ciltsiz","8":"pa_tur-kitap","9":"pa_yayinevi-soncag-akademik-kitaplar","10":"pa_yazar-mehmet-emin-goktepe","12":"first","13":"instock","14":"sale","15":"shipping-taxable","16":"purchasable","17":"product-type-simple"},"_links":{"self":[{"href":"https:\/\/roveyayinevi.com.tr\/index.php\/wp-json\/wp\/v2\/product\/771229","targetHints":{"allow":["GET"]}}],"collection":[{"href":"https:\/\/roveyayinevi.com.tr\/index.php\/wp-json\/wp\/v2\/product"}],"about":[{"href":"https:\/\/roveyayinevi.com.tr\/index.php\/wp-json\/wp\/v2\/types\/product"}],"wp:attachment":[{"href":"https:\/\/roveyayinevi.com.tr\/index.php\/wp-json\/wp\/v2\/media?parent=771229"}],"wp:term":[{"taxonomy":"product_brand","embeddable":true,"href":"https:\/\/roveyayinevi.com.tr\/index.php\/wp-json\/wp\/v2\/product_brand?post=771229"},{"taxonomy":"product_cat","embeddable":true,"href":"https:\/\/roveyayinevi.com.tr\/index.php\/wp-json\/wp\/v2\/product_cat?post=771229"},{"taxonomy":"product_tag","embeddable":true,"href":"https:\/\/roveyayinevi.com.tr\/index.php\/wp-json\/wp\/v2\/product_tag?post=771229"}],"curies":[{"name":"wp","href":"https:\/\/api.w.org\/{rel}","templated":true}]}}