{"id":771223,"date":"2025-08-28T14:58:06","date_gmt":"2025-08-28T11:58:06","guid":{"rendered":"https:\/\/roveyayinevi.com.tr\/index.php\/urun\/arsimet-2\/"},"modified":"2026-04-15T03:37:40","modified_gmt":"2026-04-15T00:37:40","slug":"arsimet-2","status":"publish","type":"product","link":"https:\/\/roveyayinevi.com.tr\/index.php\/urun\/arsimet-2\/","title":{"rendered":"Ar\u015fimet"},"content":{"rendered":"<p>D\u00fcnyan\u0131n ilk bilimi insan\u0131 kabul edilen Ar\u015fimet kimdir?Nerede do\u011fmu\u015ftur?Hangi e\u011fitimleri alm\u0131\u015ft\u0131r?Hangi teorileri ger\u00e7ekle\u015ftirmi\u015ftir?Hangi bulu\u015flar\u0131 vard\u0131r?Suyun kald\u0131rma kuvveti teorisiyle tan\u0131d\u0131\u011f\u0131m\u0131z \u00fcnl\u00fc bilim insan\u0131 ve fizik\u00e7iAr\u015fimet&#8217;in hayat\u0131n\u0131, e\u011fitimini, kariyerini ve teorilerini merak m\u0131 ediyorsun?Ar\u015fimet&#8217;in teorilerinin g\u00fcn\u00fcm\u00fcz\u00fc nas\u0131l \u015fekillendirdi\u011fi ve Ar\u015fimet hakk\u0131nda meraketti\u011fin t\u00fcm sorular\u0131n yan\u0131tlar\u0131 bu kitapta.Durma \u00e7evir sayfalar\u0131 ve sen de onun gibi bir bilim insan\u0131 olmak i\u00e7in okumaya ba\u015fla!<\/p>\n","protected":false},"excerpt":{"rendered":"<p>D\u00fcnyan\u0131n ilk bilimi insan\u0131 kabul edilen Ar\u015fimet kimdir?Nerede do\u011fmu\u015ftur?Hangi e\u011fitimleri alm\u0131\u015ft\u0131r?Hangi teorileri ger\u00e7ekle\u015ftirmi\u015ftir?Hangi bulu\u015flar\u0131 vard\u0131r?Suyun kald\u0131rma kuvveti teorisiyle tan\u0131d\u0131\u011f\u0131m\u0131z \u00fcnl\u00fc bilim insan\u0131 ve fizik\u00e7iAr\u015fimet&#8217;in hayat\u0131n\u0131, e\u011fitimini,<span class=\"excerpt-hellip\"> [\u2026]<\/span><\/p>\n","protected":false},"featured_media":0,"template":"","meta":{"_monsterinsights_skip_tracking":false,"_monsterinsights_sitenote_active":false,"_monsterinsights_sitenote_note":"","_monsterinsights_sitenote_category":0},"product_brand":[],"product_cat":[12274,12284],"product_tag":[],"class_list":{"0":"post-771223","1":"product","2":"type-product","3":"status-publish","5":"product_cat-cocuk-ve-genclik-kitaplari","6":"product_cat-hikayeler","7":"pa_cilt-ciltsiz","8":"pa_tur-kitap","9":"pa_yayinevi-yediveren-cocuk","10":"pa_yazar-eda-bayrak","12":"first","13":"instock","14":"sale","15":"shipping-taxable","16":"purchasable","17":"product-type-simple"},"_links":{"self":[{"href":"https:\/\/roveyayinevi.com.tr\/index.php\/wp-json\/wp\/v2\/product\/771223","targetHints":{"allow":["GET"]}}],"collection":[{"href":"https:\/\/roveyayinevi.com.tr\/index.php\/wp-json\/wp\/v2\/product"}],"about":[{"href":"https:\/\/roveyayinevi.com.tr\/index.php\/wp-json\/wp\/v2\/types\/product"}],"wp:attachment":[{"href":"https:\/\/roveyayinevi.com.tr\/index.php\/wp-json\/wp\/v2\/media?parent=771223"}],"wp:term":[{"taxonomy":"product_brand","embeddable":true,"href":"https:\/\/roveyayinevi.com.tr\/index.php\/wp-json\/wp\/v2\/product_brand?post=771223"},{"taxonomy":"product_cat","embeddable":true,"href":"https:\/\/roveyayinevi.com.tr\/index.php\/wp-json\/wp\/v2\/product_cat?post=771223"},{"taxonomy":"product_tag","embeddable":true,"href":"https:\/\/roveyayinevi.com.tr\/index.php\/wp-json\/wp\/v2\/product_tag?post=771223"}],"curies":[{"name":"wp","href":"https:\/\/api.w.org\/{rel}","templated":true}]}}