{"id":771214,"date":"2025-08-28T14:57:48","date_gmt":"2025-08-28T11:57:48","guid":{"rendered":"https:\/\/roveyayinevi.com.tr\/index.php\/urun\/harfler-boyama-kitabi\/"},"modified":"2026-04-15T03:37:40","modified_gmt":"2026-04-15T00:37:40","slug":"harfler-boyama-kitabi","status":"publish","type":"product","link":"https:\/\/roveyayinevi.com.tr\/index.php\/urun\/harfler-boyama-kitabi\/","title":{"rendered":"Harfler Boyama Kitab\u0131"},"content":{"rendered":"<p>Okul \u00f6ncesi e\u011fitim \u00e7a\u011f\u0131nda \u00e7ocuklar\u0131m\u0131z\u0131n yarat\u0131c\u0131 d\u00fc\u015f\u00fcnce geli\u015fimi, analitikd\u00fc\u015f\u00fcnce geli\u015fimi ve el beceresi geli\u015fimi i\u00e7in boyama kitaplar\u0131 b\u00fcy\u00fck bir \u00f6nemesahiptir. Birbirinden farkl\u0131 konularda, birbirinden e\u011flenceli g\u00f6rsellerle\u00e7ocuklar\u0131n\u0131z hem farkl\u0131 konular\u0131 \u00f6\u011frenecek hem de bir\u00e7ok farkl\u0131 g\u00f6rseliboyayarak e\u011flenebileceklerdir. Harflerden say\u0131lara, meyvelerden sebzelere,ta\u015f\u0131tlardan mesleklere kadar her bir kitapta 34 adet farkl\u0131 g\u00f6rsel \u00e7ocuklar\u0131n\u0131ztaraf\u0131ndan boyanmay\u0131 bekliyor&#8230;<\/p>\n","protected":false},"excerpt":{"rendered":"<p>Okul \u00f6ncesi e\u011fitim \u00e7a\u011f\u0131nda \u00e7ocuklar\u0131m\u0131z\u0131n yarat\u0131c\u0131 d\u00fc\u015f\u00fcnce geli\u015fimi, analitikd\u00fc\u015f\u00fcnce geli\u015fimi ve el beceresi geli\u015fimi i\u00e7in boyama kitaplar\u0131 b\u00fcy\u00fck bir \u00f6nemesahiptir. Birbirinden farkl\u0131 konularda, birbirinden e\u011flenceli g\u00f6rsellerle\u00e7ocuklar\u0131n\u0131z<span class=\"excerpt-hellip\"> [\u2026]<\/span><\/p>\n","protected":false},"featured_media":0,"template":"","meta":{"_monsterinsights_skip_tracking":false,"_monsterinsights_sitenote_active":false,"_monsterinsights_sitenote_note":"","_monsterinsights_sitenote_category":0},"product_brand":[],"product_cat":[12644,12274],"product_tag":[],"class_list":{"0":"post-771214","1":"product","2":"type-product","3":"status-publish","5":"product_cat-boyama-kitaplari","6":"product_cat-cocuk-ve-genclik-kitaplari","7":"pa_cilt-ciltsiz","8":"pa_tur-kitap","9":"pa_yayinevi-yediveren-cocuk","10":"pa_yazar-kolektif","12":"first","13":"instock","14":"sale","15":"shipping-taxable","16":"purchasable","17":"product-type-simple"},"_links":{"self":[{"href":"https:\/\/roveyayinevi.com.tr\/index.php\/wp-json\/wp\/v2\/product\/771214","targetHints":{"allow":["GET"]}}],"collection":[{"href":"https:\/\/roveyayinevi.com.tr\/index.php\/wp-json\/wp\/v2\/product"}],"about":[{"href":"https:\/\/roveyayinevi.com.tr\/index.php\/wp-json\/wp\/v2\/types\/product"}],"wp:attachment":[{"href":"https:\/\/roveyayinevi.com.tr\/index.php\/wp-json\/wp\/v2\/media?parent=771214"}],"wp:term":[{"taxonomy":"product_brand","embeddable":true,"href":"https:\/\/roveyayinevi.com.tr\/index.php\/wp-json\/wp\/v2\/product_brand?post=771214"},{"taxonomy":"product_cat","embeddable":true,"href":"https:\/\/roveyayinevi.com.tr\/index.php\/wp-json\/wp\/v2\/product_cat?post=771214"},{"taxonomy":"product_tag","embeddable":true,"href":"https:\/\/roveyayinevi.com.tr\/index.php\/wp-json\/wp\/v2\/product_tag?post=771214"}],"curies":[{"name":"wp","href":"https:\/\/api.w.org\/{rel}","templated":true}]}}