{"id":771212,"date":"2025-08-28T14:57:44","date_gmt":"2025-08-28T11:57:44","guid":{"rendered":"https:\/\/roveyayinevi.com.tr\/index.php\/urun\/grump-huysuz-ile-pamuk-prenses-ve-yedi-cucelerin-gercek-hayat-hikayesi-ciltli\/"},"modified":"2026-04-15T03:37:40","modified_gmt":"2026-04-15T00:37:40","slug":"grump-huysuz-ile-pamuk-prenses-ve-yedi-cucelerin-gercek-hayat-hikayesi-ciltli","status":"publish","type":"product","link":"https:\/\/roveyayinevi.com.tr\/index.php\/urun\/grump-huysuz-ile-pamuk-prenses-ve-yedi-cucelerin-gercek-hayat-hikayesi-ciltli\/","title":{"rendered":"Grump &#8211; Huysuz \u0130le Pamuk Prenses ve Yedi C\u00fccelerin Ger\u00e7ek Hayat Hikayesi (Ciltli)"},"content":{"rendered":"<p>New York Times \u00e7oksatan yazar\u0131 Liesl Shurtliff&#8217;ten al\u0131\u015f\u0131lmad\u0131k bir kahraman\u0131n ard\u0131ndaki ger\u00e7ek birhik\u00e2ye daha geliyor: Pamuk Prenses&#8217;in K\u00f6t\u00fc Krali\u00e7e ile olan sava\u015f\u0131na kar\u0131\u015fan huysuz birc\u00fcce.K\u00fc\u00e7\u00fckl\u00fc\u011f\u00fcnden beri yery\u00fcz\u00fcn\u00fc g\u00f6rmeyi hayal eden (&#8220;Huysuz&#8221; lakapl\u0131)Borlen, f\u0131rsat aya\u011f\u0131nageldi\u011finde evi olan ma\u011faras\u0131n\u0131 ard\u0131nda b\u0131rak\u0131r.\u0130lk ba\u015fta yery\u00fcz\u00fcndeki ya\u015fam, bir hayalinger\u00e7ekle\u015fmesidir. Krali\u00e7e Elfrieda Veronika Ingrid Lenore, Huysuz&#8217;un her zaman \u00f6zlemini \u00e7ekti\u011fi en iyiarkada\u015ft\u0131r; onu istedi\u011fi kadar yakutla besler, sihir ve bilgi kar\u015f\u0131l\u0131\u011f\u0131nda onun yan\u0131nda h\u00fckmetmesinem\u00fcsaade eder. Ama zaman ge\u00e7tik\u00e7e Huysuz, krali\u00e7enin g\u00f6r\u00fcnd\u00fc\u011f\u00fc kadar iyi olmayabilece\u011finden\u015f\u00fcphelenmeye ba\u015flar. Krali\u00e7e, ona \u00fcvey k\u0131z\u0131 Pamuk Prenses&#8217;e kar\u015f\u0131 korkun\u00e7 bir g\u00f6revi yerinegetirmesini emretti\u011finde Huysuz, boyundan b\u00fcy\u00fck i\u015flere kalk\u0131\u015f\u0131r. Huysuz, krali\u00e7eye yard\u0131m etmek i\u00e7insihirle ba\u011fl\u0131d\u0131r ama ayn\u0131 zamanda Pamuk Prenses&#8217;i korumak i\u00e7in de sihirle ba\u011fl\u0131d\u0131r. Sanki bu yeterincestresli bir durum de\u011filmi\u015f gibi bir de krali\u00e7e, sihirli aynas\u0131 arac\u0131l\u0131\u011f\u0131yla onu geli\u015fmeler konusundarahats\u0131z edip durur! Huysuz, bu zor durumdan bir \u00e7\u0131k\u0131\u015f yolu bulmak i\u00e7in derin kazmak zorundad\u0131r vebu, bir c\u00fcceyi huysuz yapmaya yeter de artar bile.&#8221;Eski bir masal\u0131n, harika detayland\u0131r\u0131lm\u0131\u015f bir d\u00fcnya ve klasik karakterlerin ilgin\u00e7 ters k\u00f6\u015feleriyle e\u011flenceli bir\u015fekilde yeniden canland\u0131r\u0131lmas\u0131. E\u011flence arayan fantastik hayranlar\u0131n\u0131n \u00e7ok sevece\u011fi kesin.&#8221;-Booklist<\/p>\n","protected":false},"excerpt":{"rendered":"<p>New York Times \u00e7oksatan yazar\u0131 Liesl Shurtliff&#8217;ten al\u0131\u015f\u0131lmad\u0131k bir kahraman\u0131n ard\u0131ndaki ger\u00e7ek birhik\u00e2ye daha geliyor: Pamuk Prenses&#8217;in K\u00f6t\u00fc Krali\u00e7e ile olan sava\u015f\u0131na kar\u0131\u015fan huysuz birc\u00fcce.K\u00fc\u00e7\u00fckl\u00fc\u011f\u00fcnden beri<span class=\"excerpt-hellip\"> [\u2026]<\/span><\/p>\n","protected":false},"featured_media":0,"template":"","meta":{"_monsterinsights_skip_tracking":false,"_monsterinsights_sitenote_active":false,"_monsterinsights_sitenote_note":"","_monsterinsights_sitenote_category":0},"product_brand":[],"product_cat":[12274,12284],"product_tag":[],"class_list":{"0":"post-771212","1":"product","2":"type-product","3":"status-publish","5":"product_cat-cocuk-ve-genclik-kitaplari","6":"product_cat-hikayeler","7":"pa_cilt-ciltli","8":"pa_tur-kitap","9":"pa_yayinevi-yediveren-cocuk","10":"pa_yazar-liesl-shurtliff","12":"first","13":"instock","14":"sale","15":"shipping-taxable","16":"purchasable","17":"product-type-simple"},"_links":{"self":[{"href":"https:\/\/roveyayinevi.com.tr\/index.php\/wp-json\/wp\/v2\/product\/771212","targetHints":{"allow":["GET"]}}],"collection":[{"href":"https:\/\/roveyayinevi.com.tr\/index.php\/wp-json\/wp\/v2\/product"}],"about":[{"href":"https:\/\/roveyayinevi.com.tr\/index.php\/wp-json\/wp\/v2\/types\/product"}],"wp:attachment":[{"href":"https:\/\/roveyayinevi.com.tr\/index.php\/wp-json\/wp\/v2\/media?parent=771212"}],"wp:term":[{"taxonomy":"product_brand","embeddable":true,"href":"https:\/\/roveyayinevi.com.tr\/index.php\/wp-json\/wp\/v2\/product_brand?post=771212"},{"taxonomy":"product_cat","embeddable":true,"href":"https:\/\/roveyayinevi.com.tr\/index.php\/wp-json\/wp\/v2\/product_cat?post=771212"},{"taxonomy":"product_tag","embeddable":true,"href":"https:\/\/roveyayinevi.com.tr\/index.php\/wp-json\/wp\/v2\/product_tag?post=771212"}],"curies":[{"name":"wp","href":"https:\/\/api.w.org\/{rel}","templated":true}]}}