{"id":771208,"date":"2025-08-28T14:57:36","date_gmt":"2025-08-28T11:57:36","guid":{"rendered":"https:\/\/roveyayinevi.com.tr\/index.php\/urun\/alice-harikalar-diyarinda-18\/"},"modified":"2026-04-15T03:37:40","modified_gmt":"2026-04-15T00:37:40","slug":"alice-harikalar-diyarinda-18","status":"publish","type":"product","link":"https:\/\/roveyayinevi.com.tr\/index.php\/urun\/alice-harikalar-diyarinda-18\/","title":{"rendered":"Alice Harikalar Diyar\u0131nda"},"content":{"rendered":"<p>Di\u011ferleri gibi s\u0131radan bir g\u00fcnd\u00fc. Alice evlerinin arka bah\u00e7esinde dola\u015f\u0131yordu. Derken bir tav\u015fan g\u00f6rd\u00fc. Tav\u015fan, yelek giymi\u015fti. \u00dcstelik bir de cep saati ta\u015f\u0131yordu. Alice daha \u00f6nce hi\u00e7 b\u00f6yle bir tav\u015fan g\u00f6rmemi\u015fti. Merak\u0131ndan tav\u015fan\u0131n pe\u015fine tak\u0131ld\u0131 ve kendini tav\u015fan deli\u011finden farkl\u0131 bir boyuta do\u011fru d\u00fc\u015ferken buldu.Bu boyutta fizik kurallar\u0131 tamamen ge\u00e7ersizdi. S\u0131r\u0131tan kediyle, t\u0131rt\u0131lla konu\u015fabiliyor, bir \u015feyler yiyip i\u00e7erek bir anda b\u00fcy\u00fcy\u00fcp k\u00fc\u00e7\u00fclebiliyordu. Ah, bir de \u00e7\u0131lg\u0131n \u00e7ay partilerine kat\u0131l\u0131yordu.Lewis Carroll&#8217;un neredeyse y\u00fcz y\u0131l \u00f6nce, arkada\u015f\u0131n\u0131n k\u0131z\u0131 olan Alice&#8217;den ilham alarak olu\u015fturdu\u011fu bu \u00f6l\u00fcms\u00fcz eser siz okuyucular\u0131yla bulu\u015fuyor&#8230;<\/p>\n","protected":false},"excerpt":{"rendered":"<p>Di\u011ferleri gibi s\u0131radan bir g\u00fcnd\u00fc. Alice evlerinin arka bah\u00e7esinde dola\u015f\u0131yordu. Derken bir tav\u015fan g\u00f6rd\u00fc. Tav\u015fan, yelek giymi\u015fti. \u00dcstelik bir de cep saati ta\u015f\u0131yordu. Alice daha \u00f6nce<span class=\"excerpt-hellip\"> [\u2026]<\/span><\/p>\n","protected":false},"featured_media":0,"template":"","meta":{"_monsterinsights_skip_tracking":false,"_monsterinsights_sitenote_active":false,"_monsterinsights_sitenote_note":"","_monsterinsights_sitenote_category":0},"product_brand":[],"product_cat":[12274,12284],"product_tag":[],"class_list":{"0":"post-771208","1":"product","2":"type-product","3":"status-publish","5":"product_cat-cocuk-ve-genclik-kitaplari","6":"product_cat-hikayeler","7":"pa_cilt-ciltsiz","8":"pa_tur-kitap","9":"pa_yayinevi-yediveren-cocuk","10":"pa_yazar-lewis-carroll","12":"first","13":"instock","14":"sale","15":"shipping-taxable","16":"purchasable","17":"product-type-simple"},"_links":{"self":[{"href":"https:\/\/roveyayinevi.com.tr\/index.php\/wp-json\/wp\/v2\/product\/771208","targetHints":{"allow":["GET"]}}],"collection":[{"href":"https:\/\/roveyayinevi.com.tr\/index.php\/wp-json\/wp\/v2\/product"}],"about":[{"href":"https:\/\/roveyayinevi.com.tr\/index.php\/wp-json\/wp\/v2\/types\/product"}],"wp:attachment":[{"href":"https:\/\/roveyayinevi.com.tr\/index.php\/wp-json\/wp\/v2\/media?parent=771208"}],"wp:term":[{"taxonomy":"product_brand","embeddable":true,"href":"https:\/\/roveyayinevi.com.tr\/index.php\/wp-json\/wp\/v2\/product_brand?post=771208"},{"taxonomy":"product_cat","embeddable":true,"href":"https:\/\/roveyayinevi.com.tr\/index.php\/wp-json\/wp\/v2\/product_cat?post=771208"},{"taxonomy":"product_tag","embeddable":true,"href":"https:\/\/roveyayinevi.com.tr\/index.php\/wp-json\/wp\/v2\/product_tag?post=771208"}],"curies":[{"name":"wp","href":"https:\/\/api.w.org\/{rel}","templated":true}]}}