{"id":771206,"date":"2025-08-28T14:57:32","date_gmt":"2025-08-28T11:57:32","guid":{"rendered":"https:\/\/roveyayinevi.com.tr\/index.php\/urun\/tarik-akan-yesilcamin-yildizlari\/"},"modified":"2026-04-15T03:37:39","modified_gmt":"2026-04-15T00:37:39","slug":"tarik-akan-yesilcamin-yildizlari","status":"publish","type":"product","link":"https:\/\/roveyayinevi.com.tr\/index.php\/urun\/tarik-akan-yesilcamin-yildizlari\/","title":{"rendered":"Tar\u0131k Akan &#8211; Ye\u015fil\u00e7am\u2019\u0131n Y\u0131ld\u0131zlar\u0131"},"content":{"rendered":"<p>Renkli hik\u00e2yeleriyle \u00fclkemiz insan\u0131n\u0131n hayallerini s\u00fcsleyen T\u00fcrk sinemas\u0131n\u0131n e\u011flenceli soka\u011f\u0131 Ye\u015fil\u00e7am, unutulmaz y\u0131ld\u0131zlar\u0131yla k\u00fc\u00e7\u00fck sinemaseverleri bekliyor. Ye\u015fil\u00e7am denince akla ilk gelen isimlerden birisi \u015f\u00fcphesiz, Tar\u0131k Akan. O, yak\u0131\u015f\u0131kl\u0131l\u0131\u011f\u0131 ve duyarl\u0131 ki\u015fili\u011fiyle herkesin kalbinde taht kuran, T\u00fcrk sinemas\u0131n\u0131n efsane oyuncusu. Tar\u0131k Akan\u2019\u0131n, \u00e7ocukluk y\u0131llar\u0131ndan bir y\u0131ld\u0131za d\u00f6n\u00fc\u015ft\u00fc\u011f\u00fc, azim ve tutku dolu hayat\u0131n\u0131 okurken hayallerinizin pe\u015finden gitmenin ne kadar \u00f6nemli oldu\u011funu fark edeceksiniz. \u015eimdi koltu\u011funuza oturun ve sayfalar\u0131 dikkatlice \u00e7evirmeye ba\u015flay\u0131n. Film ba\u015fl\u0131yor\u2026<\/p>\n","protected":false},"excerpt":{"rendered":"<p>Renkli hik\u00e2yeleriyle \u00fclkemiz insan\u0131n\u0131n hayallerini s\u00fcsleyen T\u00fcrk sinemas\u0131n\u0131n e\u011flenceli soka\u011f\u0131 Ye\u015fil\u00e7am, unutulmaz y\u0131ld\u0131zlar\u0131yla k\u00fc\u00e7\u00fck sinemaseverleri bekliyor. Ye\u015fil\u00e7am denince akla ilk gelen isimlerden birisi \u015f\u00fcphesiz, Tar\u0131k Akan.<span class=\"excerpt-hellip\"> [\u2026]<\/span><\/p>\n","protected":false},"featured_media":0,"template":"","meta":{"_monsterinsights_skip_tracking":false,"_monsterinsights_sitenote_active":false,"_monsterinsights_sitenote_note":"","_monsterinsights_sitenote_category":0},"product_brand":[],"product_cat":[12409,12408],"product_tag":[],"class_list":{"0":"post-771206","1":"product","2":"type-product","3":"status-publish","5":"product_cat-fotograf-sinema-tiyatro","6":"product_cat-sanat","7":"pa_cilt-ciltsiz","8":"pa_tur-kitap","9":"pa_yayinevi-acayip-kitaplar","10":"pa_yazar-ebru-tulum","12":"first","13":"instock","14":"sale","15":"shipping-taxable","16":"purchasable","17":"product-type-simple"},"_links":{"self":[{"href":"https:\/\/roveyayinevi.com.tr\/index.php\/wp-json\/wp\/v2\/product\/771206","targetHints":{"allow":["GET"]}}],"collection":[{"href":"https:\/\/roveyayinevi.com.tr\/index.php\/wp-json\/wp\/v2\/product"}],"about":[{"href":"https:\/\/roveyayinevi.com.tr\/index.php\/wp-json\/wp\/v2\/types\/product"}],"wp:attachment":[{"href":"https:\/\/roveyayinevi.com.tr\/index.php\/wp-json\/wp\/v2\/media?parent=771206"}],"wp:term":[{"taxonomy":"product_brand","embeddable":true,"href":"https:\/\/roveyayinevi.com.tr\/index.php\/wp-json\/wp\/v2\/product_brand?post=771206"},{"taxonomy":"product_cat","embeddable":true,"href":"https:\/\/roveyayinevi.com.tr\/index.php\/wp-json\/wp\/v2\/product_cat?post=771206"},{"taxonomy":"product_tag","embeddable":true,"href":"https:\/\/roveyayinevi.com.tr\/index.php\/wp-json\/wp\/v2\/product_tag?post=771206"}],"curies":[{"name":"wp","href":"https:\/\/api.w.org\/{rel}","templated":true}]}}