{"id":771197,"date":"2025-08-28T14:57:12","date_gmt":"2025-08-28T11:57:12","guid":{"rendered":"https:\/\/roveyayinevi.com.tr\/index.php\/urun\/kurt-kapani-beyin-avcisi\/"},"modified":"2026-04-15T03:37:39","modified_gmt":"2026-04-15T00:37:39","slug":"kurt-kapani-beyin-avcisi","status":"publish","type":"product","link":"https:\/\/roveyayinevi.com.tr\/index.php\/urun\/kurt-kapani-beyin-avcisi\/","title":{"rendered":"Kurt Kapan\u0131 &#8211; Beyin Avc\u0131s\u0131"},"content":{"rendered":"<p>\u00dc\u00e7 imparatorlu\u011fa ba\u015fkentlik yapan, \u00fcnl\u00fc komutan Napolyon taraf\u0131ndan d\u00fcnyan\u0131n da ba\u015fkenti ilan edilen \u0130stanbul, her zamanki gibi g\u00f6z kama\u015ft\u0131r\u0131yordur. Sahip oldu\u011fu binlerce y\u0131ll\u0131k zenginli\u011fiyle, g\u00fc\u00e7 h\u0131rs\u0131yla yan\u0131p tutu\u015fan nice insan\u0131n hayallerini s\u00fcsl\u00fcyordur.Bu mega \u015fehrin tarih\u00ee liselerinden birisinde \u00f6\u011frenci olarak yeni bir hayata ba\u015flamak \u00fczeresin. Kendini, ilk g\u00fcn klasiklerine ve okulun zorbalar\u0131yla m\u00fccadeleye haz\u0131r hissediyorsun. Ancak hi\u00e7 beklenmedik bir olay her \u015feyi alt\u00fcst ediyor. Okulunuz eli silahl\u0131 haydutlar taraf\u0131ndan ele ge\u00e7iriliyor.Kendini ve arkada\u015flar\u0131n\u0131 kurtarmak i\u00e7in zek\u00e2 sorular\u0131n\u0131 \u00e7\u00f6z, do\u011fru tercihleri yap ve tuzaklardan kurtul.Soluk solu\u011fa okuyaca\u011f\u0131n bu maceran\u0131n kahraman\u0131 sen ol!<\/p>\n","protected":false},"excerpt":{"rendered":"<p>\u00dc\u00e7 imparatorlu\u011fa ba\u015fkentlik yapan, \u00fcnl\u00fc komutan Napolyon taraf\u0131ndan d\u00fcnyan\u0131n da ba\u015fkenti ilan edilen \u0130stanbul, her zamanki gibi g\u00f6z kama\u015ft\u0131r\u0131yordur. Sahip oldu\u011fu binlerce y\u0131ll\u0131k zenginli\u011fiyle, g\u00fc\u00e7 h\u0131rs\u0131yla<span class=\"excerpt-hellip\"> [\u2026]<\/span><\/p>\n","protected":false},"featured_media":0,"template":"","meta":{"_monsterinsights_skip_tracking":false,"_monsterinsights_sitenote_active":false,"_monsterinsights_sitenote_note":"","_monsterinsights_sitenote_category":0},"product_brand":[],"product_cat":[12416,12291],"product_tag":[],"class_list":{"0":"post-771197","1":"product","2":"type-product","3":"status-publish","5":"product_cat-cizgi-roman","6":"product_cat-edebiyat","7":"pa_cilt-ciltsiz","8":"pa_tur-kitap","9":"pa_yayinevi-acayip-kitaplar","10":"pa_yazar-ahmet-baki-yerli","12":"first","13":"instock","14":"sale","15":"shipping-taxable","16":"purchasable","17":"product-type-simple"},"_links":{"self":[{"href":"https:\/\/roveyayinevi.com.tr\/index.php\/wp-json\/wp\/v2\/product\/771197","targetHints":{"allow":["GET"]}}],"collection":[{"href":"https:\/\/roveyayinevi.com.tr\/index.php\/wp-json\/wp\/v2\/product"}],"about":[{"href":"https:\/\/roveyayinevi.com.tr\/index.php\/wp-json\/wp\/v2\/types\/product"}],"wp:attachment":[{"href":"https:\/\/roveyayinevi.com.tr\/index.php\/wp-json\/wp\/v2\/media?parent=771197"}],"wp:term":[{"taxonomy":"product_brand","embeddable":true,"href":"https:\/\/roveyayinevi.com.tr\/index.php\/wp-json\/wp\/v2\/product_brand?post=771197"},{"taxonomy":"product_cat","embeddable":true,"href":"https:\/\/roveyayinevi.com.tr\/index.php\/wp-json\/wp\/v2\/product_cat?post=771197"},{"taxonomy":"product_tag","embeddable":true,"href":"https:\/\/roveyayinevi.com.tr\/index.php\/wp-json\/wp\/v2\/product_tag?post=771197"}],"curies":[{"name":"wp","href":"https:\/\/api.w.org\/{rel}","templated":true}]}}