{"id":771196,"date":"2025-08-28T14:57:10","date_gmt":"2025-08-28T11:57:10","guid":{"rendered":"https:\/\/roveyayinevi.com.tr\/index.php\/urun\/bu-kitap-kendini-imha-edecek-ajan-harrier\/"},"modified":"2026-04-08T03:33:58","modified_gmt":"2026-04-08T00:33:58","slug":"bu-kitap-kendini-imha-edecek-ajan-harrier","status":"publish","type":"product","link":"https:\/\/roveyayinevi.com.tr\/index.php\/urun\/bu-kitap-kendini-imha-edecek-ajan-harrier\/","title":{"rendered":"Bu Kitap Kendini \u0130mha Edecek &#8211; Ajan Harrier"},"content":{"rendered":"<p>\u00c7OK G\u0130ZL\u0130 Bu kitap BE\u015e dakika i\u00e7inde kendini imha edecektir! Senin g\u00f6revin Ajan Harrier, tabii kabul edersen, bombay\u0131 etkisiz h\u00e2le getirmek, su\u00e7luyu yakalamak ve herkesi havaya u\u00e7maktan kurtarmak! T\u00fcm kitab\u0131n kaderi senin pen\u00e7elerinde Harrier (ama stres yapma sen yine de). S\u00fckunetini koru ve yanl\u0131\u015f kap\u0131y\u0131 tekmelememeye dikkat et. Garip kokular geliyor burnumuza&#8230; H\u00e2l\u00e2 ne duruyorsun?  KAYBEDECEK ZAMAN YOK! HAD\u0130, HAD\u0130, HAD\u0130! \u00d6zel Ajan Ben Sanders&#8217;tan, s\u00fcrprizlerle ve tehlikeden k\u0131l pay\u0131 kurtulu\u015flarla dolu, son derece e\u011flenceli bir casusluk hik\u00e2yesi.<\/p>\n","protected":false},"excerpt":{"rendered":"<p>\u00c7OK G\u0130ZL\u0130 Bu kitap BE\u015e dakika i\u00e7inde kendini imha edecektir! Senin g\u00f6revin Ajan Harrier, tabii kabul edersen, bombay\u0131 etkisiz h\u00e2le getirmek, su\u00e7luyu yakalamak ve herkesi havaya<span class=\"excerpt-hellip\"> [\u2026]<\/span><\/p>\n","protected":false},"featured_media":0,"template":"","meta":{"_monsterinsights_skip_tracking":false,"_monsterinsights_sitenote_active":false,"_monsterinsights_sitenote_note":"","_monsterinsights_sitenote_category":0},"product_brand":[],"product_cat":[12274,12284],"product_tag":[],"class_list":{"0":"post-771196","1":"product","2":"type-product","3":"status-publish","5":"product_cat-cocuk-ve-genclik-kitaplari","6":"product_cat-hikayeler","7":"pa_cilt-ciltsiz","8":"pa_tur-kitap","9":"pa_yayinevi-acayip-kitaplar","10":"pa_yazar-ben-sanders","12":"first","13":"instock","14":"sale","15":"shipping-taxable","16":"purchasable","17":"product-type-simple"},"_links":{"self":[{"href":"https:\/\/roveyayinevi.com.tr\/index.php\/wp-json\/wp\/v2\/product\/771196","targetHints":{"allow":["GET"]}}],"collection":[{"href":"https:\/\/roveyayinevi.com.tr\/index.php\/wp-json\/wp\/v2\/product"}],"about":[{"href":"https:\/\/roveyayinevi.com.tr\/index.php\/wp-json\/wp\/v2\/types\/product"}],"wp:attachment":[{"href":"https:\/\/roveyayinevi.com.tr\/index.php\/wp-json\/wp\/v2\/media?parent=771196"}],"wp:term":[{"taxonomy":"product_brand","embeddable":true,"href":"https:\/\/roveyayinevi.com.tr\/index.php\/wp-json\/wp\/v2\/product_brand?post=771196"},{"taxonomy":"product_cat","embeddable":true,"href":"https:\/\/roveyayinevi.com.tr\/index.php\/wp-json\/wp\/v2\/product_cat?post=771196"},{"taxonomy":"product_tag","embeddable":true,"href":"https:\/\/roveyayinevi.com.tr\/index.php\/wp-json\/wp\/v2\/product_tag?post=771196"}],"curies":[{"name":"wp","href":"https:\/\/api.w.org\/{rel}","templated":true}]}}