{"id":771193,"date":"2025-08-28T14:57:05","date_gmt":"2025-08-28T11:57:05","guid":{"rendered":"https:\/\/roveyayinevi.com.tr\/index.php\/urun\/kucuk-prens-45\/"},"modified":"2026-04-15T03:37:39","modified_gmt":"2026-04-15T00:37:39","slug":"kucuk-prens-45","status":"publish","type":"product","link":"https:\/\/roveyayinevi.com.tr\/index.php\/urun\/kucuk-prens-45\/","title":{"rendered":"K\u00fc\u00e7\u00fck Prens"},"content":{"rendered":"<p>Uzak bir gezegenden gelen K\u00fc\u00e7\u00fck Prens&#8217;in, evreni ke\u015ffetmek i\u00e7in \u00e7\u0131kt\u0131\u011f\u0131 yolculukta, birbirinden farkl\u0131 gezegenlerde ya\u015fayan ilgin\u00e7 karakterlerle tan\u0131\u015ft\u0131\u011f\u0131 bu b\u00fcy\u00fcl\u00fc hik\u00e2ye onlarca y\u0131ld\u0131r \u00e7ocuklar kadar yeti\u015fkinlerin de kalplerine dokunmakta. Sevginin, dostlu\u011fun ve insan olman\u0131n ger\u00e7ek de\u011ferlerini hat\u0131rlatan bu e\u015fsiz \u00f6yk\u00fc, d\u00fcnyaya ve hayata bamba\u015fka bir a\u00e7\u0131dan bakman\u0131z\u0131 sa\u011flayacak.  &#8220;En \u00f6nemli \u015fey, g\u00f6zle g\u00f6r\u00fclmez.&#8221;<\/p>\n","protected":false},"excerpt":{"rendered":"<p>Uzak bir gezegenden gelen K\u00fc\u00e7\u00fck Prens&#8217;in, evreni ke\u015ffetmek i\u00e7in \u00e7\u0131kt\u0131\u011f\u0131 yolculukta, birbirinden farkl\u0131 gezegenlerde ya\u015fayan ilgin\u00e7 karakterlerle tan\u0131\u015ft\u0131\u011f\u0131 bu b\u00fcy\u00fcl\u00fc hik\u00e2ye onlarca y\u0131ld\u0131r \u00e7ocuklar kadar yeti\u015fkinlerin<span class=\"excerpt-hellip\"> [\u2026]<\/span><\/p>\n","protected":false},"featured_media":0,"template":"","meta":{"_monsterinsights_skip_tracking":false,"_monsterinsights_sitenote_active":false,"_monsterinsights_sitenote_note":"","_monsterinsights_sitenote_category":0},"product_brand":[],"product_cat":[12274,12467],"product_tag":[],"class_list":{"0":"post-771193","1":"product","2":"type-product","3":"status-publish","5":"product_cat-cocuk-ve-genclik-kitaplari","6":"product_cat-dunya-klasikleri","7":"pa_cilt-ciltsiz","8":"pa_tur-kitap","9":"pa_yayinevi-acayip-kitaplar","10":"pa_yazar-antoine-de-saint-exupery","12":"first","13":"instock","14":"sale","15":"shipping-taxable","16":"purchasable","17":"product-type-simple"},"_links":{"self":[{"href":"https:\/\/roveyayinevi.com.tr\/index.php\/wp-json\/wp\/v2\/product\/771193","targetHints":{"allow":["GET"]}}],"collection":[{"href":"https:\/\/roveyayinevi.com.tr\/index.php\/wp-json\/wp\/v2\/product"}],"about":[{"href":"https:\/\/roveyayinevi.com.tr\/index.php\/wp-json\/wp\/v2\/types\/product"}],"wp:attachment":[{"href":"https:\/\/roveyayinevi.com.tr\/index.php\/wp-json\/wp\/v2\/media?parent=771193"}],"wp:term":[{"taxonomy":"product_brand","embeddable":true,"href":"https:\/\/roveyayinevi.com.tr\/index.php\/wp-json\/wp\/v2\/product_brand?post=771193"},{"taxonomy":"product_cat","embeddable":true,"href":"https:\/\/roveyayinevi.com.tr\/index.php\/wp-json\/wp\/v2\/product_cat?post=771193"},{"taxonomy":"product_tag","embeddable":true,"href":"https:\/\/roveyayinevi.com.tr\/index.php\/wp-json\/wp\/v2\/product_tag?post=771193"}],"curies":[{"name":"wp","href":"https:\/\/api.w.org\/{rel}","templated":true}]}}