{"id":771192,"date":"2025-08-28T14:57:03","date_gmt":"2025-08-28T11:57:03","guid":{"rendered":"https:\/\/roveyayinevi.com.tr\/index.php\/urun\/huzur-sende-allahim\/"},"modified":"2026-04-15T03:37:39","modified_gmt":"2026-04-15T00:37:39","slug":"huzur-sende-allahim","status":"publish","type":"product","link":"https:\/\/roveyayinevi.com.tr\/index.php\/urun\/huzur-sende-allahim\/","title":{"rendered":"Huzur Sende Allah&#8217;\u0131m"},"content":{"rendered":"<p>Bu kitab\u0131n \u00f6z\u00fc; ruhun \u00fczerine y\u00fckledi\u011fimiz d\u00fcnya y\u00fck\u00fcn\u00fc hafifletmek; ki\u015fiyi ruhen huzurlu k\u0131lmak i\u00e7in yol g\u00f6stermektir. Tasavvuf felsefesinin lezzeti ile yaz\u0131l\u0131p dizilmi\u015f olan bu kitap Hakk\u2019a y\u00f6nelmeyi, Hakk ile ya\u015famay\u0131, hakk\u2019\u0131 hayata ortk etmeyi anlat\u0131yor. Ayet-i Kerimeler ve Hadis-i \u015eeriflerden \u00f6rnekler vererek zenginle\u015ftirdi\u011fi sohbetine, k\u00fc\u00e7\u00fck k\u0131ssa ve hikayeleri de kat\u0131yor ve okuyana, tad\u0131na doyulmaz bir ilahi A\u015fk sohbeti sunuyor. Kapa\u011f\u0131n\u0131 a\u00e7t\u0131\u011f\u0131n\u0131z anda siz dost meclisine ta\u015f\u0131yacak olan bu kitab\u0131 muhabbetle sunuyoruz.Bir gen\u00e7 d\u00fcnya lezzetlerini ve bo\u015f \u015feyleri terk eder, gen\u00e7li\u011fine ra\u011fmen Cenab-\u0131 Hakk\u2019a ibadet ve it\u00e2ate devam ederse, Allah ona yetmi\u015f iki s\u0131dd\u0131k\u0131n ecrini ihsan eder ve kendisine: \u2018Ey gen\u00e7li\u011fini benim t\u00e2atime tahsis edip \u015fehvetini terk eden gen\u00e7! Sen bana baz\u0131 meleklerim gibisin!\u2019 buyurur. Allah-u Te\u00e2l\u00e2, hepimize ilahi A\u015fk\u2019\u0131n k\u0131ymetini bilmeyi nasip eylesin.<\/p>\n","protected":false},"excerpt":{"rendered":"<p>Bu kitab\u0131n \u00f6z\u00fc; ruhun \u00fczerine y\u00fckledi\u011fimiz d\u00fcnya y\u00fck\u00fcn\u00fc hafifletmek; ki\u015fiyi ruhen huzurlu k\u0131lmak i\u00e7in yol g\u00f6stermektir. Tasavvuf felsefesinin lezzeti ile yaz\u0131l\u0131p dizilmi\u015f olan bu kitap Hakk\u2019a<span class=\"excerpt-hellip\"> [\u2026]<\/span><\/p>\n","protected":false},"featured_media":0,"template":"","meta":{"_monsterinsights_skip_tracking":false,"_monsterinsights_sitenote_active":false,"_monsterinsights_sitenote_note":"","_monsterinsights_sitenote_category":0},"product_brand":[],"product_cat":[12718,12719,12720],"product_tag":[],"class_list":{"0":"post-771192","1":"product","2":"type-product","3":"status-publish","5":"product_cat-din","6":"product_cat-islam","7":"product_cat-tasavvuf-mezhepler-tarikatlar","8":"pa_cilt-ciltsiz","9":"pa_tur-kitap","10":"pa_yayinevi-yediveren-yayinlari","11":"pa_yazar-bilal-civelek","13":"first","14":"instock","15":"sale","16":"shipping-taxable","17":"purchasable","18":"product-type-simple"},"_links":{"self":[{"href":"https:\/\/roveyayinevi.com.tr\/index.php\/wp-json\/wp\/v2\/product\/771192","targetHints":{"allow":["GET"]}}],"collection":[{"href":"https:\/\/roveyayinevi.com.tr\/index.php\/wp-json\/wp\/v2\/product"}],"about":[{"href":"https:\/\/roveyayinevi.com.tr\/index.php\/wp-json\/wp\/v2\/types\/product"}],"wp:attachment":[{"href":"https:\/\/roveyayinevi.com.tr\/index.php\/wp-json\/wp\/v2\/media?parent=771192"}],"wp:term":[{"taxonomy":"product_brand","embeddable":true,"href":"https:\/\/roveyayinevi.com.tr\/index.php\/wp-json\/wp\/v2\/product_brand?post=771192"},{"taxonomy":"product_cat","embeddable":true,"href":"https:\/\/roveyayinevi.com.tr\/index.php\/wp-json\/wp\/v2\/product_cat?post=771192"},{"taxonomy":"product_tag","embeddable":true,"href":"https:\/\/roveyayinevi.com.tr\/index.php\/wp-json\/wp\/v2\/product_tag?post=771192"}],"curies":[{"name":"wp","href":"https:\/\/api.w.org\/{rel}","templated":true}]}}