{"id":771190,"date":"2025-08-28T14:56:59","date_gmt":"2025-08-28T11:56:59","guid":{"rendered":"https:\/\/roveyayinevi.com.tr\/index.php\/urun\/aski-sen-de-buldum\/"},"modified":"2026-04-15T03:37:39","modified_gmt":"2026-04-15T00:37:39","slug":"aski-sen-de-buldum","status":"publish","type":"product","link":"https:\/\/roveyayinevi.com.tr\/index.php\/urun\/aski-sen-de-buldum\/","title":{"rendered":"A\u015fk\u0131 Sen de Buldum"},"content":{"rendered":"<p>Kalbimizin ritmini de\u011fi\u015ftirecek,ayaklar\u0131m\u0131z\u0131 yerden kesecek,sabahlar\u0131 daha bir heyecanlauyanmam\u0131z\u0131 sa\u011flayacak \u015feyi ar\u0131yoruz&#8230;A\u015fk\u0131 ar\u0131yoruz asl\u0131nda hepimiz!Belki de \u00e7ok uzak da de\u011fildir.Hemen yan\u0131 ba\u015f\u0131m\u0131zda elimiziuzatmam\u0131z\u0131 ve g\u00f6nl\u00fcm\u00fcze davetetmemizi bekliyordur birileri&#8230;Derledi\u011fimiz a\u015fka dair hik\u00e2yelerlearad\u0131\u011f\u0131n\u0131z\u0131 bulaca\u011f\u0131n\u0131z\u0131 umuyoruz&#8230;Ve sizi onlarla ba\u015f ba\u015fa b\u0131rak\u0131yoruz&#8230;<\/p>\n","protected":false},"excerpt":{"rendered":"<p>Kalbimizin ritmini de\u011fi\u015ftirecek,ayaklar\u0131m\u0131z\u0131 yerden kesecek,sabahlar\u0131 daha bir heyecanlauyanmam\u0131z\u0131 sa\u011flayacak \u015feyi ar\u0131yoruz&#8230;A\u015fk\u0131 ar\u0131yoruz asl\u0131nda hepimiz!Belki de \u00e7ok uzak da de\u011fildir.Hemen yan\u0131 ba\u015f\u0131m\u0131zda elimiziuzatmam\u0131z\u0131 ve g\u00f6nl\u00fcm\u00fcze davetetmemizi bekliyordur<span class=\"excerpt-hellip\"> [\u2026]<\/span><\/p>\n","protected":false},"featured_media":0,"template":"","meta":{"_monsterinsights_skip_tracking":false,"_monsterinsights_sitenote_active":false,"_monsterinsights_sitenote_note":"","_monsterinsights_sitenote_category":0},"product_brand":[],"product_cat":[12274,12284],"product_tag":[],"class_list":{"0":"post-771190","1":"product","2":"type-product","3":"status-publish","5":"product_cat-cocuk-ve-genclik-kitaplari","6":"product_cat-hikayeler","7":"pa_cilt-ciltsiz","8":"pa_tur-kitap","9":"pa_yayinevi-yediveren-yayinlari","10":"pa_yazar-akif-bayrak","12":"first","13":"instock","14":"sale","15":"shipping-taxable","16":"purchasable","17":"product-type-simple"},"_links":{"self":[{"href":"https:\/\/roveyayinevi.com.tr\/index.php\/wp-json\/wp\/v2\/product\/771190","targetHints":{"allow":["GET"]}}],"collection":[{"href":"https:\/\/roveyayinevi.com.tr\/index.php\/wp-json\/wp\/v2\/product"}],"about":[{"href":"https:\/\/roveyayinevi.com.tr\/index.php\/wp-json\/wp\/v2\/types\/product"}],"wp:attachment":[{"href":"https:\/\/roveyayinevi.com.tr\/index.php\/wp-json\/wp\/v2\/media?parent=771190"}],"wp:term":[{"taxonomy":"product_brand","embeddable":true,"href":"https:\/\/roveyayinevi.com.tr\/index.php\/wp-json\/wp\/v2\/product_brand?post=771190"},{"taxonomy":"product_cat","embeddable":true,"href":"https:\/\/roveyayinevi.com.tr\/index.php\/wp-json\/wp\/v2\/product_cat?post=771190"},{"taxonomy":"product_tag","embeddable":true,"href":"https:\/\/roveyayinevi.com.tr\/index.php\/wp-json\/wp\/v2\/product_tag?post=771190"}],"curies":[{"name":"wp","href":"https:\/\/api.w.org\/{rel}","templated":true}]}}