{"id":771188,"date":"2025-08-28T14:56:55","date_gmt":"2025-08-28T11:56:55","guid":{"rendered":"https:\/\/roveyayinevi.com.tr\/index.php\/urun\/oyuncunun-oyunlari\/"},"modified":"2026-04-15T03:37:39","modified_gmt":"2026-04-15T00:37:39","slug":"oyuncunun-oyunlari","status":"publish","type":"product","link":"https:\/\/roveyayinevi.com.tr\/index.php\/urun\/oyuncunun-oyunlari\/","title":{"rendered":"Oyuncunun Oyunlar\u0131"},"content":{"rendered":"<p>Do\u011fuda \u00f6\u011fretmenler asla ders vermez. En az\u0131ndan bizim anlad\u0131\u011f\u0131m\u0131z anlamda. Ger\u00e7ek bir \u00f6\u011fretmen asla a\u00e7\u0131klama yapmaz ya da re\u00e7eteler sunmaz. Do\u011fulu \u00f6\u011fretmen sonsuz sab\u0131r ve sars\u0131lmaz azimle neler ba\u015far\u0131labilece\u011finin ya\u015fayan \u00f6rne\u011fidir.Do\u011fu gelene\u011findeki hi\u00e7bir \u015fey Bat\u0131ya do\u011frudan uygulanamaz. Yoshi Oida&#8217;n\u0131n Avrupa&#8217;ya gelmesinin ba\u015fl\u0131ca nedeni budur. Hakk\u0131nda pek bir \u015fey bilmedi\u011fi bu yar\u0131k\u00fcrede ne gibi derslerle kar\u015f\u0131la\u015facakt\u0131r? Bu aray\u0131\u015f\u0131n\u0131 kitaplar\u0131nda c\u00f6mert\u00e7e payla\u015f\u0131yor bizimle. Ya\u015fad\u0131\u011f\u0131 zorluklar\u0131 a\u00e7\u0131kl\u0131yor, ge\u00e7mi\u015fte ve g\u00fcn\u00fcm\u00fczde kendisine y\u0131llarca yol g\u00f6steren \u00f6rnekleri canl\u0131 \u00e7a\u011fr\u0131\u015f\u0131mlarla aktar\u0131yor. Bir metot vermekten ka\u00e7\u0131n\u0131yor ve bir \u015fey \u00f6\u011fretmeye \u00e7al\u0131\u015fm\u0131yor. Bunun yerine, ait oldu\u011fu gelene\u011fin bah\u015fetti\u011fi \u00f6zel anlay\u0131\u015fla beslenen ?d\u00fc\u015fleri, yenilgileri, idealleri ve ke\u015fifleriyle? bir \u00e7al\u0131\u015fma g\u00fcn\u00fcn\u00fc mizah ve al\u00e7akg\u00f6n\u00fcll\u00fcl\u00fckle hayata ge\u00e7iriyor.Ama kitab\u0131n\u0131n ad\u0131yla bizi oyuna getiriyor. Asl\u0131nda ne bir oyun ne de bir a\u00e7\u0131klama var. Sadece deneyimleri var. As\u0131l ders bu i\u015fte.&#8221; Peter Brook<\/p>\n","protected":false},"excerpt":{"rendered":"<p>Do\u011fuda \u00f6\u011fretmenler asla ders vermez. En az\u0131ndan bizim anlad\u0131\u011f\u0131m\u0131z anlamda. Ger\u00e7ek bir \u00f6\u011fretmen asla a\u00e7\u0131klama yapmaz ya da re\u00e7eteler sunmaz. Do\u011fulu \u00f6\u011fretmen sonsuz sab\u0131r ve sars\u0131lmaz<span class=\"excerpt-hellip\"> [\u2026]<\/span><\/p>\n","protected":false},"featured_media":0,"template":"","meta":{"_monsterinsights_skip_tracking":false,"_monsterinsights_sitenote_active":false,"_monsterinsights_sitenote_note":"","_monsterinsights_sitenote_category":0},"product_brand":[],"product_cat":[12291,14272],"product_tag":[],"class_list":{"0":"post-771188","1":"product","2":"type-product","3":"status-publish","5":"product_cat-edebiyat","6":"product_cat-tiyatro","7":"pa_cilt-ciltsiz","8":"pa_tur-kitap","9":"pa_yayinevi-bogazici-universitesi-yayinevi","10":"pa_yazar-yoshi-oida-loma-marshall","12":"first","13":"instock","14":"sale","15":"shipping-taxable","16":"purchasable","17":"product-type-simple"},"_links":{"self":[{"href":"https:\/\/roveyayinevi.com.tr\/index.php\/wp-json\/wp\/v2\/product\/771188","targetHints":{"allow":["GET"]}}],"collection":[{"href":"https:\/\/roveyayinevi.com.tr\/index.php\/wp-json\/wp\/v2\/product"}],"about":[{"href":"https:\/\/roveyayinevi.com.tr\/index.php\/wp-json\/wp\/v2\/types\/product"}],"wp:attachment":[{"href":"https:\/\/roveyayinevi.com.tr\/index.php\/wp-json\/wp\/v2\/media?parent=771188"}],"wp:term":[{"taxonomy":"product_brand","embeddable":true,"href":"https:\/\/roveyayinevi.com.tr\/index.php\/wp-json\/wp\/v2\/product_brand?post=771188"},{"taxonomy":"product_cat","embeddable":true,"href":"https:\/\/roveyayinevi.com.tr\/index.php\/wp-json\/wp\/v2\/product_cat?post=771188"},{"taxonomy":"product_tag","embeddable":true,"href":"https:\/\/roveyayinevi.com.tr\/index.php\/wp-json\/wp\/v2\/product_tag?post=771188"}],"curies":[{"name":"wp","href":"https:\/\/api.w.org\/{rel}","templated":true}]}}