{"id":771187,"date":"2025-08-28T14:56:53","date_gmt":"2025-08-28T11:56:53","guid":{"rendered":"https:\/\/roveyayinevi.com.tr\/index.php\/urun\/bir-omrun-aynasinda-turkiyede-82-yil\/"},"modified":"2026-04-15T03:37:39","modified_gmt":"2026-04-15T00:37:39","slug":"bir-omrun-aynasinda-turkiyede-82-yil","status":"publish","type":"product","link":"https:\/\/roveyayinevi.com.tr\/index.php\/urun\/bir-omrun-aynasinda-turkiyede-82-yil\/","title":{"rendered":"Bir \u00d6mr\u00fcn Aynas\u0131nda T\u00fcrkiye\u2019de 82 Y\u0131l"},"content":{"rendered":"<p>\u201c\u00c7ocuklu\u011fumdan beri d\u00fcnyay\u0131 anlamaya ve anlatmaya adad\u0131m kendimi. \u0130stanbul sokaklar\u0131nda ba\u015flayan yolculu\u011fum, beni gazetecili\u011fe ve ekonomiye s\u00fcr\u00fckledi. T\u00fcrkiye\u2019nin \u00e7alkant\u0131l\u0131 d\u00f6nemlerinde ger\u00e7e\u011fi aramak tutkum oldu. \u00dcniversitede filizlenen merak\u0131m, gazetecili\u011fe y\u00f6nelmemi sa\u011flad\u0131. Ekonomi ve siyaset alan\u0131ndaki birikimimi payla\u015fmak en b\u00fcy\u00fck mutlulu\u011fumdu. \u015eimdi, bu yolculu\u011fu siz de\u011ferli okurlar\u0131mla payla\u015fma zaman\u0131.\u201d   Bu kitap, Osman Ulagay\u2019\u0131n \u00e7ocukluk y\u0131llar\u0131ndan itibaren \u015fekillenen d\u00fc\u015f\u00fcnce d\u00fcnyas\u0131n\u0131, e\u011fitim hayat\u0131n\u0131, gazetecilik ser\u00fcvenini ve T\u00fcrkiye\u2019nin kritik k\u0131r\u0131lma anlar\u0131na dair yorumlar\u0131n\u0131 i\u00e7eriyor. 27 May\u0131s\u2019tan 12 Mart\u2019a, 12 Eyl\u00fcl\u2019den 2001 Krizi\u2019ne ve AKP iktidar\u0131n\u0131n y\u00fckseli\u015fine kadar uzanan s\u00fcre\u00e7te bir gazeteci olarak g\u00f6zlemlediklerini, karar al\u0131c\u0131larla kurdu\u011fu ili\u015fkileri, T\u00fcrkiye\u2019de ya\u015fanan ekonomik ve siyasi de\u011fi\u015fimleri kendine \u00f6zg\u00fc bir \u00fcslupla aktar\u0131yor.   T\u00fcrkiye\u2019nin ve d\u00fcnyan\u0131n d\u00f6n\u00fc\u015f\u00fcm\u00fcne dair titizlikle kaleme al\u0131nm\u0131\u015f bu biyografi, Osman Ulagay\u2019\u0131n ele\u015ftirel bak\u0131\u015f a\u00e7\u0131s\u0131n\u0131, zaman\u0131n \u00f6tesine ge\u00e7en tespitlerini ve ard\u0131nda b\u0131rakt\u0131\u011f\u0131 entelekt\u00fcel birikimini bizlerle payla\u015f\u0131yor.   Volkan Vural\u2019\u0131n ya\u015fam\u00f6yk\u00fcs\u00fc bireysel olanla toplumsal olan\u0131n kesi\u015fti\u011fi yerde, T\u00fcrkiye\u2019nin politik ve diplomatik tarihini i\u00e7eriyor. Yak\u0131n tarihi merak eden okurlar, diplomasi tarihini ve sanat\u0131n\u0131 \u00f6\u011frenmek isteyen \u00f6\u011frenciler ve meslek profesyonelleri i\u00e7in bir ba\u015fucu kitab\u0131. <\/p>\n","protected":false},"excerpt":{"rendered":"<p>\u201c\u00c7ocuklu\u011fumdan beri d\u00fcnyay\u0131 anlamaya ve anlatmaya adad\u0131m kendimi. \u0130stanbul sokaklar\u0131nda ba\u015flayan yolculu\u011fum, beni gazetecili\u011fe ve ekonomiye s\u00fcr\u00fckledi. T\u00fcrkiye\u2019nin \u00e7alkant\u0131l\u0131 d\u00f6nemlerinde ger\u00e7e\u011fi aramak tutkum oldu. \u00dcniversitede filizlenen<span class=\"excerpt-hellip\"> [\u2026]<\/span><\/p>\n","protected":false},"featured_media":0,"template":"","meta":{"_monsterinsights_skip_tracking":false,"_monsterinsights_sitenote_active":false,"_monsterinsights_sitenote_note":"","_monsterinsights_sitenote_category":0},"product_brand":[],"product_cat":[13701,12291],"product_tag":[],"class_list":{"0":"post-771187","1":"product","2":"type-product","3":"status-publish","5":"product_cat-ani-mektup-gunluk","6":"product_cat-edebiyat","7":"pa_cilt-ciltsiz","8":"pa_tur-kitap","9":"pa_yayinevi-dogan-kitap","10":"pa_yazar-osman-ulagay","12":"first","13":"instock","14":"sale","15":"shipping-taxable","16":"purchasable","17":"product-type-simple"},"_links":{"self":[{"href":"https:\/\/roveyayinevi.com.tr\/index.php\/wp-json\/wp\/v2\/product\/771187","targetHints":{"allow":["GET"]}}],"collection":[{"href":"https:\/\/roveyayinevi.com.tr\/index.php\/wp-json\/wp\/v2\/product"}],"about":[{"href":"https:\/\/roveyayinevi.com.tr\/index.php\/wp-json\/wp\/v2\/types\/product"}],"wp:attachment":[{"href":"https:\/\/roveyayinevi.com.tr\/index.php\/wp-json\/wp\/v2\/media?parent=771187"}],"wp:term":[{"taxonomy":"product_brand","embeddable":true,"href":"https:\/\/roveyayinevi.com.tr\/index.php\/wp-json\/wp\/v2\/product_brand?post=771187"},{"taxonomy":"product_cat","embeddable":true,"href":"https:\/\/roveyayinevi.com.tr\/index.php\/wp-json\/wp\/v2\/product_cat?post=771187"},{"taxonomy":"product_tag","embeddable":true,"href":"https:\/\/roveyayinevi.com.tr\/index.php\/wp-json\/wp\/v2\/product_tag?post=771187"}],"curies":[{"name":"wp","href":"https:\/\/api.w.org\/{rel}","templated":true}]}}