{"id":771186,"date":"2025-08-28T14:56:51","date_gmt":"2025-08-28T11:56:51","guid":{"rendered":"https:\/\/roveyayinevi.com.tr\/index.php\/urun\/gezegen-oyunu-dunya-ve-pluton\/"},"modified":"2026-04-15T03:37:39","modified_gmt":"2026-04-15T00:37:39","slug":"gezegen-oyunu-dunya-ve-pluton","status":"publish","type":"product","link":"https:\/\/roveyayinevi.com.tr\/index.php\/urun\/gezegen-oyunu-dunya-ve-pluton\/","title":{"rendered":"Gezegen Oyunu &#8211; D\u00fcnya ve Pl\u00fcton"},"content":{"rendered":"<p>\u201cHaydi gezegenler, toplan\u0131n etraf\u0131ma!\u201d   Bu s\u0131n\u0131f Gezegen Oyunu\u2019na bay\u0131l\u0131yor. \u00c7ocuklar, G\u00fcne\u015f sistemini canland\u0131rarak hem yeni bilgiler ediniyor hem de sorunlarla ba\u015fa \u00e7\u0131kmay\u0131 \u00f6\u011freniyorlar. Yi\u011fit, D\u00fcnya ve c\u00fcce gezegen Pl\u00fcton\u2019la tan\u0131\u015farak farkl\u0131l\u0131klar\u0131n g\u00fczelli\u011fini ke\u015ffediyor.   \u00c7ocuklar\u0131n b\u00fcy\u00fcme yolculu\u011funa renk katarak onlara e\u015flik eden gezegenler, seninle de arkada\u015f olmay\u0131 sab\u0131rs\u0131zl\u0131kla bekliyor. Kitaplar\u0131n sonunda bulaca\u011f\u0131n farkl\u0131 etkinliklerle bu oyun hi\u00e7 bitmeyecek!   Gezegenlerin anlamlar\u0131 ve hayat\u0131m\u0131zdaki yerleri Hayal g\u00fcc\u00fc Fen ve do\u011fa bilgisi Neden-sonu\u00e7 ili\u015fkisi Fark\u0131ndal\u0131k Farkl\u0131l\u0131klar Kozmik e\u011fitim <\/p>\n","protected":false},"excerpt":{"rendered":"<p>\u201cHaydi gezegenler, toplan\u0131n etraf\u0131ma!\u201d Bu s\u0131n\u0131f Gezegen Oyunu\u2019na bay\u0131l\u0131yor. \u00c7ocuklar, G\u00fcne\u015f sistemini canland\u0131rarak hem yeni bilgiler ediniyor hem de sorunlarla ba\u015fa \u00e7\u0131kmay\u0131 \u00f6\u011freniyorlar. Yi\u011fit, D\u00fcnya ve<span class=\"excerpt-hellip\"> [\u2026]<\/span><\/p>\n","protected":false},"featured_media":0,"template":"","meta":{"_monsterinsights_skip_tracking":false,"_monsterinsights_sitenote_active":false,"_monsterinsights_sitenote_note":"","_monsterinsights_sitenote_category":0},"product_brand":[],"product_cat":[12274,12284],"product_tag":[],"class_list":{"0":"post-771186","1":"product","2":"type-product","3":"status-publish","5":"product_cat-cocuk-ve-genclik-kitaplari","6":"product_cat-hikayeler","7":"pa_cilt-ciltsiz","8":"pa_tur-kitap","9":"pa_yayinevi-indigo-cocuk","10":"pa_yazar-can-aydogmus","12":"first","13":"instock","14":"sale","15":"shipping-taxable","16":"purchasable","17":"product-type-simple"},"_links":{"self":[{"href":"https:\/\/roveyayinevi.com.tr\/index.php\/wp-json\/wp\/v2\/product\/771186","targetHints":{"allow":["GET"]}}],"collection":[{"href":"https:\/\/roveyayinevi.com.tr\/index.php\/wp-json\/wp\/v2\/product"}],"about":[{"href":"https:\/\/roveyayinevi.com.tr\/index.php\/wp-json\/wp\/v2\/types\/product"}],"wp:attachment":[{"href":"https:\/\/roveyayinevi.com.tr\/index.php\/wp-json\/wp\/v2\/media?parent=771186"}],"wp:term":[{"taxonomy":"product_brand","embeddable":true,"href":"https:\/\/roveyayinevi.com.tr\/index.php\/wp-json\/wp\/v2\/product_brand?post=771186"},{"taxonomy":"product_cat","embeddable":true,"href":"https:\/\/roveyayinevi.com.tr\/index.php\/wp-json\/wp\/v2\/product_cat?post=771186"},{"taxonomy":"product_tag","embeddable":true,"href":"https:\/\/roveyayinevi.com.tr\/index.php\/wp-json\/wp\/v2\/product_tag?post=771186"}],"curies":[{"name":"wp","href":"https:\/\/api.w.org\/{rel}","templated":true}]}}