{"id":771184,"date":"2025-08-28T14:56:47","date_gmt":"2025-08-28T11:56:47","guid":{"rendered":"https:\/\/roveyayinevi.com.tr\/index.php\/urun\/atamla-mecliste\/"},"modified":"2026-04-15T03:37:39","modified_gmt":"2026-04-15T00:37:39","slug":"atamla-mecliste","status":"publish","type":"product","link":"https:\/\/roveyayinevi.com.tr\/index.php\/urun\/atamla-mecliste\/","title":{"rendered":"Ata&#8217;mla Meclis&#8217;te"},"content":{"rendered":"<p>Kahraman\u0131m\u0131z Mustafa Umut, kendisini bir anda Ankara sokaklar\u0131nda bulur. T\u00fcrkiye B\u00fcy\u00fck Millet Meclisi\u2019nin a\u00e7\u0131lmas\u0131na birka\u00e7 g\u00fcn kalm\u0131\u015ft\u0131r. B\u00fct\u00fcn halk sevin\u00e7 i\u00e7erisinde Meclis binas\u0131ndaki haz\u0131rl\u0131klar\u0131 izlemektedir. Ancak bu esnada Mustafa Umut, baz\u0131 k\u00f6t\u00fc adamlar\u0131n konu\u015fmalar\u0131na kulak misafiri olur. K\u00f6t\u00fc adamlar\u0131n meclisin a\u00e7\u0131lmas\u0131n\u0131 engelleme planlar\u0131n\u0131 \u00f6\u011frenir. Mustafa Umut, ne pahas\u0131na olursa olsun T\u00fcrkiye B\u00fcy\u00fck Millet Meclisi\u2019ne zarar verecek ki\u015fileri durdurmaya karar verir. Ancak Meclis binas\u0131na zarar verecek ve a\u00e7\u0131l\u0131\u015f\u0131 engelleyecek ki\u015fileri bulmak kolay de\u011fildir. Ayr\u0131ca bu bilgiyi Mustafa Kemal Pa\u015fa\u2019ya da iletmesi gerekmektedir. Mustafa Umut\u2019un bu zorlu maceras\u0131na e\u015flik etmek ister misin? Her b\u00f6l\u00fcm sonundaki sorular\u0131 do\u011fru cevaplayarak, Mustafa Umut\u2019a yard\u0131mc\u0131 olmaya ne dersin?<\/p>\n","protected":false},"excerpt":{"rendered":"<p>Kahraman\u0131m\u0131z Mustafa Umut, kendisini bir anda Ankara sokaklar\u0131nda bulur. T\u00fcrkiye B\u00fcy\u00fck Millet Meclisi\u2019nin a\u00e7\u0131lmas\u0131na birka\u00e7 g\u00fcn kalm\u0131\u015ft\u0131r. B\u00fct\u00fcn halk sevin\u00e7 i\u00e7erisinde Meclis binas\u0131ndaki haz\u0131rl\u0131klar\u0131 izlemektedir. Ancak<span class=\"excerpt-hellip\"> [\u2026]<\/span><\/p>\n","protected":false},"featured_media":0,"template":"","meta":{"_monsterinsights_skip_tracking":false,"_monsterinsights_sitenote_active":false,"_monsterinsights_sitenote_note":"","_monsterinsights_sitenote_category":0},"product_brand":[],"product_cat":[12274,12284],"product_tag":[],"class_list":{"0":"post-771184","1":"product","2":"type-product","3":"status-publish","5":"product_cat-cocuk-ve-genclik-kitaplari","6":"product_cat-hikayeler","7":"pa_cilt-ciltsiz","8":"pa_tur-kitap","9":"pa_yayinevi-yediveren-cocuk","10":"pa_yazar-cihangir-defterdar","12":"first","13":"instock","14":"sale","15":"shipping-taxable","16":"purchasable","17":"product-type-simple"},"_links":{"self":[{"href":"https:\/\/roveyayinevi.com.tr\/index.php\/wp-json\/wp\/v2\/product\/771184","targetHints":{"allow":["GET"]}}],"collection":[{"href":"https:\/\/roveyayinevi.com.tr\/index.php\/wp-json\/wp\/v2\/product"}],"about":[{"href":"https:\/\/roveyayinevi.com.tr\/index.php\/wp-json\/wp\/v2\/types\/product"}],"wp:attachment":[{"href":"https:\/\/roveyayinevi.com.tr\/index.php\/wp-json\/wp\/v2\/media?parent=771184"}],"wp:term":[{"taxonomy":"product_brand","embeddable":true,"href":"https:\/\/roveyayinevi.com.tr\/index.php\/wp-json\/wp\/v2\/product_brand?post=771184"},{"taxonomy":"product_cat","embeddable":true,"href":"https:\/\/roveyayinevi.com.tr\/index.php\/wp-json\/wp\/v2\/product_cat?post=771184"},{"taxonomy":"product_tag","embeddable":true,"href":"https:\/\/roveyayinevi.com.tr\/index.php\/wp-json\/wp\/v2\/product_tag?post=771184"}],"curies":[{"name":"wp","href":"https:\/\/api.w.org\/{rel}","templated":true}]}}