{"id":771183,"date":"2025-08-28T14:56:45","date_gmt":"2025-08-28T11:56:45","guid":{"rendered":"https:\/\/roveyayinevi.com.tr\/index.php\/urun\/atamla-bandirma-vapurunda\/"},"modified":"2026-04-15T03:37:39","modified_gmt":"2026-04-15T00:37:39","slug":"atamla-bandirma-vapurunda","status":"publish","type":"product","link":"https:\/\/roveyayinevi.com.tr\/index.php\/urun\/atamla-bandirma-vapurunda\/","title":{"rendered":"Ata&#8217;mla Band\u0131rma Vapuru&#8217;nda"},"content":{"rendered":"<p>Kahraman\u0131m\u0131z Mustafa Umut, kendisini bir anda \u0130stanbul sokaklar\u0131nda bulur. Galata Kulesi civar\u0131nda bir sokakta, k\u00f6t\u00fc adamlar\u0131n konu\u015fmalar\u0131na kulak misafiri olur. Konu\u015fmalardan Mustafa Kemal Pa\u015fa\u2019n\u0131n Samsun\u2019a gidece\u011fi Band\u0131rma Vapuru\u2019nun bozulaca\u011f\u0131n\u0131 \u00f6\u011frenir. Peki Band\u0131rma Vapuru kimler taraf\u0131ndan ve ne zaman bozulacakt\u0131r? Mustafa Umut, ne pahas\u0131na olursa olsun Band\u0131rma Vapuru\u2019nu bozacak ki\u015fileri \u00f6\u011frenmeye karar verir. K\u00f6t\u00fc adamlar\u0131n pe\u015flerine tak\u0131l\u0131r. Ancak Band\u0131rma Vapuru\u2019nu bozacak ki\u015fileri bulmak kolay de\u011fildir. Ayr\u0131ca bu bilgiyi Mustafa Kemal Pa\u015fa\u2019ya veya geminin kaptan\u0131 \u0130smail Hakk\u0131 Kaptan\u2019a ula\u015ft\u0131rmas\u0131 gerekmektedir. Mustafa Umut\u2019un bu zorlu maceras\u0131na e\u015flik etmek ister misin? Her b\u00f6l\u00fcm sonundaki sorular\u0131 do\u011fru cevaplayarak, Mustafa Umut\u2019a yard\u0131mc\u0131 olmaya ne dersin? &#8211; Dikkat ve Analitik D\u00fc\u015f\u00fcnce Geli\u015fimi Uygulamal\u0131<\/p>\n","protected":false},"excerpt":{"rendered":"<p>Kahraman\u0131m\u0131z Mustafa Umut, kendisini bir anda \u0130stanbul sokaklar\u0131nda bulur. Galata Kulesi civar\u0131nda bir sokakta, k\u00f6t\u00fc adamlar\u0131n konu\u015fmalar\u0131na kulak misafiri olur. Konu\u015fmalardan Mustafa Kemal Pa\u015fa\u2019n\u0131n Samsun\u2019a gidece\u011fi<span class=\"excerpt-hellip\"> [\u2026]<\/span><\/p>\n","protected":false},"featured_media":0,"template":"","meta":{"_monsterinsights_skip_tracking":false,"_monsterinsights_sitenote_active":false,"_monsterinsights_sitenote_note":"","_monsterinsights_sitenote_category":0},"product_brand":[],"product_cat":[12274,12284],"product_tag":[],"class_list":{"0":"post-771183","1":"product","2":"type-product","3":"status-publish","5":"product_cat-cocuk-ve-genclik-kitaplari","6":"product_cat-hikayeler","7":"pa_cilt-ciltsiz","8":"pa_tur-kitap","9":"pa_yayinevi-yediveren-cocuk","10":"pa_yazar-cihangir-defterdar","12":"first","13":"instock","14":"sale","15":"shipping-taxable","16":"purchasable","17":"product-type-simple"},"_links":{"self":[{"href":"https:\/\/roveyayinevi.com.tr\/index.php\/wp-json\/wp\/v2\/product\/771183","targetHints":{"allow":["GET"]}}],"collection":[{"href":"https:\/\/roveyayinevi.com.tr\/index.php\/wp-json\/wp\/v2\/product"}],"about":[{"href":"https:\/\/roveyayinevi.com.tr\/index.php\/wp-json\/wp\/v2\/types\/product"}],"wp:attachment":[{"href":"https:\/\/roveyayinevi.com.tr\/index.php\/wp-json\/wp\/v2\/media?parent=771183"}],"wp:term":[{"taxonomy":"product_brand","embeddable":true,"href":"https:\/\/roveyayinevi.com.tr\/index.php\/wp-json\/wp\/v2\/product_brand?post=771183"},{"taxonomy":"product_cat","embeddable":true,"href":"https:\/\/roveyayinevi.com.tr\/index.php\/wp-json\/wp\/v2\/product_cat?post=771183"},{"taxonomy":"product_tag","embeddable":true,"href":"https:\/\/roveyayinevi.com.tr\/index.php\/wp-json\/wp\/v2\/product_tag?post=771183"}],"curies":[{"name":"wp","href":"https:\/\/api.w.org\/{rel}","templated":true}]}}