{"id":771182,"date":"2025-08-28T14:56:43","date_gmt":"2025-08-28T11:56:43","guid":{"rendered":"https:\/\/roveyayinevi.com.tr\/index.php\/urun\/alfie-green-ve-kurbaga-dolu-kuvet\/"},"modified":"2026-04-15T03:37:39","modified_gmt":"2026-04-15T00:37:39","slug":"alfie-green-ve-kurbaga-dolu-kuvet","status":"publish","type":"product","link":"https:\/\/roveyayinevi.com.tr\/index.php\/urun\/alfie-green-ve-kurbaga-dolu-kuvet\/","title":{"rendered":"Alfie Green ve Kurba\u011fa Dolu K\u00fcvet"},"content":{"rendered":"<p>&#8220;Muhte\u015fem kitaplar, \u00e7ok g\u00fczel resimlendirilmi\u015f.&#8221;Sunday IndependentY\u00fczlerce minik g\u00f6z Alfie&#8217;nin bah\u00e7esindeki k\u00fcvetten d\u0131\u015far\u0131y\u0131 izliyordu. Kurba\u011falar! Onlar\u0131 kim davet etmi\u015fti?Ve kurba\u011falar t\u00fcm arkada\u015flar\u0131na ve akrabalar\u0131na; yeni, harika y\u00fczme havuzundan bahsettiklerinde kurba\u011falar her yeri i\u015fgal etti. Alfie&#8217;nin yard\u0131ma ihtiyac\u0131 vard\u0131r hem de \u00e7ok acil.Bu Alfie&#8217;nin b\u00fcy\u00fckbabas\u0131ndan kendisine miras kalan sihirli kitab\u0131n \u00e7\u00f6zebilece\u011fi bir sorundur. Ve sihirli kitap, Alfie&#8217;nin sorununu \u00e7\u00f6zmek i\u00e7in hi\u00e7 al\u0131\u015fk\u0131n olunmayan bir yol se\u00e7er.<\/p>\n","protected":false},"excerpt":{"rendered":"<p>&#8220;Muhte\u015fem kitaplar, \u00e7ok g\u00fczel resimlendirilmi\u015f.&#8221;Sunday IndependentY\u00fczlerce minik g\u00f6z Alfie&#8217;nin bah\u00e7esindeki k\u00fcvetten d\u0131\u015far\u0131y\u0131 izliyordu. Kurba\u011falar! Onlar\u0131 kim davet etmi\u015fti?Ve kurba\u011falar t\u00fcm arkada\u015flar\u0131na ve akrabalar\u0131na; yeni, harika y\u00fczme<span class=\"excerpt-hellip\"> [\u2026]<\/span><\/p>\n","protected":false},"featured_media":0,"template":"","meta":{"_monsterinsights_skip_tracking":false,"_monsterinsights_sitenote_active":false,"_monsterinsights_sitenote_note":"","_monsterinsights_sitenote_category":0},"product_brand":[],"product_cat":[12274,12284],"product_tag":[],"class_list":{"0":"post-771182","1":"product","2":"type-product","3":"status-publish","5":"product_cat-cocuk-ve-genclik-kitaplari","6":"product_cat-hikayeler","7":"pa_cilt-ciltsiz","8":"pa_tur-kitap","9":"pa_yayinevi-yediveren-cocuk","10":"pa_yazar-joe-obrien","12":"first","13":"instock","14":"sale","15":"shipping-taxable","16":"purchasable","17":"product-type-simple"},"_links":{"self":[{"href":"https:\/\/roveyayinevi.com.tr\/index.php\/wp-json\/wp\/v2\/product\/771182","targetHints":{"allow":["GET"]}}],"collection":[{"href":"https:\/\/roveyayinevi.com.tr\/index.php\/wp-json\/wp\/v2\/product"}],"about":[{"href":"https:\/\/roveyayinevi.com.tr\/index.php\/wp-json\/wp\/v2\/types\/product"}],"wp:attachment":[{"href":"https:\/\/roveyayinevi.com.tr\/index.php\/wp-json\/wp\/v2\/media?parent=771182"}],"wp:term":[{"taxonomy":"product_brand","embeddable":true,"href":"https:\/\/roveyayinevi.com.tr\/index.php\/wp-json\/wp\/v2\/product_brand?post=771182"},{"taxonomy":"product_cat","embeddable":true,"href":"https:\/\/roveyayinevi.com.tr\/index.php\/wp-json\/wp\/v2\/product_cat?post=771182"},{"taxonomy":"product_tag","embeddable":true,"href":"https:\/\/roveyayinevi.com.tr\/index.php\/wp-json\/wp\/v2\/product_tag?post=771182"}],"curies":[{"name":"wp","href":"https:\/\/api.w.org\/{rel}","templated":true}]}}