{"id":771180,"date":"2025-08-28T14:56:39","date_gmt":"2025-08-28T11:56:39","guid":{"rendered":"https:\/\/roveyayinevi.com.tr\/index.php\/urun\/doguyla-batinin-izmir-maceralari\/"},"modified":"2026-04-15T03:37:39","modified_gmt":"2026-04-15T00:37:39","slug":"doguyla-batinin-izmir-maceralari","status":"publish","type":"product","link":"https:\/\/roveyayinevi.com.tr\/index.php\/urun\/doguyla-batinin-izmir-maceralari\/","title":{"rendered":"Do\u011fu&#8217;yla Bat\u0131&#8217;n\u0131n \u0130zmir Maceralar\u0131"},"content":{"rendered":"<p>Bu sefer rotam\u0131z\u0131 Ege&#8217;ye \u00e7evirdik ve \u0130zmir&#8217;e do\u011fru yola \u00e7\u0131kt\u0131k. Maceram\u0131z\u0131 s\u00fcresince ya\u015fad\u0131\u011f\u0131m\u0131z ilgin\u00e7 olaylar\u0131, \u00f6\u011frendi\u011fimiz acayip bilgileri, ald\u0131\u011f\u0131m\u0131z e\u011flenceli notlar\u0131 anlatt\u0131k. Ayr\u0131ca birbirinden keyifli oyunlar, bulmacalar, hik\u00e2yeler ve testler de sayfalar\u0131n aras\u0131nda seni bekliyor.Maceralar\u0131m\u0131z\u0131 okurken hem Ankara&#8217;y\u0131 daha yak\u0131ndan tan\u0131yacak hem de e\u011flenceli dakikalar ge\u00e7ireceksin.Vakit kaybetmeden kitab\u0131n kapa\u011f\u0131n\u0131 a\u00e7, sayfalar\u0131 \u00e7evir ve keyfine bak!<\/p>\n","protected":false},"excerpt":{"rendered":"<p>Bu sefer rotam\u0131z\u0131 Ege&#8217;ye \u00e7evirdik ve \u0130zmir&#8217;e do\u011fru yola \u00e7\u0131kt\u0131k. Maceram\u0131z\u0131 s\u00fcresince ya\u015fad\u0131\u011f\u0131m\u0131z ilgin\u00e7 olaylar\u0131, \u00f6\u011frendi\u011fimiz acayip bilgileri, ald\u0131\u011f\u0131m\u0131z e\u011flenceli notlar\u0131 anlatt\u0131k. Ayr\u0131ca birbirinden keyifli oyunlar,<span class=\"excerpt-hellip\"> [\u2026]<\/span><\/p>\n","protected":false},"featured_media":0,"template":"","meta":{"_monsterinsights_skip_tracking":false,"_monsterinsights_sitenote_active":false,"_monsterinsights_sitenote_note":"","_monsterinsights_sitenote_category":0},"product_brand":[],"product_cat":[12274,12284],"product_tag":[],"class_list":{"0":"post-771180","1":"product","2":"type-product","3":"status-publish","5":"product_cat-cocuk-ve-genclik-kitaplari","6":"product_cat-hikayeler","7":"pa_cilt-ciltsiz","8":"pa_tur-kitap","9":"pa_yayinevi-yediveren-cocuk","10":"pa_yazar-asena-meric","12":"first","13":"instock","14":"sale","15":"shipping-taxable","16":"purchasable","17":"product-type-simple"},"_links":{"self":[{"href":"https:\/\/roveyayinevi.com.tr\/index.php\/wp-json\/wp\/v2\/product\/771180","targetHints":{"allow":["GET"]}}],"collection":[{"href":"https:\/\/roveyayinevi.com.tr\/index.php\/wp-json\/wp\/v2\/product"}],"about":[{"href":"https:\/\/roveyayinevi.com.tr\/index.php\/wp-json\/wp\/v2\/types\/product"}],"wp:attachment":[{"href":"https:\/\/roveyayinevi.com.tr\/index.php\/wp-json\/wp\/v2\/media?parent=771180"}],"wp:term":[{"taxonomy":"product_brand","embeddable":true,"href":"https:\/\/roveyayinevi.com.tr\/index.php\/wp-json\/wp\/v2\/product_brand?post=771180"},{"taxonomy":"product_cat","embeddable":true,"href":"https:\/\/roveyayinevi.com.tr\/index.php\/wp-json\/wp\/v2\/product_cat?post=771180"},{"taxonomy":"product_tag","embeddable":true,"href":"https:\/\/roveyayinevi.com.tr\/index.php\/wp-json\/wp\/v2\/product_tag?post=771180"}],"curies":[{"name":"wp","href":"https:\/\/api.w.org\/{rel}","templated":true}]}}