{"id":771179,"date":"2025-08-28T14:56:36","date_gmt":"2025-08-28T11:56:36","guid":{"rendered":"https:\/\/roveyayinevi.com.tr\/index.php\/urun\/doguyla-batinin-ankara-macerasi\/"},"modified":"2026-04-15T03:37:39","modified_gmt":"2026-04-15T00:37:39","slug":"doguyla-batinin-ankara-macerasi","status":"publish","type":"product","link":"https:\/\/roveyayinevi.com.tr\/index.php\/urun\/doguyla-batinin-ankara-macerasi\/","title":{"rendered":"Do\u011fu&#8217;yla Bat\u0131&#8217;n\u0131n Ankara Maceras\u0131"},"content":{"rendered":"<p>\u0130ki karde\u015f olarak bu seyahatimizde ba\u015fkentimize gitmeye karar verdik. Ankara maceras\u0131 boyunca ya\u015fad\u0131\u011f\u0131m\u0131z olaylar\u0131, \u00f6\u011frendi\u011fimiz ilgin\u00e7 bilgileri, ald\u0131\u011f\u0131m\u0131z e\u011flenceli notlar\u0131 anlatt\u0131k. Ayr\u0131ca birbirinden e\u011flenceli oyunlar, bulmacalar, hik\u00e2yeler ve testler de sayfalar\u0131n aras\u0131nda seni bekliyor.Maceralar\u0131m\u0131z\u0131 okurken hem Ankara&#8217;y\u0131 daha yak\u0131ndan tan\u0131yacak hem de e\u011flenceli dakikalar ge\u00e7ireceksin.Vakit kaybetmeden kitab\u0131n kapa\u011f\u0131n\u0131 a\u00e7, sayfalar\u0131 \u00e7evir ve keyfine bak!<\/p>\n","protected":false},"excerpt":{"rendered":"<p>\u0130ki karde\u015f olarak bu seyahatimizde ba\u015fkentimize gitmeye karar verdik. Ankara maceras\u0131 boyunca ya\u015fad\u0131\u011f\u0131m\u0131z olaylar\u0131, \u00f6\u011frendi\u011fimiz ilgin\u00e7 bilgileri, ald\u0131\u011f\u0131m\u0131z e\u011flenceli notlar\u0131 anlatt\u0131k. Ayr\u0131ca birbirinden e\u011flenceli oyunlar, bulmacalar,<span class=\"excerpt-hellip\"> [\u2026]<\/span><\/p>\n","protected":false},"featured_media":0,"template":"","meta":{"_monsterinsights_skip_tracking":false,"_monsterinsights_sitenote_active":false,"_monsterinsights_sitenote_note":"","_monsterinsights_sitenote_category":0},"product_brand":[],"product_cat":[12274,12284],"product_tag":[],"class_list":{"0":"post-771179","1":"product","2":"type-product","3":"status-publish","5":"product_cat-cocuk-ve-genclik-kitaplari","6":"product_cat-hikayeler","7":"pa_cilt-ciltsiz","8":"pa_tur-kitap","9":"pa_yayinevi-yediveren-cocuk","10":"pa_yazar-asena-meric","12":"first","13":"instock","14":"sale","15":"shipping-taxable","16":"purchasable","17":"product-type-simple"},"_links":{"self":[{"href":"https:\/\/roveyayinevi.com.tr\/index.php\/wp-json\/wp\/v2\/product\/771179","targetHints":{"allow":["GET"]}}],"collection":[{"href":"https:\/\/roveyayinevi.com.tr\/index.php\/wp-json\/wp\/v2\/product"}],"about":[{"href":"https:\/\/roveyayinevi.com.tr\/index.php\/wp-json\/wp\/v2\/types\/product"}],"wp:attachment":[{"href":"https:\/\/roveyayinevi.com.tr\/index.php\/wp-json\/wp\/v2\/media?parent=771179"}],"wp:term":[{"taxonomy":"product_brand","embeddable":true,"href":"https:\/\/roveyayinevi.com.tr\/index.php\/wp-json\/wp\/v2\/product_brand?post=771179"},{"taxonomy":"product_cat","embeddable":true,"href":"https:\/\/roveyayinevi.com.tr\/index.php\/wp-json\/wp\/v2\/product_cat?post=771179"},{"taxonomy":"product_tag","embeddable":true,"href":"https:\/\/roveyayinevi.com.tr\/index.php\/wp-json\/wp\/v2\/product_tag?post=771179"}],"curies":[{"name":"wp","href":"https:\/\/api.w.org\/{rel}","templated":true}]}}