{"id":771178,"date":"2025-08-28T14:56:34","date_gmt":"2025-08-28T11:56:34","guid":{"rendered":"https:\/\/roveyayinevi.com.tr\/index.php\/urun\/ertugrul-gazi-iz-birakanlar\/"},"modified":"2026-04-15T03:37:39","modified_gmt":"2026-04-15T00:37:39","slug":"ertugrul-gazi-iz-birakanlar","status":"publish","type":"product","link":"https:\/\/roveyayinevi.com.tr\/index.php\/urun\/ertugrul-gazi-iz-birakanlar\/","title":{"rendered":"Ertu\u011frul Gazi &#8211; \u0130z B\u0131rakanlar"},"content":{"rendered":"<p>Cesareti ve c\u00f6mertli\u011fiyle o\u011flu Osman Gazi\u2019ye \u00f6rnek olan Kay\u0131 Boyu\u2019nun lideri Ertu\u011frul Gazi\u2019yi daha yak\u0131ndan tan\u0131yaca\u011f\u0131n muhte\u015fem bir yolculu\u011fa \u00e7\u0131kmaya haz\u0131r m\u0131s\u0131n?Tarihte iz b\u0131rakan ger\u00e7ek kahramanlarla tan\u0131\u015fmak i\u00e7in sayfalar\u0131 \u00e7evirmeye ba\u015fla ve kat\u0131l aram\u0131za!<\/p>\n","protected":false},"excerpt":{"rendered":"<p>Cesareti ve c\u00f6mertli\u011fiyle o\u011flu Osman Gazi\u2019ye \u00f6rnek olan Kay\u0131 Boyu\u2019nun lideri Ertu\u011frul Gazi\u2019yi daha yak\u0131ndan tan\u0131yaca\u011f\u0131n muhte\u015fem bir yolculu\u011fa \u00e7\u0131kmaya haz\u0131r m\u0131s\u0131n?Tarihte iz b\u0131rakan ger\u00e7ek kahramanlarla<span class=\"excerpt-hellip\"> [\u2026]<\/span><\/p>\n","protected":false},"featured_media":0,"template":"","meta":{"_monsterinsights_skip_tracking":false,"_monsterinsights_sitenote_active":false,"_monsterinsights_sitenote_note":"","_monsterinsights_sitenote_category":0},"product_brand":[],"product_cat":[12274,12284],"product_tag":[],"class_list":{"0":"post-771178","1":"product","2":"type-product","3":"status-publish","5":"product_cat-cocuk-ve-genclik-kitaplari","6":"product_cat-hikayeler","7":"pa_cilt-ciltsiz","8":"pa_tur-kitap","9":"pa_yayinevi-yediveren-cocuk","10":"pa_yazar-eda-bayrak","12":"first","13":"instock","14":"sale","15":"shipping-taxable","16":"purchasable","17":"product-type-simple"},"_links":{"self":[{"href":"https:\/\/roveyayinevi.com.tr\/index.php\/wp-json\/wp\/v2\/product\/771178","targetHints":{"allow":["GET"]}}],"collection":[{"href":"https:\/\/roveyayinevi.com.tr\/index.php\/wp-json\/wp\/v2\/product"}],"about":[{"href":"https:\/\/roveyayinevi.com.tr\/index.php\/wp-json\/wp\/v2\/types\/product"}],"wp:attachment":[{"href":"https:\/\/roveyayinevi.com.tr\/index.php\/wp-json\/wp\/v2\/media?parent=771178"}],"wp:term":[{"taxonomy":"product_brand","embeddable":true,"href":"https:\/\/roveyayinevi.com.tr\/index.php\/wp-json\/wp\/v2\/product_brand?post=771178"},{"taxonomy":"product_cat","embeddable":true,"href":"https:\/\/roveyayinevi.com.tr\/index.php\/wp-json\/wp\/v2\/product_cat?post=771178"},{"taxonomy":"product_tag","embeddable":true,"href":"https:\/\/roveyayinevi.com.tr\/index.php\/wp-json\/wp\/v2\/product_tag?post=771178"}],"curies":[{"name":"wp","href":"https:\/\/api.w.org\/{rel}","templated":true}]}}