{"id":771176,"date":"2025-08-28T14:56:30","date_gmt":"2025-08-28T11:56:30","guid":{"rendered":"https:\/\/roveyayinevi.com.tr\/index.php\/urun\/doguyla-batinin-canakkale-macerasi\/"},"modified":"2026-04-15T03:37:39","modified_gmt":"2026-04-15T00:37:39","slug":"doguyla-batinin-canakkale-macerasi","status":"publish","type":"product","link":"https:\/\/roveyayinevi.com.tr\/index.php\/urun\/doguyla-batinin-canakkale-macerasi\/","title":{"rendered":"Do\u011fuyla Bat\u0131&#8217;n\u0131n \u00c7anakkale Maceras\u0131"},"content":{"rendered":"<p>Bizi \u0130stanbul maceralar\u0131m\u0131zdan hat\u0131rl\u0131yor olmal\u0131s\u0131n. Bu yaz tatilinde de yerimizde duramad\u0131k ve \u00c7anakkale&#8217;ye do\u011fru yola \u00e7\u0131kt\u0131k. \u00c7anakkale&#8217;yi kar\u0131\u015f kar\u0131\u015f gezerken pek \u00e7ok macera ya\u015fad\u0131k birbirinden ilgin\u00e7 insanlarla tan\u0131\u015ft\u0131k. Bir yandan gezimizi okurken, bir yandan da \u00c7anakkale ile ilgili senin i\u00e7in haz\u0131rlad\u0131\u011f\u0131m\u0131z oyunlar\u0131 oynayabilir,bulmacalar\u0131 ve testleri \u00e7\u00f6zebilir, hikayeleri okuyabilirsin. Bu sayede hem \u00c7anakkale&#8217;yi daha yak\u0131ndan tan\u0131yacak hem de keyifli vakit ge\u00e7irebileceksin.<\/p>\n","protected":false},"excerpt":{"rendered":"<p>Bizi \u0130stanbul maceralar\u0131m\u0131zdan hat\u0131rl\u0131yor olmal\u0131s\u0131n. Bu yaz tatilinde de yerimizde duramad\u0131k ve \u00c7anakkale&#8217;ye do\u011fru yola \u00e7\u0131kt\u0131k. \u00c7anakkale&#8217;yi kar\u0131\u015f kar\u0131\u015f gezerken pek \u00e7ok macera ya\u015fad\u0131k birbirinden ilgin\u00e7<span class=\"excerpt-hellip\"> [\u2026]<\/span><\/p>\n","protected":false},"featured_media":0,"template":"","meta":{"_monsterinsights_skip_tracking":false,"_monsterinsights_sitenote_active":false,"_monsterinsights_sitenote_note":"","_monsterinsights_sitenote_category":0},"product_brand":[],"product_cat":[12274,12284],"product_tag":[],"class_list":{"0":"post-771176","1":"product","2":"type-product","3":"status-publish","5":"product_cat-cocuk-ve-genclik-kitaplari","6":"product_cat-hikayeler","7":"pa_cilt-ciltsiz","8":"pa_tur-kitap","9":"pa_yayinevi-yediveren-cocuk","10":"pa_yazar-asena-meric","12":"first","13":"instock","14":"sale","15":"shipping-taxable","16":"purchasable","17":"product-type-simple"},"_links":{"self":[{"href":"https:\/\/roveyayinevi.com.tr\/index.php\/wp-json\/wp\/v2\/product\/771176","targetHints":{"allow":["GET"]}}],"collection":[{"href":"https:\/\/roveyayinevi.com.tr\/index.php\/wp-json\/wp\/v2\/product"}],"about":[{"href":"https:\/\/roveyayinevi.com.tr\/index.php\/wp-json\/wp\/v2\/types\/product"}],"wp:attachment":[{"href":"https:\/\/roveyayinevi.com.tr\/index.php\/wp-json\/wp\/v2\/media?parent=771176"}],"wp:term":[{"taxonomy":"product_brand","embeddable":true,"href":"https:\/\/roveyayinevi.com.tr\/index.php\/wp-json\/wp\/v2\/product_brand?post=771176"},{"taxonomy":"product_cat","embeddable":true,"href":"https:\/\/roveyayinevi.com.tr\/index.php\/wp-json\/wp\/v2\/product_cat?post=771176"},{"taxonomy":"product_tag","embeddable":true,"href":"https:\/\/roveyayinevi.com.tr\/index.php\/wp-json\/wp\/v2\/product_tag?post=771176"}],"curies":[{"name":"wp","href":"https:\/\/api.w.org\/{rel}","templated":true}]}}