{"id":771173,"date":"2025-08-28T14:56:24","date_gmt":"2025-08-28T11:56:24","guid":{"rendered":"https:\/\/roveyayinevi.com.tr\/index.php\/urun\/tapinak-sovalyeleri\/"},"modified":"2026-04-15T03:37:39","modified_gmt":"2026-04-15T00:37:39","slug":"tapinak-sovalyeleri","status":"publish","type":"product","link":"https:\/\/roveyayinevi.com.tr\/index.php\/urun\/tapinak-sovalyeleri\/","title":{"rendered":"Tap\u0131nak \u015e\u00f6valyeleri"},"content":{"rendered":"<p>\u0130lk ortaya \u00e7\u0131kt\u0131klar\u0131nda Kud\u00fcs&#8217;e hac\u0131 olmaya gelen Hristiyanlar\u0131 koruma iddias\u0131nda bulunan Tap\u0131nak \u015e\u00f6valyeleri, zaman i\u00e7inde \u00fclkelerin siyasi ve ekonomik politikalar\u0131n\u0131 etkileyen ve hatta belirleyen bir g\u00fcce nas\u0131l sahip olmu\u015flard\u0131? Gizli bir tarikat yap\u0131s\u0131na sahip olan Tap\u0131nak\u00e7\u0131lar, Kud\u00fcs&#8217;te S\u00fcleyman Mabedi alt\u0131nda bulunan dehlizlerde neler ile kar\u015f\u0131la\u015fm\u0131\u015flar ve kaz\u0131larda ele ge\u00e7irdikleri ile nas\u0131l t\u00fcm d\u00fcnyada b\u00fcy\u00fck etkiler olu\u015fturabilmi\u015flerdi? Avrupa&#8217;n\u0131n ve dolay\u0131s\u0131 ile t\u00fcm d\u00fcnyan\u0131n gidi\u015fat\u0131n\u0131 etkileyen, Orta \u00c7a\u011f&#8217;\u0131 \u015fekillendiren, muas\u0131rla\u015fma s\u00fcrecinde bir\u00e7ok k\u00fclt\u00fcre etkisi olan, krallara, devlet liderlerine kafa tutan bir g\u00fcce nas\u0131l eri\u015fmi\u015flerdi? Ha\u015fha\u015filerden kopyalad\u0131klar\u0131 bankac\u0131l\u0131k sistemi, Kud\u00fcs&#8217;te arad\u0131klar\u0131 Kutsal Ahit Sand\u0131\u011f\u0131 ve bulduklar\u0131 iddia edilen Kutsal K\u00e2se ile birlikte Avrupa&#8217;n\u0131n en zengini h\u00e2line gelen Tap\u0131nak\u00e7\u0131lar\u0131n tarihsel hik\u00e2yesi, \u015f\u00fcphesiz ba\u015f d\u00f6nd\u00fcren cinsten&#8230; Tap\u0131nak \u015e\u00f6valyeleri ile ilgili bir\u00e7ok sorunun cevab\u0131n\u0131 elinizde tuttu\u011funuz bu kitapta bulacaks\u0131n\u0131z. Tarihin gizemli sayfalar\u0131na g\u00f6z atmaya haz\u0131r m\u0131s\u0131n\u0131z?<\/p>\n","protected":false},"excerpt":{"rendered":"<p>\u0130lk ortaya \u00e7\u0131kt\u0131klar\u0131nda Kud\u00fcs&#8217;e hac\u0131 olmaya gelen Hristiyanlar\u0131 koruma iddias\u0131nda bulunan Tap\u0131nak \u015e\u00f6valyeleri, zaman i\u00e7inde \u00fclkelerin siyasi ve ekonomik politikalar\u0131n\u0131 etkileyen ve hatta belirleyen bir g\u00fcce<span class=\"excerpt-hellip\"> [\u2026]<\/span><\/p>\n","protected":false},"featured_media":0,"template":"","meta":{"_monsterinsights_skip_tracking":false,"_monsterinsights_sitenote_active":false,"_monsterinsights_sitenote_note":"","_monsterinsights_sitenote_category":0},"product_brand":[],"product_cat":[13590,12337],"product_tag":[],"class_list":{"0":"post-771173","1":"product","2":"type-product","3":"status-publish","5":"product_cat-arastirma-inceleme-politika-siyaset","6":"product_cat-politika-siyaset","7":"pa_cilt-ciltsiz","8":"pa_tur-kitap","9":"pa_yayinevi-eftalya-kitap","10":"pa_yazar-kursad-berkkan","12":"first","13":"instock","14":"sale","15":"shipping-taxable","16":"purchasable","17":"product-type-simple"},"_links":{"self":[{"href":"https:\/\/roveyayinevi.com.tr\/index.php\/wp-json\/wp\/v2\/product\/771173","targetHints":{"allow":["GET"]}}],"collection":[{"href":"https:\/\/roveyayinevi.com.tr\/index.php\/wp-json\/wp\/v2\/product"}],"about":[{"href":"https:\/\/roveyayinevi.com.tr\/index.php\/wp-json\/wp\/v2\/types\/product"}],"wp:attachment":[{"href":"https:\/\/roveyayinevi.com.tr\/index.php\/wp-json\/wp\/v2\/media?parent=771173"}],"wp:term":[{"taxonomy":"product_brand","embeddable":true,"href":"https:\/\/roveyayinevi.com.tr\/index.php\/wp-json\/wp\/v2\/product_brand?post=771173"},{"taxonomy":"product_cat","embeddable":true,"href":"https:\/\/roveyayinevi.com.tr\/index.php\/wp-json\/wp\/v2\/product_cat?post=771173"},{"taxonomy":"product_tag","embeddable":true,"href":"https:\/\/roveyayinevi.com.tr\/index.php\/wp-json\/wp\/v2\/product_tag?post=771173"}],"curies":[{"name":"wp","href":"https:\/\/api.w.org\/{rel}","templated":true}]}}