{"id":771172,"date":"2025-08-28T14:56:22","date_gmt":"2025-08-28T11:56:22","guid":{"rendered":"https:\/\/roveyayinevi.com.tr\/index.php\/urun\/annem-sag-olsun\/"},"modified":"2026-04-15T03:37:39","modified_gmt":"2026-04-15T00:37:39","slug":"annem-sag-olsun","status":"publish","type":"product","link":"https:\/\/roveyayinevi.com.tr\/index.php\/urun\/annem-sag-olsun\/","title":{"rendered":"Annem Sa\u011f Olsun"},"content":{"rendered":"<p>D\u00fcnyan\u0131n t\u00fcm kahr\u0131 ve t\u00fcm sevinci sanki annelerimizde bulu\u015fmu\u015ftur. Evlatlar\u0131 da onlar\u0131n yazg\u0131s\u0131na do\u011farlar. Bazen a\u015ft\u0131\u011f\u0131m\u0131z, bazen kabullendi\u011fimiz, bazen de\u011fi\u015ftirdi\u011fimiz yazg\u0131 ortakl\u0131\u011f\u0131d\u0131r bizimkisi. Ve ilk yarad\u0131l\u0131\u015f bilgimiz, annemizin kim oldu\u011fu bilgisi g\u00fcn olur bizim kim olaca\u011f\u0131m\u0131z\u0131 belirler. Simavl\u0131 Halise K\u00fc\u00e7\u00fckkaya\u2019n\u0131n bir mavi \u0131\u015f\u0131k gibi ans\u0131z\u0131n g\u00f6zden kaybolup gidi\u015finin ard\u0131ndan neredeyse bir y\u0131l ge\u00e7ti. Anne kayb\u0131, d\u00fcnyan\u0131n \u0131\u015f\u0131\u011f\u0131n\u0131n k\u0131s\u0131ld\u0131\u011f\u0131, yoklukla s\u0131nand\u0131\u011f\u0131m\u0131z, zeminsiz kald\u0131\u011f\u0131m\u0131z zamanlard\u0131r. \u0130smail K\u00fc\u00e7\u00fckkaya\u2019n\u0131n ekranlardan y\u0131llard\u0131r i\u00e7ten selamlad\u0131\u011f\u0131 ve ses verdi\u011fi \u201canne\u201d \u00e7a\u011fr\u0131s\u0131n\u0131n ard\u0131nda da Simavl\u0131 Halise Han\u0131m vard\u0131. \u00c7o\u011fu d\u00f6rt duvar aras\u0131nda yaln\u0131zl\u0131\u011f\u0131n yolda\u015f\u0131, ya\u015fam emek\u00e7isi annelerimizi her sabah ekrandan bizlere hat\u0131rlatan ve \u00f6ne \u00e7\u0131karan \u00e7a\u011fr\u0131n\u0131n ilham kayna\u011f\u0131 Halise Han\u0131m\u2019d\u0131. \u00c7\u00fcnk\u00fc o, erken ya\u015flarda ba\u015flayan \u00e7etin hayat m\u00fccadelesinden, \u00f6mr\u00fcn\u00fcn her an\u0131n\u0131 \u00e7ocuksu merak ve co\u015fkuyla kutsayan, ya\u015fam g\u00fcc\u00fc dev\u015firmi\u015f bir kad\u0131nd\u0131. \u0130\u015fte d\u00fcnyan\u0131n t\u00fcm kahr\u0131 ve t\u00fcm sevin\u00e7lerinin harman\u0131 olan bu kitap, Simavl\u0131 Halise K\u00fc\u00e7\u00fckkaya\u2019ya, annelerimize, \u0130smail K\u00fc\u00e7\u00fckkaya\u2019n\u0131n bitmeyen minnet ve \u015f\u00fckran\u0131n\u0131n ifadesi ve hik\u00e2yesidir. Nihal Kemalo\u011flu <\/p>\n","protected":false},"excerpt":{"rendered":"<p>D\u00fcnyan\u0131n t\u00fcm kahr\u0131 ve t\u00fcm sevinci sanki annelerimizde bulu\u015fmu\u015ftur. Evlatlar\u0131 da onlar\u0131n yazg\u0131s\u0131na do\u011farlar. Bazen a\u015ft\u0131\u011f\u0131m\u0131z, bazen kabullendi\u011fimiz, bazen de\u011fi\u015ftirdi\u011fimiz yazg\u0131 ortakl\u0131\u011f\u0131d\u0131r bizimkisi. Ve ilk yarad\u0131l\u0131\u015f<span class=\"excerpt-hellip\"> [\u2026]<\/span><\/p>\n","protected":false},"featured_media":0,"template":"","meta":{"_monsterinsights_skip_tracking":false,"_monsterinsights_sitenote_active":false,"_monsterinsights_sitenote_note":"","_monsterinsights_sitenote_category":0},"product_brand":[],"product_cat":[13701,12291],"product_tag":[],"class_list":{"0":"post-771172","1":"product","2":"type-product","3":"status-publish","5":"product_cat-ani-mektup-gunluk","6":"product_cat-edebiyat","7":"pa_cilt-ciltsiz","8":"pa_tur-kitap","9":"pa_yayinevi-kirmizi-kedi-yayinevi","10":"pa_yazar-ismail-kucukkaya","12":"first","13":"instock","14":"sale","15":"shipping-taxable","16":"purchasable","17":"product-type-simple"},"_links":{"self":[{"href":"https:\/\/roveyayinevi.com.tr\/index.php\/wp-json\/wp\/v2\/product\/771172","targetHints":{"allow":["GET"]}}],"collection":[{"href":"https:\/\/roveyayinevi.com.tr\/index.php\/wp-json\/wp\/v2\/product"}],"about":[{"href":"https:\/\/roveyayinevi.com.tr\/index.php\/wp-json\/wp\/v2\/types\/product"}],"wp:attachment":[{"href":"https:\/\/roveyayinevi.com.tr\/index.php\/wp-json\/wp\/v2\/media?parent=771172"}],"wp:term":[{"taxonomy":"product_brand","embeddable":true,"href":"https:\/\/roveyayinevi.com.tr\/index.php\/wp-json\/wp\/v2\/product_brand?post=771172"},{"taxonomy":"product_cat","embeddable":true,"href":"https:\/\/roveyayinevi.com.tr\/index.php\/wp-json\/wp\/v2\/product_cat?post=771172"},{"taxonomy":"product_tag","embeddable":true,"href":"https:\/\/roveyayinevi.com.tr\/index.php\/wp-json\/wp\/v2\/product_tag?post=771172"}],"curies":[{"name":"wp","href":"https:\/\/api.w.org\/{rel}","templated":true}]}}