{"id":771171,"date":"2025-08-28T14:56:20","date_gmt":"2025-08-28T11:56:20","guid":{"rendered":"https:\/\/roveyayinevi.com.tr\/index.php\/urun\/evliya-celebi\/"},"modified":"2026-04-12T03:28:33","modified_gmt":"2026-04-12T00:28:33","slug":"evliya-celebi","status":"publish","type":"product","link":"https:\/\/roveyayinevi.com.tr\/index.php\/urun\/evliya-celebi\/","title":{"rendered":"Evliya \u00c7elebi"},"content":{"rendered":"<p>Diyar diyar dola\u015farak kaleme ald\u0131\u011f\u0131 seyahatname ile ya\u015fad\u0131\u011f\u0131 d\u00f6neme \u0131\u015f\u0131k tutan Evliya \u00c7elebi\u2019yi daha yak\u0131ndan tan\u0131yaca\u011f\u0131n muhte\u015fem bir yolculu\u011fa \u00e7\u0131kmaya haz\u0131r m\u0131s\u0131n?Tarihte iz b\u0131rakan ger\u00e7ek kahramanlarla tan\u0131\u015fmak i\u00e7in sayfalar\u0131 \u00e7evirmeye ba\u015fla ve kat\u0131l aram\u0131za!<\/p>\n","protected":false},"excerpt":{"rendered":"<p>Diyar diyar dola\u015farak kaleme ald\u0131\u011f\u0131 seyahatname ile ya\u015fad\u0131\u011f\u0131 d\u00f6neme \u0131\u015f\u0131k tutan Evliya \u00c7elebi\u2019yi daha yak\u0131ndan tan\u0131yaca\u011f\u0131n muhte\u015fem bir yolculu\u011fa \u00e7\u0131kmaya haz\u0131r m\u0131s\u0131n?Tarihte iz b\u0131rakan ger\u00e7ek kahramanlarla<span class=\"excerpt-hellip\"> [\u2026]<\/span><\/p>\n","protected":false},"featured_media":0,"template":"","meta":{"_monsterinsights_skip_tracking":false,"_monsterinsights_sitenote_active":false,"_monsterinsights_sitenote_note":"","_monsterinsights_sitenote_category":0},"product_brand":[],"product_cat":[12274,12284],"product_tag":[],"class_list":{"0":"post-771171","1":"product","2":"type-product","3":"status-publish","5":"product_cat-cocuk-ve-genclik-kitaplari","6":"product_cat-hikayeler","7":"pa_cilt-ciltsiz","8":"pa_tur-kitap","9":"pa_yayinevi-yediveren-cocuk","10":"pa_yazar-eda-bayrak","12":"first","13":"instock","14":"sale","15":"shipping-taxable","16":"purchasable","17":"product-type-simple"},"_links":{"self":[{"href":"https:\/\/roveyayinevi.com.tr\/index.php\/wp-json\/wp\/v2\/product\/771171","targetHints":{"allow":["GET"]}}],"collection":[{"href":"https:\/\/roveyayinevi.com.tr\/index.php\/wp-json\/wp\/v2\/product"}],"about":[{"href":"https:\/\/roveyayinevi.com.tr\/index.php\/wp-json\/wp\/v2\/types\/product"}],"wp:attachment":[{"href":"https:\/\/roveyayinevi.com.tr\/index.php\/wp-json\/wp\/v2\/media?parent=771171"}],"wp:term":[{"taxonomy":"product_brand","embeddable":true,"href":"https:\/\/roveyayinevi.com.tr\/index.php\/wp-json\/wp\/v2\/product_brand?post=771171"},{"taxonomy":"product_cat","embeddable":true,"href":"https:\/\/roveyayinevi.com.tr\/index.php\/wp-json\/wp\/v2\/product_cat?post=771171"},{"taxonomy":"product_tag","embeddable":true,"href":"https:\/\/roveyayinevi.com.tr\/index.php\/wp-json\/wp\/v2\/product_tag?post=771171"}],"curies":[{"name":"wp","href":"https:\/\/api.w.org\/{rel}","templated":true}]}}