{"id":771170,"date":"2025-08-28T14:56:17","date_gmt":"2025-08-28T11:56:17","guid":{"rendered":"https:\/\/roveyayinevi.com.tr\/index.php\/urun\/savunma-makaminda-conan-doyle\/"},"modified":"2026-04-15T03:37:38","modified_gmt":"2026-04-15T00:37:38","slug":"savunma-makaminda-conan-doyle","status":"publish","type":"product","link":"https:\/\/roveyayinevi.com.tr\/index.php\/urun\/savunma-makaminda-conan-doyle\/","title":{"rendered":"Savunma Makam\u0131nda Conan Doyle"},"content":{"rendered":"<p>1908\u2019de varl\u0131kl\u0131 bir kad\u0131n Glasgow\u2019daki evinde vah\u015fice \u00f6ld\u00fcr\u00fcld\u00fc. Polis, apa\u00e7\u0131k masumiyetine ra\u011fmen Oscar Slater\u2019\u0131 tutuklad\u0131. Slater yarg\u0131land\u0131, mahk\u00fbm edildi ve ac\u0131mas\u0131z bir \u0130sko\u00e7 hapishanesinde \u00f6m\u00fcr boyu hapse \u00e7arpt\u0131r\u0131ld\u0131. Sherlock Holmes\u2019un yarat\u0131c\u0131s\u0131 olarak d\u00fcnya \u00e7ap\u0131nda tan\u0131nan Conan Doyle bu adaletsizli\u011fe \u00f6fkelenip davaya tak\u0131nt\u0131l\u0131 hale geldi. En \u00fcnl\u00fc karakterinin y\u00f6ntemlerini kullanarak duru\u015fma tutanaklar\u0131n\u0131, gazete haberlerini ve g\u00f6rg\u00fc tan\u0131klar\u0131n\u0131n ifadelerini ara\u015ft\u0131rd\u0131; say\u0131s\u0131z bo\u015flu\u011fu, tutars\u0131zl\u0131\u011f\u0131 ve polis ile savc\u0131lar\u0131n d\u00fcped\u00fcz uydurmalar\u0131n\u0131 titizlikle tespit etti. Peki, sonunda \u00e7al\u0131\u015fmalar\u0131 Slater\u2019\u0131 \u00f6zg\u00fcrl\u00fc\u011f\u00fcne kavu\u015fturabildi mi? Margalit Fox, Savunma Makam\u0131nda Conan Doyle\u2019da okurlar\u0131 Edward d\u00f6nemi su\u00e7 tespiti bilimine g\u00f6t\u00fcr\u00fcyor ve adli t\u0131p tarihinde refleksif \u00f6nyarg\u0131n\u0131n yerini ak\u0131l ve bilimsel y\u00f6ntemin almaya ba\u015flad\u0131\u011f\u0131 bir d\u00f6n\u00fcm noktas\u0131n\u0131 ayd\u0131nlat\u0131yor. <\/p>\n","protected":false},"excerpt":{"rendered":"<p>1908\u2019de varl\u0131kl\u0131 bir kad\u0131n Glasgow\u2019daki evinde vah\u015fice \u00f6ld\u00fcr\u00fcld\u00fc. Polis, apa\u00e7\u0131k masumiyetine ra\u011fmen Oscar Slater\u2019\u0131 tutuklad\u0131. Slater yarg\u0131land\u0131, mahk\u00fbm edildi ve ac\u0131mas\u0131z bir \u0130sko\u00e7 hapishanesinde \u00f6m\u00fcr boyu<span class=\"excerpt-hellip\"> [\u2026]<\/span><\/p>\n","protected":false},"featured_media":0,"template":"","meta":{"_monsterinsights_skip_tracking":false,"_monsterinsights_sitenote_active":false,"_monsterinsights_sitenote_note":"","_monsterinsights_sitenote_category":0},"product_brand":[],"product_cat":[12291,30969],"product_tag":[],"class_list":{"0":"post-771170","1":"product","2":"type-product","3":"status-publish","5":"product_cat-edebiyat","6":"product_cat-soylesi-edebiyat","7":"pa_cilt-ciltsiz","8":"pa_tur-kitap","9":"pa_yayinevi-sahi-kitap","10":"pa_yazar-margalit-fox","12":"first","13":"instock","14":"sale","15":"shipping-taxable","16":"purchasable","17":"product-type-simple"},"_links":{"self":[{"href":"https:\/\/roveyayinevi.com.tr\/index.php\/wp-json\/wp\/v2\/product\/771170","targetHints":{"allow":["GET"]}}],"collection":[{"href":"https:\/\/roveyayinevi.com.tr\/index.php\/wp-json\/wp\/v2\/product"}],"about":[{"href":"https:\/\/roveyayinevi.com.tr\/index.php\/wp-json\/wp\/v2\/types\/product"}],"wp:attachment":[{"href":"https:\/\/roveyayinevi.com.tr\/index.php\/wp-json\/wp\/v2\/media?parent=771170"}],"wp:term":[{"taxonomy":"product_brand","embeddable":true,"href":"https:\/\/roveyayinevi.com.tr\/index.php\/wp-json\/wp\/v2\/product_brand?post=771170"},{"taxonomy":"product_cat","embeddable":true,"href":"https:\/\/roveyayinevi.com.tr\/index.php\/wp-json\/wp\/v2\/product_cat?post=771170"},{"taxonomy":"product_tag","embeddable":true,"href":"https:\/\/roveyayinevi.com.tr\/index.php\/wp-json\/wp\/v2\/product_tag?post=771170"}],"curies":[{"name":"wp","href":"https:\/\/api.w.org\/{rel}","templated":true}]}}