{"id":771165,"date":"2025-08-28T14:56:07","date_gmt":"2025-08-28T11:56:07","guid":{"rendered":"https:\/\/roveyayinevi.com.tr\/index.php\/urun\/cikolata-tadinda-hikayeler\/"},"modified":"2026-04-03T03:29:22","modified_gmt":"2026-04-03T00:29:22","slug":"cikolata-tadinda-hikayeler","status":"publish","type":"product","link":"https:\/\/roveyayinevi.com.tr\/index.php\/urun\/cikolata-tadinda-hikayeler\/","title":{"rendered":"\u00c7ikolata Tad\u0131nda Hik\u00e2yeler"},"content":{"rendered":"<p>\u00c7ikolata Tad\u0131nda Hik\u00e2yeler&#8217;i okurken hem i\u00e7inizi \u0131s\u0131tacak hem de y\u00fcre\u011finize hi\u00e7 duymad\u0131\u011f\u0131n\u0131z hik\u00e2yelerle huzur verecek. \u0130\u00e7inizdeki \u015f\u00fck\u00fcr okyanusuna yeniden yelken a\u00e7t\u0131racak.Mutlu olmak i\u00e7in fazla kafa yormaya gerekmedi\u011fini,\u00c7ikolata Tad\u0131nda Hik\u00e2yeler&#8217;in her birinde ba\u015fka bir tat, ba\u015fka bir ders oldu\u011funu g\u00f6recek ve mutlulu\u011fun asl\u0131nda i\u00e7imizde uyanmay\u0131 bekleyen bir nefes oldu\u011funu fark edeceksiniz.\u0130\u00e7imizden birilerinin hayat\u0131ndan koparak gelen bu hikayeleri keyifle okuyacak ve dostlar\u0131n\u0131za tavsiye edeceksiniz!<\/p>\n","protected":false},"excerpt":{"rendered":"<p>\u00c7ikolata Tad\u0131nda Hik\u00e2yeler&#8217;i okurken hem i\u00e7inizi \u0131s\u0131tacak hem de y\u00fcre\u011finize hi\u00e7 duymad\u0131\u011f\u0131n\u0131z hik\u00e2yelerle huzur verecek. \u0130\u00e7inizdeki \u015f\u00fck\u00fcr okyanusuna yeniden yelken a\u00e7t\u0131racak.Mutlu olmak i\u00e7in fazla kafa yormaya<span class=\"excerpt-hellip\"> [\u2026]<\/span><\/p>\n","protected":false},"featured_media":0,"template":"","meta":{"_monsterinsights_skip_tracking":false,"_monsterinsights_sitenote_active":false,"_monsterinsights_sitenote_note":"","_monsterinsights_sitenote_category":0},"product_brand":[],"product_cat":[12291,12711],"product_tag":[],"class_list":{"0":"post-771165","1":"product","2":"type-product","3":"status-publish","5":"product_cat-edebiyat","6":"product_cat-roman-oyku","7":"pa_cilt-ciltsiz","8":"pa_tur-kitap","9":"pa_yayinevi-yediveren-yayinlari","10":"pa_yazar-akif-bayrak","12":"first","13":"instock","14":"sale","15":"shipping-taxable","16":"purchasable","17":"product-type-simple"},"_links":{"self":[{"href":"https:\/\/roveyayinevi.com.tr\/index.php\/wp-json\/wp\/v2\/product\/771165","targetHints":{"allow":["GET"]}}],"collection":[{"href":"https:\/\/roveyayinevi.com.tr\/index.php\/wp-json\/wp\/v2\/product"}],"about":[{"href":"https:\/\/roveyayinevi.com.tr\/index.php\/wp-json\/wp\/v2\/types\/product"}],"wp:attachment":[{"href":"https:\/\/roveyayinevi.com.tr\/index.php\/wp-json\/wp\/v2\/media?parent=771165"}],"wp:term":[{"taxonomy":"product_brand","embeddable":true,"href":"https:\/\/roveyayinevi.com.tr\/index.php\/wp-json\/wp\/v2\/product_brand?post=771165"},{"taxonomy":"product_cat","embeddable":true,"href":"https:\/\/roveyayinevi.com.tr\/index.php\/wp-json\/wp\/v2\/product_cat?post=771165"},{"taxonomy":"product_tag","embeddable":true,"href":"https:\/\/roveyayinevi.com.tr\/index.php\/wp-json\/wp\/v2\/product_tag?post=771165"}],"curies":[{"name":"wp","href":"https:\/\/api.w.org\/{rel}","templated":true}]}}