{"id":771163,"date":"2025-08-28T14:56:04","date_gmt":"2025-08-28T11:56:04","guid":{"rendered":"https:\/\/roveyayinevi.com.tr\/index.php\/urun\/canakkale-1915-bir-ulu-destan\/"},"modified":"2026-04-15T03:37:38","modified_gmt":"2026-04-15T00:37:38","slug":"canakkale-1915-bir-ulu-destan","status":"publish","type":"product","link":"https:\/\/roveyayinevi.com.tr\/index.php\/urun\/canakkale-1915-bir-ulu-destan\/","title":{"rendered":"\u00c7anakkale 1915 Bir Ulu Destan"},"content":{"rendered":"<p>Y\u0131l 1915\u2026Yer \u00c7anakkale\u2026Bu sene onlarca okul mezun veremeyecek!..Bu sene binlerce evlat kara toprakla bulu\u015facak!..Ve bu sene bast\u0131\u011f\u0131n\u0131z yer toprak de\u011fil, vatan kalbi olacak!..T\u00fcrk\u00fcn fedak\u00e2rl\u0131\u011f\u0131 ve sars\u0131lmaz inanc\u0131 bu cephede bir vatan yaratt\u0131.&#8221;T\u00fcrkler, \u00c7anakkale&#8217;yi zorlayan \u00e7a\u011f\u0131n\u0131n en ileri tekni\u011fine sahip g\u00fc\u00e7ler kar\u015f\u0131s\u0131na \u00e2deta bir kale gibi dikilmi\u015flerdir.&#8221;- Churchill&#8221;\u00c7anakkale Zaferi, T\u00fcrk askerinin ruh kudretini g\u00f6steren \u015fayan\u0131 hayret ve tebrik bir misaldir. Emin olmal\u0131s\u0131n\u0131z ki, \u00c7anakkale Muharebelerini kazand\u0131ran bu y\u00fcksek ruhtur.&#8221;- M. Kemal Atat\u00fcrk&#8221;\u00c7anakkale m\u00fcdafaas\u0131, \u00fc\u00e7 mucizeler muharebesidir: H\u00e2li kurtard\u0131; maziye hamaset ve azametini iade etti; vatan\u0131m\u0131z\u0131 bir vatan\u0131 ebed\u00ee yapt\u0131.&#8221;- Sami Pa\u015fazade Sezai&#8221;\u00c7anakkale Sava\u015flar\u0131, modern sava\u015f tarihinde birle\u015fik kara ve deniz sava\u015flar\u0131n ba\u015flang\u0131c\u0131 ve ilk \u00f6rne\u011fidir.&#8221;- Japon Prof. Dr. Em. Krg. Hideo Miki<\/p>\n","protected":false},"excerpt":{"rendered":"<p>Y\u0131l 1915\u2026Yer \u00c7anakkale\u2026Bu sene onlarca okul mezun veremeyecek!..Bu sene binlerce evlat kara toprakla bulu\u015facak!..Ve bu sene bast\u0131\u011f\u0131n\u0131z yer toprak de\u011fil, vatan kalbi olacak!..T\u00fcrk\u00fcn fedak\u00e2rl\u0131\u011f\u0131 ve sars\u0131lmaz<span class=\"excerpt-hellip\"> [\u2026]<\/span><\/p>\n","protected":false},"featured_media":0,"template":"","meta":{"_monsterinsights_skip_tracking":false,"_monsterinsights_sitenote_active":false,"_monsterinsights_sitenote_note":"","_monsterinsights_sitenote_category":0},"product_brand":[],"product_cat":[12304,13493],"product_tag":[],"class_list":{"0":"post-771163","1":"product","2":"type-product","3":"status-publish","5":"product_cat-tarih","6":"product_cat-turkiye-ve-cumhuriyet-tarihi","7":"pa_cilt-ciltsiz","8":"pa_tur-kitap","9":"pa_yayinevi-yediveren-yayinlari","10":"pa_yazar-mehmet-isik","12":"first","13":"instock","14":"sale","15":"shipping-taxable","16":"purchasable","17":"product-type-simple"},"_links":{"self":[{"href":"https:\/\/roveyayinevi.com.tr\/index.php\/wp-json\/wp\/v2\/product\/771163","targetHints":{"allow":["GET"]}}],"collection":[{"href":"https:\/\/roveyayinevi.com.tr\/index.php\/wp-json\/wp\/v2\/product"}],"about":[{"href":"https:\/\/roveyayinevi.com.tr\/index.php\/wp-json\/wp\/v2\/types\/product"}],"wp:attachment":[{"href":"https:\/\/roveyayinevi.com.tr\/index.php\/wp-json\/wp\/v2\/media?parent=771163"}],"wp:term":[{"taxonomy":"product_brand","embeddable":true,"href":"https:\/\/roveyayinevi.com.tr\/index.php\/wp-json\/wp\/v2\/product_brand?post=771163"},{"taxonomy":"product_cat","embeddable":true,"href":"https:\/\/roveyayinevi.com.tr\/index.php\/wp-json\/wp\/v2\/product_cat?post=771163"},{"taxonomy":"product_tag","embeddable":true,"href":"https:\/\/roveyayinevi.com.tr\/index.php\/wp-json\/wp\/v2\/product_tag?post=771163"}],"curies":[{"name":"wp","href":"https:\/\/api.w.org\/{rel}","templated":true}]}}